{"id":9518,"date":"2021-01-12T10:46:21","date_gmt":"2021-01-12T10:46:21","guid":{"rendered":"https:\/\/evebegalli.com\/?post_type=product&#038;p=9518"},"modified":"2021-01-12T16:04:29","modified_gmt":"2021-01-12T16:04:29","slug":"statuette-zoomorphe-nkisi-kongo-vili-republique-democratique-du-congo","status":"publish","type":"product","link":"https:\/\/evebegalli.com\/en\/product\/statuette-zoomorphe-nkisi-kongo-vili-republique-democratique-du-congo\/","title":{"rendered":"Statuette Zoomorphe Nkisi, Kongo Vili, R\u00e9publique D\u00e9mocratique du Congo"},"content":{"rendered":"<p><a name=\"v127\"><\/a><br \/>\n<div class=\"epyt-video-wrapper\"><iframe  id=\"_ytid_29830\"  width=\"1200\" height=\"675\"  data-origwidth=\"1200\" data-origheight=\"675\" src=\"https:\/\/www.youtube.com\/embed\/qn15gH2Gy2o?enablejsapi=1&autoplay=0&cc_load_policy=0&cc_lang_pref=&iv_load_policy=1&loop=0&rel=0&fs=1&playsinline=0&autohide=2&theme=dark&color=red&controls=1&disablekb=0&\" class=\"__youtube_prefs__  no-lazyload\" title=\"YouTube player\"  allow=\"fullscreen; accelerometer; autoplay; clipboard-write; encrypted-media; gyroscope; picture-in-picture; web-share\" referrerpolicy=\"strict-origin-when-cross-origin\" allowfullscreen data-no-lazy=\"1\" data-skipgform_ajax_framebjll=\"\"><\/iframe><\/div><\/p>\n<p><a name=\"c127\"><\/a><br \/>\n<div class=\"_df_book df-lite\" id=\"df_9561\"  _slug=\"catalogue-127-statuette-zoomorphe-nkisi-kongo-vili-republique-democratique-du-congo\" data-title=\"catalogue-127-statuette-zoomorphe-nkisi-kongo-vili-republique-democratique-du-congo\" wpoptions=\"true\" thumbtype=\"\" ><\/div><script class=\"df-shortcode-script\" nowprocket type=\"application\/javascript\">window.option_df_9561 = {\"outline\":[],\"autoEnableOutline\":\"false\",\"autoEnableThumbnail\":\"false\",\"overwritePDFOutline\":\"false\",\"direction\":\"1\",\"pageSize\":\"0\",\"source\":\"https:\\\/\\\/evebegalli.com\\\/wp-content\\\/uploads\\\/2021\\\/01\\\/127.pdf\",\"wpOptions\":\"true\"}; if(window.DFLIP && window.DFLIP.parseBooks){window.DFLIP.parseBooks();}<\/script><\/p>","protected":false},"excerpt":{"rendered":"<p>Superbe petit f\u00e9tiche repr\u00e9sentant un chien avec une charge dorsale ferm\u00e9e par un miroir, la gueule ouverte sur des dents taill\u00e9es et la langue pendante. Des tissus incrust\u00e9s de patine sacrificielle entourent le corps de l&rsquo;animal.<br \/>\nBelle patine brune du bois rehauss\u00e9e de pigments rouges, bleus et blancs. \u00a0Le chien visionnaire flaire les dangers et les forces n\u00e9gatives. Le r\u00f4le du miroir est celui de refl\u00e9ter \u00e0 la fois le monde r\u00e9el et une r\u00e9alit\u00e9 \u00ab\u00a0autre\u00a0\u00bb insaisissable qui n&rsquo;apparait pas aux yeux des cr\u00e9atures mortelles.<\/p>\n<p style=\"text-align: center;\"><a class=\"maxbutton-1 maxbutton maxbutton-regardez-la-video\" href=\"#v127\"><span class='mb-text'>GO TO THE VIDEO<\/span><\/a>\u00a0 \u00a0 \u00a0 \u00a0 \u00a0 <a class=\"maxbutton-3 maxbutton maxbutton-regardez-le-catalogue\" href=\"#c127\"><span class='mb-text'>GO TO THE CATALOG<\/span><\/a><\/p>\n<p><strong>Origin<\/strong><br \/>\nEx French collection<br \/>\nEve Begalli collection, Grenoble, acquired in 2019<\/p>","protected":false},"featured_media":9519,"template":"","meta":{"_exactmetrics_skip_tracking":false,"_exactmetrics_sitenote_active":false,"_exactmetrics_sitenote_note":"","_exactmetrics_sitenote_category":0,"neve_meta_sidebar":"","neve_meta_container":"","neve_meta_enable_content_width":"on","neve_meta_content_width":100,"neve_meta_title_alignment":"","neve_meta_author_avatar":"","neve_post_elements_order":"","neve_meta_disable_header":"","neve_meta_disable_footer":"","neve_meta_disable_title":"","_themeisle_gutenberg_block_has_review":false},"product_brand":[],"product_cat":[27],"product_tag":[],"class_list":{"0":"post-9518","1":"product","2":"type-product","3":"status-publish","4":"has-post-thumbnail","6":"product_cat-statues","7":"pa_dimensions-l-13cm","8":"pa_epoque-circa-1950","9":"pa_ethnie-kongo-vili","10":"pa_materiaux-bois-verre-tissus-pigments","11":"pa_materiaux-patine-sacrificielle","12":"pa_pays-r-d-du-congo","14":"first","15":"instock","16":"sold-individually","17":"taxable","18":"shipping-taxable","19":"purchasable","20":"product-type-simple","21":"add-to-wishlist-before_image"},"_links":{"self":[{"href":"https:\/\/evebegalli.com\/en\/wp-json\/wp\/v2\/product\/9518","targetHints":{"allow":["GET"]}}],"collection":[{"href":"https:\/\/evebegalli.com\/en\/wp-json\/wp\/v2\/product"}],"about":[{"href":"https:\/\/evebegalli.com\/en\/wp-json\/wp\/v2\/types\/product"}],"version-history":[{"count":0,"href":"https:\/\/evebegalli.com\/en\/wp-json\/wp\/v2\/product\/9518\/revisions"}],"wp:featuredmedia":[{"embeddable":true,"href":"https:\/\/evebegalli.com\/en\/wp-json\/wp\/v2\/media\/9519"}],"wp:attachment":[{"href":"https:\/\/evebegalli.com\/en\/wp-json\/wp\/v2\/media?parent=9518"}],"wp:term":[{"taxonomy":"product_brand","embeddable":true,"href":"https:\/\/evebegalli.com\/en\/wp-json\/wp\/v2\/product_brand?post=9518"},{"taxonomy":"product_cat","embeddable":true,"href":"https:\/\/evebegalli.com\/en\/wp-json\/wp\/v2\/product_cat?post=9518"},{"taxonomy":"product_tag","embeddable":true,"href":"https:\/\/evebegalli.com\/en\/wp-json\/wp\/v2\/product_tag?post=9518"}],"curies":[{"name":"wp","href":"https:\/\/api.w.org\/{rel}","templated":true}]}}