{"id":8908,"date":"2020-12-01T13:14:41","date_gmt":"2020-12-01T13:14:41","guid":{"rendered":"https:\/\/evebegalli.com\/?post_type=product&#038;p=8908"},"modified":"2021-03-28T19:38:09","modified_gmt":"2021-03-28T19:38:09","slug":"casque-senoufo-cote-divoire","status":"publish","type":"product","link":"https:\/\/evebegalli.com\/en\/product\/casque-senoufo-cote-divoire\/","title":{"rendered":"Senoufo Helmet, C\u00f4te d\u2019Ivoire"},"content":{"rendered":"<p><a name=\"v119\"><\/a><br \/>\n<div class=\"epyt-video-wrapper\"><iframe  id=\"_ytid_85762\"  width=\"1200\" height=\"675\"  data-origwidth=\"1200\" data-origheight=\"675\" src=\"https:\/\/www.youtube.com\/embed\/5l_VnVEgTPM?enablejsapi=1&autoplay=0&cc_load_policy=0&cc_lang_pref=&iv_load_policy=1&loop=0&rel=0&fs=1&playsinline=0&autohide=2&theme=dark&color=red&controls=1&disablekb=0&\" class=\"__youtube_prefs__  no-lazyload\" title=\"YouTube player\"  allow=\"fullscreen; accelerometer; autoplay; clipboard-write; encrypted-media; gyroscope; picture-in-picture; web-share\" referrerpolicy=\"strict-origin-when-cross-origin\" allowfullscreen data-no-lazy=\"1\" data-skipgform_ajax_framebjll=\"\"><\/iframe><\/div><\/p>\n<p><a name=\"c119\"><\/a><br \/>\n<div class=\"_df_book df-lite\" id=\"df_9157\"  _slug=\"catalogue-119-casque-senoufo-cote-divoire\" data-title=\"catalogue-119-casque-senoufo-cote-divoire\" wpoptions=\"true\" thumbtype=\"\" ><\/div><script class=\"df-shortcode-script\" nowprocket type=\"application\/javascript\">window.option_df_9157 = {\"outline\":[],\"autoEnableOutline\":\"false\",\"autoEnableThumbnail\":\"false\",\"overwritePDFOutline\":\"false\",\"direction\":\"1\",\"pageSize\":\"0\",\"source\":\"https:\\\/\\\/evebegalli.com\\\/wp-content\\\/uploads\\\/2020\\\/12\\\/119.pdf\",\"wpOptions\":\"true\"}; if(window.DFLIP && window.DFLIP.parseBooks){window.DFLIP.parseBooks();}<\/script><\/p>","protected":false},"excerpt":{"rendered":"<p>Rare wooden sculpture consisting of a hemispherical cap engraved with geometric symbols, from which emerges a beautiful hornbill head, mythical animal of the Senufo cosmogony, the primordial ancestor at the origin of the human race and of the sacred forest. This work is distinguished by the quality and nervousness of the clean cuts. The stretched neck extends into an oblong head, the eyes engraved, the very large beak curved downwards surmounted by that physical trait peculiar to hornbills called \"helmet\". The regular tool marks bring light to the shiny honey brown patina, a few incisions detailing here and there this work with pure lines. <em>\u00ab casque \u00bb<\/em>. Les traces d\u2019outil r\u00e9guli\u00e8res font jouer la lumi\u00e8re sur la patine brune miel brillante, quelques incisions d\u00e9taillant \u00e7a et l\u00e0 cette \u0153uvre aux lignes pures.<\/p>\n<p style=\"text-align: center;\"><a href=\"#v119\">GO TO THE VIDEO<\/a><\/p>\n<p style=\"text-align: center;\"><a href=\"#c119\">GO TO THE CATALOG<\/a><\/p>\n<p><strong>Origin<\/strong><br \/>\nEx French collection<\/p>","protected":false},"featured_media":8917,"template":"","meta":{"_exactmetrics_skip_tracking":false,"_exactmetrics_sitenote_active":false,"_exactmetrics_sitenote_note":"","_exactmetrics_sitenote_category":0,"neve_meta_sidebar":"","neve_meta_container":"","neve_meta_enable_content_width":"on","neve_meta_content_width":100,"neve_meta_title_alignment":"","neve_meta_author_avatar":"","neve_post_elements_order":"","neve_meta_disable_header":"","neve_meta_disable_footer":"","neve_meta_disable_title":"","_themeisle_gutenberg_block_has_review":false},"product_brand":[],"product_cat":[26,27],"product_tag":[],"class_list":{"0":"post-8908","1":"product","2":"type-product","3":"status-publish","4":"has-post-thumbnail","6":"product_cat-masques","7":"product_cat-statues","8":"pa_dimensions-h-28cm","9":"pa_epoque-circa-1940","10":"pa_ethnie-senoufo","11":"pa_materiaux-bois","12":"pa_pays-cote-divoire","14":"first","15":"outofstock","16":"sold-individually","17":"taxable","18":"shipping-taxable","19":"product-type-simple","20":"add-to-wishlist-before_image"},"_links":{"self":[{"href":"https:\/\/evebegalli.com\/en\/wp-json\/wp\/v2\/product\/8908","targetHints":{"allow":["GET"]}}],"collection":[{"href":"https:\/\/evebegalli.com\/en\/wp-json\/wp\/v2\/product"}],"about":[{"href":"https:\/\/evebegalli.com\/en\/wp-json\/wp\/v2\/types\/product"}],"version-history":[{"count":0,"href":"https:\/\/evebegalli.com\/en\/wp-json\/wp\/v2\/product\/8908\/revisions"}],"wp:featuredmedia":[{"embeddable":true,"href":"https:\/\/evebegalli.com\/en\/wp-json\/wp\/v2\/media\/8917"}],"wp:attachment":[{"href":"https:\/\/evebegalli.com\/en\/wp-json\/wp\/v2\/media?parent=8908"}],"wp:term":[{"taxonomy":"product_brand","embeddable":true,"href":"https:\/\/evebegalli.com\/en\/wp-json\/wp\/v2\/product_brand?post=8908"},{"taxonomy":"product_cat","embeddable":true,"href":"https:\/\/evebegalli.com\/en\/wp-json\/wp\/v2\/product_cat?post=8908"},{"taxonomy":"product_tag","embeddable":true,"href":"https:\/\/evebegalli.com\/en\/wp-json\/wp\/v2\/product_tag?post=8908"}],"curies":[{"name":"wp","href":"https:\/\/api.w.org\/{rel}","templated":true}]}}