{"id":8751,"date":"2020-11-26T21:25:51","date_gmt":"2020-11-26T21:25:51","guid":{"rendered":"https:\/\/evebegalli.com\/?post_type=product&#038;p=8751"},"modified":"2022-08-19T15:49:26","modified_gmt":"2022-08-19T15:49:26","slug":"cimier-ci-wara-bamana-mali","status":"publish","type":"product","link":"https:\/\/evebegalli.com\/en\/product\/cimier-ci-wara-bamana-mali\/","title":{"rendered":"Cimier Ci-Wara Bamana, Mali"},"content":{"rendered":"<p><a name=\"v114\"><\/a><br \/>\n<div class=\"epyt-video-wrapper\"><iframe  id=\"_ytid_53996\"  width=\"1200\" height=\"675\"  data-origwidth=\"1200\" data-origheight=\"675\" src=\"https:\/\/www.youtube.com\/embed\/zM55j1QMnsE?enablejsapi=1&autoplay=0&cc_load_policy=0&cc_lang_pref=&iv_load_policy=1&loop=0&rel=0&fs=1&playsinline=0&autohide=2&theme=dark&color=red&controls=1&disablekb=0&\" class=\"__youtube_prefs__  no-lazyload\" title=\"YouTube player\"  allow=\"fullscreen; accelerometer; autoplay; clipboard-write; encrypted-media; gyroscope; picture-in-picture; web-share\" referrerpolicy=\"strict-origin-when-cross-origin\" allowfullscreen data-no-lazy=\"1\" data-skipgform_ajax_framebjll=\"\"><\/iframe><\/div><\/p>\n<p><a name=\"c114\"><\/a><br \/>\n<div class=\"_df_book df-lite\" id=\"df_9046\"  _slug=\"catalogue-114-cimier-ci-wara-bamana-mali\" data-title=\"catalogue-114-cimier-ci-wara-bamana-mali\" wpoptions=\"true\" thumbtype=\"\" ><\/div><script class=\"df-shortcode-script\" nowprocket type=\"application\/javascript\">window.option_df_9046 = {\"outline\":[],\"autoEnableOutline\":\"false\",\"autoEnableThumbnail\":\"false\",\"overwritePDFOutline\":\"false\",\"direction\":\"1\",\"pageSize\":\"0\",\"source\":\"https:\\\/\\\/evebegalli.com\\\/wp-content\\\/uploads\\\/2020\\\/12\\\/114.pdf\",\"wpOptions\":\"true\"}; if(window.DFLIP && window.DFLIP.parseBooks){window.DFLIP.parseBooks();}<\/script><\/p>","protected":false},"excerpt":{"rendered":"<p>Cimier de danse de la soci\u00e9t\u00e9 initiatique \u00ab<em>\u202fCi wara<\/em>\u202f\u00bb li\u00e9e aux rites agraires, symbolisant un hippotragus, antilope-cheval, aux belles formes \u00e9pur\u00e9es dans le style de la r\u00e9gion de Sikasso. Les volumes de la sculpture sont parfaitement \u00e9quilibr\u00e9s: un corps compacte au courtes pattes,\u00a0un long cou en diagonal et la t\u00eate allong\u00e9e qui jouent de contrepoids \u00e0 la masse de l&rsquo;animal et les longues cornes qui s&rsquo;\u00e9l\u00e8vent \u00e0 la verticale. La sommit\u00e9 des cornes est recouverte de cordelettes. Les oreilles et le museau perc\u00e9 indiquent des ornements disparus avec le temps. Sur sa base sont pr\u00e9sent quatre trous pour fixer la sculpture sur un bonnet en osier. Tr\u00e8s belle patine noire rouge\u00e2tre par endroits.<\/p>\n<p style=\"text-align: center;\"><a href=\"#v114\">GO TO THE VIDEO<\/a><\/p>\n<p style=\"text-align: center;\"><a href=\"#c114\">GO TO THE CATALOG<\/a><\/p>\n<p><strong>Origin<\/strong><br \/>\nEx French collection<\/p>","protected":false},"featured_media":8758,"template":"","meta":{"_exactmetrics_skip_tracking":false,"_exactmetrics_sitenote_active":false,"_exactmetrics_sitenote_note":"","_exactmetrics_sitenote_category":0,"neve_meta_sidebar":"","neve_meta_container":"","neve_meta_enable_content_width":"on","neve_meta_content_width":100,"neve_meta_title_alignment":"","neve_meta_author_avatar":"","neve_post_elements_order":"","neve_meta_disable_header":"","neve_meta_disable_footer":"","neve_meta_disable_title":"","_themeisle_gutenberg_block_has_review":false},"product_brand":[],"product_cat":[26,27],"product_tag":[],"class_list":{"0":"post-8751","1":"product","2":"type-product","3":"status-publish","4":"has-post-thumbnail","6":"product_cat-masques","7":"product_cat-statues","8":"pa_dimensions-h-44cm","9":"pa_epoque-circa-1960","10":"pa_ethnie-bamana","11":"pa_materiaux-bois","12":"pa_materiaux-cordelettes","13":"pa_pays-mali","15":"first","16":"outofstock","17":"sold-individually","18":"taxable","19":"shipping-taxable","20":"product-type-simple","21":"add-to-wishlist-before_image"},"_links":{"self":[{"href":"https:\/\/evebegalli.com\/en\/wp-json\/wp\/v2\/product\/8751","targetHints":{"allow":["GET"]}}],"collection":[{"href":"https:\/\/evebegalli.com\/en\/wp-json\/wp\/v2\/product"}],"about":[{"href":"https:\/\/evebegalli.com\/en\/wp-json\/wp\/v2\/types\/product"}],"version-history":[{"count":0,"href":"https:\/\/evebegalli.com\/en\/wp-json\/wp\/v2\/product\/8751\/revisions"}],"wp:featuredmedia":[{"embeddable":true,"href":"https:\/\/evebegalli.com\/en\/wp-json\/wp\/v2\/media\/8758"}],"wp:attachment":[{"href":"https:\/\/evebegalli.com\/en\/wp-json\/wp\/v2\/media?parent=8751"}],"wp:term":[{"taxonomy":"product_brand","embeddable":true,"href":"https:\/\/evebegalli.com\/en\/wp-json\/wp\/v2\/product_brand?post=8751"},{"taxonomy":"product_cat","embeddable":true,"href":"https:\/\/evebegalli.com\/en\/wp-json\/wp\/v2\/product_cat?post=8751"},{"taxonomy":"product_tag","embeddable":true,"href":"https:\/\/evebegalli.com\/en\/wp-json\/wp\/v2\/product_tag?post=8751"}],"curies":[{"name":"wp","href":"https:\/\/api.w.org\/{rel}","templated":true}]}}