{"id":8640,"date":"2020-11-23T20:24:46","date_gmt":"2020-11-23T20:24:46","guid":{"rendered":"https:\/\/evebegalli.com\/?post_type=product&#038;p=8640"},"modified":"2023-08-20T13:20:25","modified_gmt":"2023-08-20T13:20:25","slug":"statuette-jumeau-ibeji-colon-yoruba-nigeria","status":"publish","type":"product","link":"https:\/\/evebegalli.com\/en\/product\/statuette-jumeau-ibeji-colon-yoruba-nigeria\/","title":{"rendered":"Statuette Jumeau Ibeji Yoruba, Nigeria"},"content":{"rendered":"<p><a name=\"v110\"><\/a><br \/>\n<div class=\"epyt-video-wrapper\"><iframe  id=\"_ytid_41691\"  width=\"1200\" height=\"675\"  data-origwidth=\"1200\" data-origheight=\"675\" src=\"https:\/\/www.youtube.com\/embed\/hpj5rMxS9b0?enablejsapi=1&autoplay=0&cc_load_policy=0&cc_lang_pref=&iv_load_policy=1&loop=0&rel=0&fs=1&playsinline=0&autohide=2&theme=dark&color=red&controls=1&disablekb=0&\" class=\"__youtube_prefs__  no-lazyload\" title=\"YouTube player\"  allow=\"fullscreen; accelerometer; autoplay; clipboard-write; encrypted-media; gyroscope; picture-in-picture; web-share\" referrerpolicy=\"strict-origin-when-cross-origin\" allowfullscreen data-no-lazy=\"1\" data-skipgform_ajax_framebjll=\"\"><\/iframe><\/div><\/p>\n<p><a name=\"c110\"><\/a><br \/>\n<div class=\"_df_book df-lite\" id=\"df_9014\"  _slug=\"catalogue-110-statuette-jumeau-ibeji-yoruba-nigeria\" data-title=\"catalogue-110-statuette-jumeau-ibeji-yoruba-nigeria\" wpoptions=\"true\" thumbtype=\"\" ><\/div><script class=\"df-shortcode-script\" nowprocket type=\"application\/javascript\">window.option_df_9014 = {\"outline\":[],\"autoEnableOutline\":\"false\",\"autoEnableThumbnail\":\"false\",\"overwritePDFOutline\":\"false\",\"direction\":\"1\",\"pageSize\":\"0\",\"source\":\"https:\\\/\\\/evebegalli.com\\\/wp-content\\\/uploads\\\/2020\\\/12\\\/110.pdf\",\"wpOptions\":\"true\"}; if(window.DFLIP && window.DFLIP.parseBooks){window.DFLIP.parseBooks();}<\/script><\/p>","protected":false},"excerpt":{"rendered":"<p>Effigie masculine Yoruba inscrite sur un socle circulaire. Le visage aux traits anguleux, tr\u00e8s finement model\u00e9s, est marqu\u00e9 par la douceur de l\u2019expression. Trois scarifications verticales ornent chaque joue. La ligne continue des sourcils s\u2019abaissant \u00e0 la naissance du nez \u00e0 l&rsquo;ar\u00eate saillante, surmonte des grands yeux en amande sculpt\u00e9s dans des orbites profondes. Les \u00e9paules en angle droit et les longs bras entourent le buste. Toute la sculpture est taill\u00e9e en coupes franches. Les traces d\u2019outil r\u00e9guli\u00e8res font jouer la lumi\u00e8re sur la patine brune. Belle coiffure en mitre soigneusement sculpt\u00e9e, sur laquelle sont encore pr\u00e9sents les restes de pigment bleu indigo. Tr\u00e8s belle patine brune et restes de camwood solidifi\u00e9.<\/p>\n<p style=\"text-align: center;\"><a href=\"#v110\">GO TO THE VIDEO<\/a><\/p>\n<p style=\"text-align: center;\"><a href=\"#c110\">GO TO THE CATALOG<\/a><\/p>\n<p><strong>Origin<\/strong><br \/>\nEx French collection<\/p>","protected":false},"featured_media":8644,"template":"","meta":{"_exactmetrics_skip_tracking":false,"_exactmetrics_sitenote_active":false,"_exactmetrics_sitenote_note":"","_exactmetrics_sitenote_category":0,"neve_meta_sidebar":"","neve_meta_container":"","neve_meta_enable_content_width":"on","neve_meta_content_width":100,"neve_meta_title_alignment":"","neve_meta_author_avatar":"","neve_post_elements_order":"","neve_meta_disable_header":"","neve_meta_disable_footer":"","neve_meta_disable_title":"","_themeisle_gutenberg_block_has_review":false},"product_brand":[],"product_cat":[27],"product_tag":[],"class_list":{"0":"post-8640","1":"product","2":"type-product","3":"status-publish","4":"has-post-thumbnail","6":"product_cat-statues","7":"pa_dimensions-h-30-cm","8":"pa_epoque-circa-1970","9":"pa_ethnie-yoruba","10":"pa_materiaux-bois-pigments","11":"pa_pays-nigeria","13":"first","14":"outofstock","15":"sold-individually","16":"taxable","17":"shipping-taxable","18":"product-type-simple","19":"add-to-wishlist-before_image"},"_links":{"self":[{"href":"https:\/\/evebegalli.com\/en\/wp-json\/wp\/v2\/product\/8640","targetHints":{"allow":["GET"]}}],"collection":[{"href":"https:\/\/evebegalli.com\/en\/wp-json\/wp\/v2\/product"}],"about":[{"href":"https:\/\/evebegalli.com\/en\/wp-json\/wp\/v2\/types\/product"}],"version-history":[{"count":1,"href":"https:\/\/evebegalli.com\/en\/wp-json\/wp\/v2\/product\/8640\/revisions"}],"predecessor-version":[{"id":16182,"href":"https:\/\/evebegalli.com\/en\/wp-json\/wp\/v2\/product\/8640\/revisions\/16182"}],"wp:featuredmedia":[{"embeddable":true,"href":"https:\/\/evebegalli.com\/en\/wp-json\/wp\/v2\/media\/8644"}],"wp:attachment":[{"href":"https:\/\/evebegalli.com\/en\/wp-json\/wp\/v2\/media?parent=8640"}],"wp:term":[{"taxonomy":"product_brand","embeddable":true,"href":"https:\/\/evebegalli.com\/en\/wp-json\/wp\/v2\/product_brand?post=8640"},{"taxonomy":"product_cat","embeddable":true,"href":"https:\/\/evebegalli.com\/en\/wp-json\/wp\/v2\/product_cat?post=8640"},{"taxonomy":"product_tag","embeddable":true,"href":"https:\/\/evebegalli.com\/en\/wp-json\/wp\/v2\/product_tag?post=8640"}],"curies":[{"name":"wp","href":"https:\/\/api.w.org\/{rel}","templated":true}]}}