{"id":8533,"date":"2020-11-22T13:45:10","date_gmt":"2020-11-22T13:45:10","guid":{"rendered":"https:\/\/evebegalli.com\/?post_type=product&#038;p=8533"},"modified":"2020-12-08T20:09:10","modified_gmt":"2020-12-08T20:09:10","slug":"cimier-boki-cross-river-nigeria","status":"publish","type":"product","link":"https:\/\/evebegalli.com\/en\/product\/cimier-boki-cross-river-nigeria\/","title":{"rendered":"Cimier Boki, Cross River, Nigeria"},"content":{"rendered":"<div class=\"epyt-video-wrapper\"><iframe  id=\"_ytid_92501\"  width=\"1200\" height=\"675\"  data-origwidth=\"1200\" data-origheight=\"675\" src=\"https:\/\/www.youtube.com\/embed\/gE24n2GEAgA?enablejsapi=1&autoplay=0&cc_load_policy=0&cc_lang_pref=&iv_load_policy=1&loop=0&rel=0&fs=1&playsinline=0&autohide=2&theme=dark&color=red&controls=1&disablekb=0&\" class=\"__youtube_prefs__  no-lazyload\" title=\"YouTube player\"  allow=\"fullscreen; accelerometer; autoplay; clipboard-write; encrypted-media; gyroscope; picture-in-picture; web-share\" referrerpolicy=\"strict-origin-when-cross-origin\" allowfullscreen data-no-lazy=\"1\" data-skipgform_ajax_framebjll=\"\"><\/iframe><\/div>","protected":false},"excerpt":{"rendered":"<p>Magnifique masque cimier de danse attribu\u00e9 au peuple Boki vivant sur le cours nord de la Cross River. Le visage humain est sculpt\u00e9 d&rsquo;une mani\u00e8re tr\u00e8s r\u00e9aliste avec un travail de taille de tr\u00e8s grande qualit\u00e9. Les grands yeux pro\u00e9minents en amande sculpt\u00e9s dans des orbites profondes, les pommettes saillantes, le nez au model\u00e9 subtil et la bouche ouverte sur une double rang\u00e9e de dents en m\u00e9tal, contribuent \u00e0 la puissance de l\u2019expression. Des scarifications caract\u00e9ristiques des Boki agr\u00e9mentent le visage: sur les tempes, deux lignes de ch\u00e9lo\u00efdes &#8211; en \u00e9chelle -partent de l&rsquo;\u0153il vers l&rsquo;oreille, une autre se place entre les sourcils. La belle coiffe est constitu\u00e9e de rang\u00e9es de petites bouclettes sculpt\u00e9es dans la masse, une belle corne torsad\u00e9es \u00e9mergeant au sommet de la t\u00eate et deux larges tenons \u00e0 l&rsquo;avant de la corne. Les trous pr\u00e9sents \u00e0 la base du cimier permettaient d&rsquo;accrocher une vannerie pour son maintien sur la t\u00eate du danseur. Ce type de masque cimier appartient \u00e0 un style dit \u00ab archa\u00efque \u00bb d&rsquo;o\u00f9 l&rsquo;absence de peau d&rsquo;animal recouvrant le masque, la pr\u00e9sence de scarifications similaires \u00e0 celles observ\u00e9es sur les monolithes Ejagham dat\u00e9s du XVIe si\u00e8cle et la pr\u00e9sence de dents en m\u00e9tal ins\u00e9r\u00e9es dans la bouche. Ces masques sont port\u00e9s lors de c\u00e9r\u00e9monies de deuils plusieurs mois apr\u00e8s le d\u00e9c\u00e8s d&rsquo;un membre de la soci\u00e9t\u00e9 des guerriers.<br \/>\nTr\u00e8s belle patine nuanc\u00e9e brun rouge rehauss\u00e9e de noir recr\u00e9ant un effet cuir.<\/p>\n<p><strong>Origin<\/strong><br \/>\nEx French collection<\/p>","protected":false},"featured_media":8536,"template":"","meta":{"_exactmetrics_skip_tracking":false,"_exactmetrics_sitenote_active":false,"_exactmetrics_sitenote_note":"","_exactmetrics_sitenote_category":0,"neve_meta_sidebar":"","neve_meta_container":"","neve_meta_enable_content_width":"on","neve_meta_content_width":100,"neve_meta_title_alignment":"","neve_meta_author_avatar":"","neve_post_elements_order":"","neve_meta_disable_header":"","neve_meta_disable_footer":"","neve_meta_disable_title":"","_themeisle_gutenberg_block_has_review":false},"product_brand":[],"product_cat":[26,27],"product_tag":[],"class_list":{"0":"post-8533","1":"product","2":"type-product","3":"status-publish","4":"has-post-thumbnail","6":"product_cat-masques","7":"product_cat-statues","8":"pa_dimensions-h-39cm","9":"pa_epoque-premier-tiers-du-xxeme-siecle-2","10":"pa_ethnie-boki","11":"pa_materiaux-bois","12":"pa_pays-nigeria","14":"first","15":"outofstock","16":"sold-individually","17":"taxable","18":"shipping-taxable","19":"product-type-simple","20":"add-to-wishlist-before_image"},"_links":{"self":[{"href":"https:\/\/evebegalli.com\/en\/wp-json\/wp\/v2\/product\/8533","targetHints":{"allow":["GET"]}}],"collection":[{"href":"https:\/\/evebegalli.com\/en\/wp-json\/wp\/v2\/product"}],"about":[{"href":"https:\/\/evebegalli.com\/en\/wp-json\/wp\/v2\/types\/product"}],"version-history":[{"count":0,"href":"https:\/\/evebegalli.com\/en\/wp-json\/wp\/v2\/product\/8533\/revisions"}],"wp:featuredmedia":[{"embeddable":true,"href":"https:\/\/evebegalli.com\/en\/wp-json\/wp\/v2\/media\/8536"}],"wp:attachment":[{"href":"https:\/\/evebegalli.com\/en\/wp-json\/wp\/v2\/media?parent=8533"}],"wp:term":[{"taxonomy":"product_brand","embeddable":true,"href":"https:\/\/evebegalli.com\/en\/wp-json\/wp\/v2\/product_brand?post=8533"},{"taxonomy":"product_cat","embeddable":true,"href":"https:\/\/evebegalli.com\/en\/wp-json\/wp\/v2\/product_cat?post=8533"},{"taxonomy":"product_tag","embeddable":true,"href":"https:\/\/evebegalli.com\/en\/wp-json\/wp\/v2\/product_tag?post=8533"}],"curies":[{"name":"wp","href":"https:\/\/api.w.org\/{rel}","templated":true}]}}