{"id":8504,"date":"2020-11-22T10:31:18","date_gmt":"2020-11-22T10:31:18","guid":{"rendered":"https:\/\/evebegalli.com\/?post_type=product&#038;p=8504"},"modified":"2021-01-26T17:41:43","modified_gmt":"2021-01-26T17:41:43","slug":"statue-masculine-baoule-cote-divoire-3","status":"publish","type":"product","link":"https:\/\/evebegalli.com\/en\/product\/statue-masculine-baoule-cote-divoire-3\/","title":{"rendered":"Statue Masculine Baoule, C\u00f4te d&rsquo;Ivoire"},"content":{"rendered":"<div class=\"epyt-video-wrapper\"><iframe  id=\"_ytid_58985\"  width=\"1200\" height=\"675\"  data-origwidth=\"1200\" data-origheight=\"675\" src=\"https:\/\/www.youtube.com\/embed\/MdPwsUQiCYM?enablejsapi=1&autoplay=0&cc_load_policy=0&cc_lang_pref=&iv_load_policy=1&loop=0&rel=0&fs=1&playsinline=0&autohide=2&theme=dark&color=red&controls=1&disablekb=0&\" class=\"__youtube_prefs__  no-lazyload\" title=\"YouTube player\"  allow=\"fullscreen; accelerometer; autoplay; clipboard-write; encrypted-media; gyroscope; picture-in-picture; web-share\" referrerpolicy=\"strict-origin-when-cross-origin\" allowfullscreen data-no-lazy=\"1\" data-skipgform_ajax_framebjll=\"\"><\/iframe><\/div>","protected":false},"excerpt":{"rendered":"<p>Belle effigie masculine au corps puissant debout sur un pi\u00e9destal, les bras fl\u00e9chis tenant une coupe entre ses mains.\u00a0 Le visage, d&rsquo;une grande profondeur, inscrit dans un c\u0153ur est marqu\u00e9 d&rsquo;yeux en amande teint\u00e9s aux pupilles et aux grandes paupi\u00e8res . Les sourcils \u00e9pais sont l\u00e9g\u00e8rement asym\u00e9triques. Le nez fin et \u00e9vas\u00e9, surmonte une bouche au jolies l\u00e8vres ourl\u00e9es. La coiffure \u00e0 laquelle les Baoul\u00e9 accordent une grande importance, est organis\u00e9e en \u00a0 de multiples coques de fines m\u00e8ches et nattes minutieusement sculpt\u00e9es. La barbe aussi est soign\u00e9e. On notera la grande d\u00e9licatesse de sculpture, le visage, le cou et le corps sont parcourus de fines scarifications g\u00e9om\u00e9triques. Le buste \u00e9tir\u00e9 est marqu\u00e9 au dos d&rsquo;un profond creux spinal, le model\u00e9 des pectoraux r\u00e9pondant \u00e0 l&rsquo;arrondi des omoplates clairement dessin\u00e9s. Les jambes galb\u00e9es camp\u00e9s sur des pieds aux phalanges marqu\u00e9es, soutiennent un fessier arrondi. Le corps dans son ensemble est en l\u00e9g\u00e8re inflexion vers l&rsquo;avant. La taille est entour\u00e9e par un pagne en tissus jaune et bleu. Des colliers en perles de verre anciennes ornent le cou du personnage et des bracelets sculptent les biceps.<br \/>\nBelle patine d&rsquo;un noir profond, brillante par endroits avec des traces de kaolin, notamment dans la coupe, les yeux, les pieds \u2026<\/p>\n<p><strong>Origin<\/strong><br \/>\nEx French collection<\/p>","protected":false},"featured_media":8520,"template":"","meta":{"_exactmetrics_skip_tracking":false,"_exactmetrics_sitenote_active":false,"_exactmetrics_sitenote_note":"","_exactmetrics_sitenote_category":0,"neve_meta_sidebar":"","neve_meta_container":"","neve_meta_enable_content_width":"on","neve_meta_content_width":100,"neve_meta_title_alignment":"","neve_meta_author_avatar":"","neve_post_elements_order":"","neve_meta_disable_header":"","neve_meta_disable_footer":"","neve_meta_disable_title":"","_themeisle_gutenberg_block_has_review":false},"product_brand":[],"product_cat":[27],"product_tag":[],"class_list":{"0":"post-8504","1":"product","2":"type-product","3":"status-publish","4":"has-post-thumbnail","6":"product_cat-statues","7":"pa_dimensions-h-61cm","8":"pa_epoque-circa-1960","9":"pa_ethnie-baoule","10":"pa_materiaux-bois-perles-tissus","11":"pa_pays-cote-divoire","13":"first","14":"instock","15":"sold-individually","16":"taxable","17":"shipping-taxable","18":"purchasable","19":"product-type-simple","20":"add-to-wishlist-before_image"},"_links":{"self":[{"href":"https:\/\/evebegalli.com\/en\/wp-json\/wp\/v2\/product\/8504","targetHints":{"allow":["GET"]}}],"collection":[{"href":"https:\/\/evebegalli.com\/en\/wp-json\/wp\/v2\/product"}],"about":[{"href":"https:\/\/evebegalli.com\/en\/wp-json\/wp\/v2\/types\/product"}],"version-history":[{"count":1,"href":"https:\/\/evebegalli.com\/en\/wp-json\/wp\/v2\/product\/8504\/revisions"}],"predecessor-version":[{"id":18286,"href":"https:\/\/evebegalli.com\/en\/wp-json\/wp\/v2\/product\/8504\/revisions\/18286"}],"wp:featuredmedia":[{"embeddable":true,"href":"https:\/\/evebegalli.com\/en\/wp-json\/wp\/v2\/media\/8520"}],"wp:attachment":[{"href":"https:\/\/evebegalli.com\/en\/wp-json\/wp\/v2\/media?parent=8504"}],"wp:term":[{"taxonomy":"product_brand","embeddable":true,"href":"https:\/\/evebegalli.com\/en\/wp-json\/wp\/v2\/product_brand?post=8504"},{"taxonomy":"product_cat","embeddable":true,"href":"https:\/\/evebegalli.com\/en\/wp-json\/wp\/v2\/product_cat?post=8504"},{"taxonomy":"product_tag","embeddable":true,"href":"https:\/\/evebegalli.com\/en\/wp-json\/wp\/v2\/product_tag?post=8504"}],"curies":[{"name":"wp","href":"https:\/\/api.w.org\/{rel}","templated":true}]}}