{"id":8453,"date":"2020-11-20T21:00:11","date_gmt":"2020-11-20T21:00:11","guid":{"rendered":"https:\/\/evebegalli.com\/?post_type=product&#038;p=8453"},"modified":"2023-10-30T15:45:55","modified_gmt":"2023-10-30T15:45:55","slug":"statue-senoufo-cote-divoire","status":"publish","type":"product","link":"https:\/\/evebegalli.com\/en\/product\/statue-senoufo-cote-divoire\/","title":{"rendered":"Statue Senoufo, C\u00f4te d&rsquo;Ivoire"},"content":{"rendered":"<div class=\"epyt-video-wrapper\"><iframe  id=\"_ytid_98568\"  width=\"1200\" height=\"675\"  data-origwidth=\"1200\" data-origheight=\"675\" src=\"https:\/\/www.youtube.com\/embed\/Hg3syD5UG1E?enablejsapi=1&autoplay=0&cc_load_policy=0&cc_lang_pref=&iv_load_policy=1&loop=0&rel=0&fs=1&playsinline=0&autohide=2&theme=dark&color=red&controls=1&disablekb=0&\" class=\"__youtube_prefs__  no-lazyload\" title=\"YouTube player\"  allow=\"fullscreen; accelerometer; autoplay; clipboard-write; encrypted-media; gyroscope; picture-in-picture; web-share\" referrerpolicy=\"strict-origin-when-cross-origin\" allowfullscreen data-no-lazy=\"1\" data-skipgform_ajax_framebjll=\"\"><\/iframe><\/div>","protected":false},"excerpt":{"rendered":"<p>Belle statue masculine Senoufo assise sur un petit si\u00e8ge \u00e0 quatre pieds, tenant dans sa main une lance. Le visage tr\u00e8s allong\u00e9 et concave est projet\u00e9 en avant avec des fines scarifications sur les tempes et les joues, les yeux clos sous des paupi\u00e8res arqu\u00e9es, la bouche ouverte montrant les dents. A la tension du visage et de l&rsquo;abdomen \u00e0 l&rsquo;ombilic saillant projet\u00e9s vers l\u2019avant r\u00e9pond la sinueuse courbe du dos parcouru d\u2019un sillon m\u00e9dian. La coiffe est compos\u00e9e d&rsquo;une haute cr\u00eate en forme d&rsquo;oiseau abstrait. Le buste est \u00e9lanc\u00e9 et encadr\u00e9 par des longs bras coud\u00e9s et orn\u00e9s de bracelets. La patine brune brillante est alli\u00e9e par endroits \u00e0 une pigmentation rouge d&rsquo;une belle profondeur.<\/p>\n<p><strong>Origin<\/strong><br \/>\nEx French collection<\/p>","protected":false},"featured_media":8458,"template":"","meta":{"_exactmetrics_skip_tracking":false,"_exactmetrics_sitenote_active":false,"_exactmetrics_sitenote_note":"","_exactmetrics_sitenote_category":0,"neve_meta_sidebar":"","neve_meta_container":"","neve_meta_enable_content_width":"on","neve_meta_content_width":100,"neve_meta_title_alignment":"","neve_meta_author_avatar":"","neve_post_elements_order":"","neve_meta_disable_header":"","neve_meta_disable_footer":"","neve_meta_disable_title":"","_themeisle_gutenberg_block_has_review":false},"product_brand":[],"product_cat":[27],"product_tag":[],"class_list":{"0":"post-8453","1":"product","2":"type-product","3":"status-publish","4":"has-post-thumbnail","6":"product_cat-statues","7":"pa_dimensions-h-37-cm","8":"pa_epoque-circa-1970","9":"pa_ethnie-senoufo","10":"pa_materiaux-bois","11":"pa_pays-cote-divoire","13":"first","14":"outofstock","15":"sold-individually","16":"taxable","17":"shipping-taxable","18":"product-type-simple","19":"add-to-wishlist-before_image"},"_links":{"self":[{"href":"https:\/\/evebegalli.com\/en\/wp-json\/wp\/v2\/product\/8453","targetHints":{"allow":["GET"]}}],"collection":[{"href":"https:\/\/evebegalli.com\/en\/wp-json\/wp\/v2\/product"}],"about":[{"href":"https:\/\/evebegalli.com\/en\/wp-json\/wp\/v2\/types\/product"}],"version-history":[{"count":1,"href":"https:\/\/evebegalli.com\/en\/wp-json\/wp\/v2\/product\/8453\/revisions"}],"predecessor-version":[{"id":16365,"href":"https:\/\/evebegalli.com\/en\/wp-json\/wp\/v2\/product\/8453\/revisions\/16365"}],"wp:featuredmedia":[{"embeddable":true,"href":"https:\/\/evebegalli.com\/en\/wp-json\/wp\/v2\/media\/8458"}],"wp:attachment":[{"href":"https:\/\/evebegalli.com\/en\/wp-json\/wp\/v2\/media?parent=8453"}],"wp:term":[{"taxonomy":"product_brand","embeddable":true,"href":"https:\/\/evebegalli.com\/en\/wp-json\/wp\/v2\/product_brand?post=8453"},{"taxonomy":"product_cat","embeddable":true,"href":"https:\/\/evebegalli.com\/en\/wp-json\/wp\/v2\/product_cat?post=8453"},{"taxonomy":"product_tag","embeddable":true,"href":"https:\/\/evebegalli.com\/en\/wp-json\/wp\/v2\/product_tag?post=8453"}],"curies":[{"name":"wp","href":"https:\/\/api.w.org\/{rel}","templated":true}]}}