{"id":8235,"date":"2020-11-13T17:34:03","date_gmt":"2020-11-13T17:34:03","guid":{"rendered":"https:\/\/evebegalli.com\/?post_type=product&#038;p=8235"},"modified":"2020-11-23T21:01:58","modified_gmt":"2020-11-23T21:01:58","slug":"statue-feminine-senoufo-cote-divoire-2","status":"publish","type":"product","link":"https:\/\/evebegalli.com\/en\/product\/statue-feminine-senoufo-cote-divoire-2\/","title":{"rendered":"Statue F\u00e9minine Senoufo, C\u00f4te d&rsquo;Ivoire"},"content":{"rendered":"<div class=\"epyt-video-wrapper\"><iframe  id=\"_ytid_28717\"  width=\"1200\" height=\"675\"  data-origwidth=\"1200\" data-origheight=\"675\" src=\"https:\/\/www.youtube.com\/embed\/9HQAVCrZVfo?enablejsapi=1&autoplay=0&cc_load_policy=0&cc_lang_pref=&iv_load_policy=1&loop=0&rel=0&fs=1&playsinline=0&autohide=2&theme=dark&color=red&controls=1&disablekb=0&\" class=\"__youtube_prefs__  no-lazyload\" title=\"YouTube player\"  allow=\"fullscreen; accelerometer; autoplay; clipboard-write; encrypted-media; gyroscope; picture-in-picture; web-share\" referrerpolicy=\"strict-origin-when-cross-origin\" allowfullscreen data-no-lazy=\"1\" data-skipgform_ajax_framebjll=\"\"><\/iframe><\/div>","protected":false},"excerpt":{"rendered":"<p>Rare et puissante statue f\u00e9minine debout. On notera la tr\u00e8s belle structure du corps aux bras incurv\u00e9s et repli\u00e9s, les grandes mains venant se reposer sur les hanches. Le visage expressif aux traits stylis\u00e9s, pr\u00e9sente une projection vers l\u2019avant avec une fine bouche qui parait sourire, de fines scarifications sur les joues. La coiffure \u00e9labor\u00e9e est en forme de cr\u00eate qui se prolonge en un chignon \u00e0 l&rsquo;arri\u00e8re. Les seins hauts et coniques, s\u2019accrochent \u00e0 des \u00e9paules pleines et puissantes. \u00a0Le corps est rythm\u00e9 par une forte dynamique des formes, associant courbes et plans inclin\u00e9s qui s\u2019inscrivent avec force dans l\u2019espace.\u00a0 A la tension du visage, des seins et de l&rsquo;abdomen projet\u00e9s vers l\u2019avant r\u00e9pond la sinueuse courbe des \u00e9paules et du fessier en une parfaite construction des volumes. De fines scarifications ornent les seins, le ventre et les \u00e9paules.<br \/>\nMagnifique patine noire brillante d\u2019une belle profondeur qui rappelle les nombreuses onctions dont elle a \u00e9t\u00e9 l\u2019objet lors des rites divinatoires.<\/p>\n<p><strong>Origin<\/strong><br \/>\nEx French collection<\/p>","protected":false},"featured_media":8246,"template":"","meta":{"_exactmetrics_skip_tracking":false,"_exactmetrics_sitenote_active":false,"_exactmetrics_sitenote_note":"","_exactmetrics_sitenote_category":0,"neve_meta_sidebar":"","neve_meta_container":"","neve_meta_enable_content_width":"on","neve_meta_content_width":100,"neve_meta_title_alignment":"","neve_meta_author_avatar":"","neve_post_elements_order":"","neve_meta_disable_header":"","neve_meta_disable_footer":"","neve_meta_disable_title":"","_themeisle_gutenberg_block_has_review":false},"product_brand":[],"product_cat":[27],"product_tag":[],"class_list":{"0":"post-8235","1":"product","2":"type-product","3":"status-publish","4":"has-post-thumbnail","6":"product_cat-statues","7":"pa_dimensions-h-66cm","8":"pa_epoque-circa-1950","9":"pa_ethnie-senoufo","10":"pa_materiaux-bois","11":"pa_pays-cote-divoire","13":"first","14":"outofstock","15":"sold-individually","16":"taxable","17":"shipping-taxable","18":"product-type-simple","19":"add-to-wishlist-before_image"},"_links":{"self":[{"href":"https:\/\/evebegalli.com\/en\/wp-json\/wp\/v2\/product\/8235","targetHints":{"allow":["GET"]}}],"collection":[{"href":"https:\/\/evebegalli.com\/en\/wp-json\/wp\/v2\/product"}],"about":[{"href":"https:\/\/evebegalli.com\/en\/wp-json\/wp\/v2\/types\/product"}],"version-history":[{"count":0,"href":"https:\/\/evebegalli.com\/en\/wp-json\/wp\/v2\/product\/8235\/revisions"}],"wp:featuredmedia":[{"embeddable":true,"href":"https:\/\/evebegalli.com\/en\/wp-json\/wp\/v2\/media\/8246"}],"wp:attachment":[{"href":"https:\/\/evebegalli.com\/en\/wp-json\/wp\/v2\/media?parent=8235"}],"wp:term":[{"taxonomy":"product_brand","embeddable":true,"href":"https:\/\/evebegalli.com\/en\/wp-json\/wp\/v2\/product_brand?post=8235"},{"taxonomy":"product_cat","embeddable":true,"href":"https:\/\/evebegalli.com\/en\/wp-json\/wp\/v2\/product_cat?post=8235"},{"taxonomy":"product_tag","embeddable":true,"href":"https:\/\/evebegalli.com\/en\/wp-json\/wp\/v2\/product_tag?post=8235"}],"curies":[{"name":"wp","href":"https:\/\/api.w.org\/{rel}","templated":true}]}}