{"id":8187,"date":"2020-11-12T15:39:06","date_gmt":"2020-11-12T15:39:06","guid":{"rendered":"https:\/\/evebegalli.com\/?post_type=product&#038;p=8187"},"modified":"2020-11-17T11:15:01","modified_gmt":"2020-11-17T11:15:01","slug":"masque-heaume-belier-kuba-bushong-republique-democratique-du-congo","status":"publish","type":"product","link":"https:\/\/evebegalli.com\/en\/product\/masque-heaume-belier-kuba-bushong-republique-democratique-du-congo\/","title":{"rendered":"Masque-heaume B\u00e9lier Kuba Bushong, R\u00e9publique D\u00e9mocratique du Congo"},"content":{"rendered":"<div class=\"epyt-video-wrapper\"><iframe  id=\"_ytid_23062\"  width=\"1200\" height=\"675\"  data-origwidth=\"1200\" data-origheight=\"675\" src=\"https:\/\/www.youtube.com\/embed\/OuBihb99UV0?enablejsapi=1&autoplay=0&cc_load_policy=0&cc_lang_pref=&iv_load_policy=1&loop=0&rel=0&fs=1&playsinline=0&autohide=2&theme=dark&color=red&controls=1&disablekb=0&\" class=\"__youtube_prefs__  no-lazyload\" title=\"YouTube player\"  allow=\"fullscreen; accelerometer; autoplay; clipboard-write; encrypted-media; gyroscope; picture-in-picture; web-share\" referrerpolicy=\"strict-origin-when-cross-origin\" allowfullscreen data-no-lazy=\"1\" data-skipgform_ajax_framebjll=\"\"><\/iframe><\/div>","protected":false},"excerpt":{"rendered":"<p>Magnifique masque-heaume b\u00e9lier sculpt\u00e9 dans une unique pi\u00e8ce de bois dont la construction joue sur le rythme des formes g\u00e9om\u00e9triques du visage \u00e0 la superbe polychromie altern\u00e9e et sur le mouvement des puissantes cornes enroul\u00e9es sur elles-m\u00eames. La totalit\u00e9 du visage est peinte avec des pigments naturels ocre rouge et les petits triangles et rayures avec de pigments min\u00e9raux noires et kaolin. Les arcades sourcili\u00e8res et le nez sont soulign\u00e9es d&rsquo;une rang\u00e9e de clous en m\u00e9tal, le pourtour du front est orn\u00e9 d&rsquo;une rang\u00e9e de perles blanches et noires. Les cornes, les oreilles, le menton et l&rsquo;arri\u00e8re du masque sont recouverts d&rsquo;une toile de jute sur laquelle sont cousues des rang\u00e9es de perles et de cauris. Entre les cornes une peau animal recouverte d&rsquo;un pelage noir. Li\u00e9 aux esprits de la nature ce masque intervenait lors des rituels d&rsquo;initiation, et sa force \u00e9tait associ\u00e9e \u00e0 celle de la for\u00eat et des esprits qui y habitent.<\/p>\n<p><strong>Origin<\/strong><br \/>\nEx French collection<\/p>","protected":false},"featured_media":8191,"template":"","meta":{"_exactmetrics_skip_tracking":false,"_exactmetrics_sitenote_active":false,"_exactmetrics_sitenote_note":"","_exactmetrics_sitenote_category":0,"neve_meta_sidebar":"","neve_meta_container":"","neve_meta_enable_content_width":"on","neve_meta_content_width":100,"neve_meta_title_alignment":"","neve_meta_author_avatar":"","neve_post_elements_order":"","neve_meta_disable_header":"","neve_meta_disable_footer":"","neve_meta_disable_title":"","_themeisle_gutenberg_block_has_review":false},"product_brand":[],"product_cat":[26],"product_tag":[],"class_list":{"0":"post-8187","1":"product","2":"type-product","3":"status-publish","4":"has-post-thumbnail","6":"product_cat-masques","7":"pa_dimensions-h-50-cm-l-25-cm","8":"pa_epoque-circa-1950","9":"pa_ethnie-kuba-bushong","10":"pa_materiaux-bois-fibres-vegetales-pigments-naturels-perles-cauris-peau-animal","11":"pa_materiaux-clous","12":"pa_pays-r-d-du-congo","14":"first","15":"instock","16":"sold-individually","17":"taxable","18":"shipping-taxable","19":"purchasable","20":"product-type-simple","21":"add-to-wishlist-before_image"},"_links":{"self":[{"href":"https:\/\/evebegalli.com\/en\/wp-json\/wp\/v2\/product\/8187","targetHints":{"allow":["GET"]}}],"collection":[{"href":"https:\/\/evebegalli.com\/en\/wp-json\/wp\/v2\/product"}],"about":[{"href":"https:\/\/evebegalli.com\/en\/wp-json\/wp\/v2\/types\/product"}],"version-history":[{"count":1,"href":"https:\/\/evebegalli.com\/en\/wp-json\/wp\/v2\/product\/8187\/revisions"}],"predecessor-version":[{"id":18285,"href":"https:\/\/evebegalli.com\/en\/wp-json\/wp\/v2\/product\/8187\/revisions\/18285"}],"wp:featuredmedia":[{"embeddable":true,"href":"https:\/\/evebegalli.com\/en\/wp-json\/wp\/v2\/media\/8191"}],"wp:attachment":[{"href":"https:\/\/evebegalli.com\/en\/wp-json\/wp\/v2\/media?parent=8187"}],"wp:term":[{"taxonomy":"product_brand","embeddable":true,"href":"https:\/\/evebegalli.com\/en\/wp-json\/wp\/v2\/product_brand?post=8187"},{"taxonomy":"product_cat","embeddable":true,"href":"https:\/\/evebegalli.com\/en\/wp-json\/wp\/v2\/product_cat?post=8187"},{"taxonomy":"product_tag","embeddable":true,"href":"https:\/\/evebegalli.com\/en\/wp-json\/wp\/v2\/product_tag?post=8187"}],"curies":[{"name":"wp","href":"https:\/\/api.w.org\/{rel}","templated":true}]}}