{"id":7942,"date":"2020-07-23T17:29:02","date_gmt":"2020-07-23T17:29:02","guid":{"rendered":"https:\/\/evebegalli.com\/?post_type=product&#038;p=7942"},"modified":"2020-09-19T17:56:17","modified_gmt":"2020-09-19T17:56:17","slug":"yoruba-paire-de-statuettes-jumeaux-ibeji-nigeria","status":"publish","type":"product","link":"https:\/\/evebegalli.com\/en\/product\/yoruba-paire-de-statuettes-jumeaux-ibeji-nigeria\/","title":{"rendered":"Yoruba Paire de Statuettes, Jumeaux, Ibeji, Nigeria"},"content":{"rendered":"<div class=\"epyt-video-wrapper\"><iframe  id=\"_ytid_71049\"  width=\"1200\" height=\"675\"  data-origwidth=\"1200\" data-origheight=\"675\" src=\"https:\/\/www.youtube.com\/embed\/0iAG87aijqQ?enablejsapi=1&autoplay=0&cc_load_policy=0&cc_lang_pref=&iv_load_policy=1&loop=0&rel=0&fs=1&playsinline=0&autohide=2&theme=dark&color=red&controls=1&disablekb=0&\" class=\"__youtube_prefs__  no-lazyload\" title=\"YouTube player\"  allow=\"fullscreen; accelerometer; autoplay; clipboard-write; encrypted-media; gyroscope; picture-in-picture; web-share\" referrerpolicy=\"strict-origin-when-cross-origin\" allowfullscreen data-no-lazy=\"1\" data-skipgform_ajax_framebjll=\"\"><\/iframe><\/div>","protected":false},"excerpt":{"rendered":"<p>Ere Ibeji, repr\u00e9sentant une figure masculine et une f\u00e9minine debout sur des bases circulaires, les mains sur les hanches, les visages scarifi\u00e9s, les coiffures coniques incis\u00e9es rehauss\u00e9es de pigment indigo. Ils portent des colliers de perles blanches autour du cou et de la taille, et des bracelets de perles turquoises aux poignets.<br \/>\nPatine sombre avec restes de camwood.<br \/>\nLes jumeaux, enfants du dieu tonnerre Shango, sont \u00e0 la fois craints et porteurs de chance. Au cas o\u00f9 l&rsquo;un des deux &#8211; ou les deux &#8211; jumeaux d\u00e9c\u00e9derait, les parents devront faire fabriquer une effigie <i>ibeji<\/i> repr\u00e9sentant un enfant, symboliquement figur\u00e9 sous des traits adultes et qui accompagnera l&rsquo;enfant rest\u00e9 vivant. La statuette, ou r\u00e9side l\u2019esprit du jumeau d\u00e9c\u00e9d\u00e9, recevra alors les m\u00eames attentions que son jumeau. Il est lav\u00e9, soign\u00e9, huil\u00e9, nourri, v\u00eatu et entour\u00e9 de chants et de pri\u00e8res. Il est plac\u00e9 debout le jour sur l\u2019autel, ou port\u00e9 par les femmes et allong\u00e9 la nuit. Leur coiffure est r\u00e9guli\u00e8rement enduite du bleu indigo, et leur corps est rougi par les pigments de bois rouge.<\/p>\n<p><strong>Origin<\/strong><br \/>\nEx collection belge<br \/>\nEve Begalli collection, Grenoble, acquired in 2019<\/p>","protected":false},"featured_media":7945,"template":"","meta":{"_exactmetrics_skip_tracking":false,"_exactmetrics_sitenote_active":false,"_exactmetrics_sitenote_note":"","_exactmetrics_sitenote_category":0,"neve_meta_sidebar":"","neve_meta_container":"","neve_meta_enable_content_width":"on","neve_meta_content_width":100,"neve_meta_title_alignment":"","neve_meta_author_avatar":"","neve_post_elements_order":"","neve_meta_disable_header":"","neve_meta_disable_footer":"","neve_meta_disable_title":"","_themeisle_gutenberg_block_has_review":false},"product_brand":[],"product_cat":[27],"product_tag":[],"class_list":{"0":"post-7942","1":"product","2":"type-product","3":"status-publish","4":"has-post-thumbnail","6":"product_cat-statues","7":"pa_dimensions-h-22-5-cm","8":"pa_epoque-circa-1960","9":"pa_ethnie-yoruba","10":"pa_materiaux-bois-perles","11":"pa_pays-nigeria","13":"first","14":"outofstock","15":"sold-individually","16":"taxable","17":"shipping-taxable","18":"product-type-simple","19":"add-to-wishlist-before_image"},"_links":{"self":[{"href":"https:\/\/evebegalli.com\/en\/wp-json\/wp\/v2\/product\/7942","targetHints":{"allow":["GET"]}}],"collection":[{"href":"https:\/\/evebegalli.com\/en\/wp-json\/wp\/v2\/product"}],"about":[{"href":"https:\/\/evebegalli.com\/en\/wp-json\/wp\/v2\/types\/product"}],"version-history":[{"count":0,"href":"https:\/\/evebegalli.com\/en\/wp-json\/wp\/v2\/product\/7942\/revisions"}],"wp:featuredmedia":[{"embeddable":true,"href":"https:\/\/evebegalli.com\/en\/wp-json\/wp\/v2\/media\/7945"}],"wp:attachment":[{"href":"https:\/\/evebegalli.com\/en\/wp-json\/wp\/v2\/media?parent=7942"}],"wp:term":[{"taxonomy":"product_brand","embeddable":true,"href":"https:\/\/evebegalli.com\/en\/wp-json\/wp\/v2\/product_brand?post=7942"},{"taxonomy":"product_cat","embeddable":true,"href":"https:\/\/evebegalli.com\/en\/wp-json\/wp\/v2\/product_cat?post=7942"},{"taxonomy":"product_tag","embeddable":true,"href":"https:\/\/evebegalli.com\/en\/wp-json\/wp\/v2\/product_tag?post=7942"}],"curies":[{"name":"wp","href":"https:\/\/api.w.org\/{rel}","templated":true}]}}