{"id":7861,"date":"2020-07-09T16:26:55","date_gmt":"2020-07-09T16:26:55","guid":{"rendered":"https:\/\/evebegalli.com\/?post_type=product&#038;p=7861"},"modified":"2020-07-09T16:52:21","modified_gmt":"2020-07-09T16:52:21","slug":"fon-bocio-fetiche-benin","status":"publish","type":"product","link":"https:\/\/evebegalli.com\/en\/product\/fon-bocio-fetiche-benin\/","title":{"rendered":"Fon Bocio F\u00e9tiche, B\u00e9nin"},"content":{"rendered":"<div class=\"epyt-video-wrapper\"><iframe  id=\"_ytid_45140\"  width=\"1200\" height=\"675\"  data-origwidth=\"1200\" data-origheight=\"675\" src=\"https:\/\/www.youtube.com\/embed\/F2LMKiNmpZA?enablejsapi=1&autoplay=0&cc_load_policy=0&cc_lang_pref=&iv_load_policy=1&loop=0&rel=0&fs=1&playsinline=0&autohide=2&theme=dark&color=red&controls=1&disablekb=0&\" class=\"__youtube_prefs__  no-lazyload\" title=\"YouTube player\"  allow=\"fullscreen; accelerometer; autoplay; clipboard-write; encrypted-media; gyroscope; picture-in-picture; web-share\" referrerpolicy=\"strict-origin-when-cross-origin\" allowfullscreen data-no-lazy=\"1\" data-skipgform_ajax_framebjll=\"\"><\/iframe><\/div>","protected":false},"excerpt":{"rendered":"<p><a href=\"https:\/\/evebegalli.com\/en\/2020\/01\/07\/3476\/\">Bocio<\/a>\u00a0utilis\u00e9 dans le culte\u00a0<a href=\"https:\/\/evebegalli.com\/en\/2020\/01\/07\/le-vodun\/\">voodoo<\/a>. \u00a0Un f\u00e9tiche protecteur masculin se tient debout les jambes fl\u00e9chies, les bras repli\u00e9s sur l&rsquo;abdomen, ligot\u00e9 par un enchev\u00eatrement de cordelettes. Une charge magique attach\u00e9 dans le dos. Beau visage tr\u00e8s fin d\u00e9gageant un sentiment de dignit\u00e9 et de puissance.\u00a0 Sa t\u00eate et son corps ont visiblement fait l\u2019objet de libations sacrificielles, constitu\u00e9s d\u2019un m\u00e9lange de suie, d\u2019\u0153uf cass\u00e9, de sang animal s\u00e9ch\u00e9 et de pigments rouges offrant un spectacle puissant par une \u00e9paisse patine cro\u00fbteuse.<\/p>\n<p><strong>Origin<\/strong><br \/>\nEx French collection<br \/>\nCollection Eve Begalli, Grenoble<\/p>","protected":false},"featured_media":7871,"template":"","meta":{"_exactmetrics_skip_tracking":false,"_exactmetrics_sitenote_active":false,"_exactmetrics_sitenote_note":"","_exactmetrics_sitenote_category":0,"neve_meta_sidebar":"","neve_meta_container":"","neve_meta_enable_content_width":"on","neve_meta_content_width":100,"neve_meta_title_alignment":"","neve_meta_author_avatar":"","neve_post_elements_order":"","neve_meta_disable_header":"","neve_meta_disable_footer":"","neve_meta_disable_title":"","_themeisle_gutenberg_block_has_review":false},"product_brand":[],"product_cat":[27],"product_tag":[],"class_list":{"0":"post-7861","1":"product","2":"type-product","3":"status-publish","4":"has-post-thumbnail","6":"product_cat-statues","7":"pa_dimensions-h-34cm","8":"pa_epoque-circa-1950","9":"pa_ethnie-fon","10":"pa_materiaux-bois-cordes-patine-sacrificielle-plumes-pigments","11":"pa_pays-benin","13":"first","14":"instock","15":"sold-individually","16":"taxable","17":"shipping-taxable","18":"purchasable","19":"product-type-simple","20":"add-to-wishlist-before_image"},"_links":{"self":[{"href":"https:\/\/evebegalli.com\/en\/wp-json\/wp\/v2\/product\/7861","targetHints":{"allow":["GET"]}}],"collection":[{"href":"https:\/\/evebegalli.com\/en\/wp-json\/wp\/v2\/product"}],"about":[{"href":"https:\/\/evebegalli.com\/en\/wp-json\/wp\/v2\/types\/product"}],"version-history":[{"count":0,"href":"https:\/\/evebegalli.com\/en\/wp-json\/wp\/v2\/product\/7861\/revisions"}],"wp:featuredmedia":[{"embeddable":true,"href":"https:\/\/evebegalli.com\/en\/wp-json\/wp\/v2\/media\/7871"}],"wp:attachment":[{"href":"https:\/\/evebegalli.com\/en\/wp-json\/wp\/v2\/media?parent=7861"}],"wp:term":[{"taxonomy":"product_brand","embeddable":true,"href":"https:\/\/evebegalli.com\/en\/wp-json\/wp\/v2\/product_brand?post=7861"},{"taxonomy":"product_cat","embeddable":true,"href":"https:\/\/evebegalli.com\/en\/wp-json\/wp\/v2\/product_cat?post=7861"},{"taxonomy":"product_tag","embeddable":true,"href":"https:\/\/evebegalli.com\/en\/wp-json\/wp\/v2\/product_tag?post=7861"}],"curies":[{"name":"wp","href":"https:\/\/api.w.org\/{rel}","templated":true}]}}