{"id":7793,"date":"2020-07-06T19:10:45","date_gmt":"2020-07-06T19:10:45","guid":{"rendered":"https:\/\/evebegalli.com\/?post_type=product&#038;p=7793"},"modified":"2024-02-17T21:49:07","modified_gmt":"2024-02-17T21:49:07","slug":"statue-maternite-baoule-cote-divoire-2","status":"publish","type":"product","link":"https:\/\/evebegalli.com\/en\/product\/statue-maternite-baoule-cote-divoire-2\/","title":{"rendered":"Statue Maternit\u00e9 Baoul\u00e9, C\u00f4te d&rsquo;Ivoire"},"content":{"rendered":"<div class=\"epyt-video-wrapper\"><iframe  id=\"_ytid_88899\"  width=\"1200\" height=\"675\"  data-origwidth=\"1200\" data-origheight=\"675\" src=\"https:\/\/www.youtube.com\/embed\/rZLbhs13WMQ?enablejsapi=1&autoplay=0&cc_load_policy=0&cc_lang_pref=&iv_load_policy=1&loop=0&rel=0&fs=1&playsinline=0&autohide=2&theme=dark&color=red&controls=1&disablekb=0&\" class=\"__youtube_prefs__  no-lazyload\" title=\"YouTube player\"  allow=\"fullscreen; accelerometer; autoplay; clipboard-write; encrypted-media; gyroscope; picture-in-picture; web-share\" referrerpolicy=\"strict-origin-when-cross-origin\" allowfullscreen data-no-lazy=\"1\" data-skipgform_ajax_framebjll=\"\"><\/iframe><\/div>","protected":false},"excerpt":{"rendered":"<p>Belle figure de Maternit\u00e9 Baoul\u00e9 assise sur un tabouret traditionnel allaitant un enfant. De nombreuses scarifications en relief ornent l\u2019ensemble du corps et du visage. Le visage aux traits fins est sculpt\u00e9 en moyen relief, les points de contact marqu\u00e9s d\u2019une patine miel brillante. Belle coiffe compos\u00e9e d&rsquo;une cr\u00eate sagittale. Les mains, soutiennent en position quasi horizontale un enfant attach\u00e9 au sein.\u00a0 Bois dur \u00e0 patine brune fonc\u00e9 brillante nuanc\u00e9 miel.<\/p>\n<p><strong>Origin<\/strong><br \/>\nCollect\u00e9e in situ en 1960 par Gabriel Sala<br \/>\nEx Collection Safari Museum, ca. 1980 Montverdun<br \/>\nEx Collection Marc Cohen, Saint-Rapha\u00ebl, acquired in 2011<br \/>\nEve Begalli collection, Grenoble, acquired in 2015<\/p>\n<p><a href=\"https:\/\/www.pressreader.com\/monaco\/monaco-matin\/20161028\/281779923672562\">https:\/\/www.pressreader.com\/monaco\/monaco-matin\/20161028\/281779923672562<\/a><\/p>","protected":false},"featured_media":7796,"template":"","meta":{"_exactmetrics_skip_tracking":false,"_exactmetrics_sitenote_active":false,"_exactmetrics_sitenote_note":"","_exactmetrics_sitenote_category":0,"neve_meta_sidebar":"","neve_meta_container":"","neve_meta_enable_content_width":"on","neve_meta_content_width":100,"neve_meta_title_alignment":"","neve_meta_author_avatar":"","neve_post_elements_order":"","neve_meta_disable_header":"","neve_meta_disable_footer":"","neve_meta_disable_title":"","_themeisle_gutenberg_block_has_review":false},"product_brand":[],"product_cat":[27],"product_tag":[],"class_list":{"0":"post-7793","1":"product","2":"type-product","3":"status-publish","4":"has-post-thumbnail","6":"product_cat-statues","7":"pa_dimensions-h-51-cm","8":"pa_epoque-circa-1950","9":"pa_ethnie-baoule","10":"pa_materiaux-bois","11":"pa_pays-cote-divoire","13":"first","14":"outofstock","15":"sold-individually","16":"taxable","17":"shipping-taxable","18":"product-type-simple","19":"add-to-wishlist-before_image"},"_links":{"self":[{"href":"https:\/\/evebegalli.com\/en\/wp-json\/wp\/v2\/product\/7793","targetHints":{"allow":["GET"]}}],"collection":[{"href":"https:\/\/evebegalli.com\/en\/wp-json\/wp\/v2\/product"}],"about":[{"href":"https:\/\/evebegalli.com\/en\/wp-json\/wp\/v2\/types\/product"}],"version-history":[{"count":1,"href":"https:\/\/evebegalli.com\/en\/wp-json\/wp\/v2\/product\/7793\/revisions"}],"predecessor-version":[{"id":17086,"href":"https:\/\/evebegalli.com\/en\/wp-json\/wp\/v2\/product\/7793\/revisions\/17086"}],"wp:featuredmedia":[{"embeddable":true,"href":"https:\/\/evebegalli.com\/en\/wp-json\/wp\/v2\/media\/7796"}],"wp:attachment":[{"href":"https:\/\/evebegalli.com\/en\/wp-json\/wp\/v2\/media?parent=7793"}],"wp:term":[{"taxonomy":"product_brand","embeddable":true,"href":"https:\/\/evebegalli.com\/en\/wp-json\/wp\/v2\/product_brand?post=7793"},{"taxonomy":"product_cat","embeddable":true,"href":"https:\/\/evebegalli.com\/en\/wp-json\/wp\/v2\/product_cat?post=7793"},{"taxonomy":"product_tag","embeddable":true,"href":"https:\/\/evebegalli.com\/en\/wp-json\/wp\/v2\/product_tag?post=7793"}],"curies":[{"name":"wp","href":"https:\/\/api.w.org\/{rel}","templated":true}]}}