{"id":7469,"date":"2020-05-31T12:46:41","date_gmt":"2020-05-31T12:46:41","guid":{"rendered":"https:\/\/evebegalli.com\/?post_type=product&#038;p=7469"},"modified":"2020-05-31T12:48:10","modified_gmt":"2020-05-31T12:48:10","slug":"lobi-miniature-12-cm-burkina-faso","status":"publish","type":"product","link":"https:\/\/evebegalli.com\/en\/product\/lobi-miniature-12-cm-burkina-faso\/","title":{"rendered":"Lobi Miniature 12 cm, Burkina Faso"},"content":{"rendered":"<div class=\"epyt-video-wrapper\"><iframe  id=\"_ytid_82735\"  width=\"1200\" height=\"675\"  data-origwidth=\"1200\" data-origheight=\"675\" src=\"https:\/\/www.youtube.com\/embed\/-NM0IQ4qnQU?enablejsapi=1&autoplay=0&cc_load_policy=0&cc_lang_pref=&iv_load_policy=1&loop=0&rel=0&fs=1&playsinline=0&autohide=2&theme=dark&color=red&controls=1&disablekb=0&\" class=\"__youtube_prefs__  no-lazyload\" title=\"YouTube player\"  allow=\"fullscreen; accelerometer; autoplay; clipboard-write; encrypted-media; gyroscope; picture-in-picture; web-share\" referrerpolicy=\"strict-origin-when-cross-origin\" allowfullscreen data-no-lazy=\"1\" data-skipgform_ajax_framebjll=\"\"><\/iframe><\/div>","protected":false},"excerpt":{"rendered":"<p>Ravissante statuette f\u00e9minine au visage \u00e0 l\u2019expression farouche, aux yeux mi clos sous des arcades sourcili\u00e8res bien marqu\u00e9es et \u00e0 la bouche en avanc\u00e9e. La t\u00eate hypertrophi\u00e9 finement sculpt\u00e9e, les bras le long du corps, l\u2019abdomen au nombril saillant, les jambes l\u00e9g\u00e8rement fl\u00e9chies bien ancr\u00e9es au sol.<br \/>\nTr\u00e8s belle patine miel d\u2019usage, partiellement recouverte d\u2019engobe sacrificielle noire.<\/p>\n<p><strong>Provenance:<\/strong><br \/>\nEx French collection<br \/>\nCollection Eve Begalli<\/p>","protected":false},"featured_media":7486,"template":"","meta":{"_exactmetrics_skip_tracking":false,"_exactmetrics_sitenote_active":false,"_exactmetrics_sitenote_note":"","_exactmetrics_sitenote_category":0,"neve_meta_sidebar":"","neve_meta_container":"","neve_meta_enable_content_width":"on","neve_meta_content_width":100,"neve_meta_title_alignment":"","neve_meta_author_avatar":"","neve_post_elements_order":"","neve_meta_disable_header":"","neve_meta_disable_footer":"","neve_meta_disable_title":"","_themeisle_gutenberg_block_has_review":false},"product_brand":[],"product_cat":[27],"product_tag":[],"class_list":{"0":"post-7469","1":"product","2":"type-product","3":"status-publish","4":"has-post-thumbnail","6":"product_cat-statues","7":"pa_dimensions-h-12-cm","8":"pa_epoque-circa-1950","9":"pa_ethnie-lobi","10":"pa_materiaux-bois","11":"pa_pays-burkina-faso","13":"first","14":"instock","15":"sold-individually","16":"taxable","17":"shipping-taxable","18":"purchasable","19":"product-type-simple","20":"add-to-wishlist-before_image"},"_links":{"self":[{"href":"https:\/\/evebegalli.com\/en\/wp-json\/wp\/v2\/product\/7469","targetHints":{"allow":["GET"]}}],"collection":[{"href":"https:\/\/evebegalli.com\/en\/wp-json\/wp\/v2\/product"}],"about":[{"href":"https:\/\/evebegalli.com\/en\/wp-json\/wp\/v2\/types\/product"}],"version-history":[{"count":0,"href":"https:\/\/evebegalli.com\/en\/wp-json\/wp\/v2\/product\/7469\/revisions"}],"wp:featuredmedia":[{"embeddable":true,"href":"https:\/\/evebegalli.com\/en\/wp-json\/wp\/v2\/media\/7486"}],"wp:attachment":[{"href":"https:\/\/evebegalli.com\/en\/wp-json\/wp\/v2\/media?parent=7469"}],"wp:term":[{"taxonomy":"product_brand","embeddable":true,"href":"https:\/\/evebegalli.com\/en\/wp-json\/wp\/v2\/product_brand?post=7469"},{"taxonomy":"product_cat","embeddable":true,"href":"https:\/\/evebegalli.com\/en\/wp-json\/wp\/v2\/product_cat?post=7469"},{"taxonomy":"product_tag","embeddable":true,"href":"https:\/\/evebegalli.com\/en\/wp-json\/wp\/v2\/product_tag?post=7469"}],"curies":[{"name":"wp","href":"https:\/\/api.w.org\/{rel}","templated":true}]}}