{"id":7411,"date":"2020-05-31T08:22:32","date_gmt":"2020-05-31T08:22:32","guid":{"rendered":"https:\/\/evebegalli.com\/?post_type=product&#038;p=7411"},"modified":"2020-05-31T12:57:06","modified_gmt":"2020-05-31T12:57:06","slug":"lobi-miniature-15-cm-burkina-faso","status":"publish","type":"product","link":"https:\/\/evebegalli.com\/en\/product\/lobi-miniature-15-cm-burkina-faso\/","title":{"rendered":"Lobi Miniature 15 cm, Burkina Faso"},"content":{"rendered":"<div class=\"epyt-video-wrapper\"><iframe  id=\"_ytid_52435\"  width=\"1200\" height=\"675\"  data-origwidth=\"1200\" data-origheight=\"675\" src=\"https:\/\/www.youtube.com\/embed\/1UZSqQRqSU4?enablejsapi=1&autoplay=0&cc_load_policy=0&cc_lang_pref=&iv_load_policy=1&loop=0&rel=0&fs=1&playsinline=0&autohide=2&theme=dark&color=red&controls=1&disablekb=0&\" class=\"__youtube_prefs__  no-lazyload\" title=\"YouTube player\"  allow=\"fullscreen; accelerometer; autoplay; clipboard-write; encrypted-media; gyroscope; picture-in-picture; web-share\" referrerpolicy=\"strict-origin-when-cross-origin\" allowfullscreen data-no-lazy=\"1\" data-skipgform_ajax_framebjll=\"\"><\/iframe><\/div>","protected":false},"excerpt":{"rendered":"<p>Ravissante statuette masculine \u00e0 coiffe en casque rond de Sib Polfote du village de Latara. Repr\u00e9sentant un personnage debout, les bras le long du corps, la poitrine avec une incision triangulaire, le visage au menton pointu sculpt\u00e9 en concavit\u00e9 en forme de c\u0153ur, la petite bouche entrouverte, le nez triangulaire et les yeux en amande, les sourcils et les oreilles en relief. On retrouve ici une conception cubique globale de la sculpture, soulign\u00e9 par une bande horizontale utilis\u00e9e pour renforcer le plan arri\u00e8re des \u00e9paules, et une plaine inclin\u00e9e \u00e0 l&rsquo;avant entre les \u00e9paules au niveau de la poitrine. Belle patine d\u2019usage brun caramel brillante par endroits. Petites fentes.<\/p>\n<p><strong>Provenance:<\/strong><br \/>\nEx French collection<br \/>\nCollection Eve Begalli<\/p>","protected":false},"featured_media":7416,"template":"","meta":{"_exactmetrics_skip_tracking":false,"_exactmetrics_sitenote_active":false,"_exactmetrics_sitenote_note":"","_exactmetrics_sitenote_category":0,"neve_meta_sidebar":"","neve_meta_container":"","neve_meta_enable_content_width":"on","neve_meta_content_width":100,"neve_meta_title_alignment":"","neve_meta_author_avatar":"","neve_post_elements_order":"","neve_meta_disable_header":"","neve_meta_disable_footer":"","neve_meta_disable_title":"","_themeisle_gutenberg_block_has_review":false},"product_brand":[],"product_cat":[27],"product_tag":[],"class_list":{"0":"post-7411","1":"product","2":"type-product","3":"status-publish","4":"has-post-thumbnail","6":"product_cat-statues","7":"pa_dimensions-h-15-cm","8":"pa_epoque-circa-1950","9":"pa_ethnie-lobi","10":"pa_materiaux-bois","11":"pa_pays-burkina-faso","13":"first","14":"instock","15":"sold-individually","16":"taxable","17":"shipping-taxable","18":"purchasable","19":"product-type-simple","20":"add-to-wishlist-before_image"},"_links":{"self":[{"href":"https:\/\/evebegalli.com\/en\/wp-json\/wp\/v2\/product\/7411","targetHints":{"allow":["GET"]}}],"collection":[{"href":"https:\/\/evebegalli.com\/en\/wp-json\/wp\/v2\/product"}],"about":[{"href":"https:\/\/evebegalli.com\/en\/wp-json\/wp\/v2\/types\/product"}],"version-history":[{"count":0,"href":"https:\/\/evebegalli.com\/en\/wp-json\/wp\/v2\/product\/7411\/revisions"}],"wp:featuredmedia":[{"embeddable":true,"href":"https:\/\/evebegalli.com\/en\/wp-json\/wp\/v2\/media\/7416"}],"wp:attachment":[{"href":"https:\/\/evebegalli.com\/en\/wp-json\/wp\/v2\/media?parent=7411"}],"wp:term":[{"taxonomy":"product_brand","embeddable":true,"href":"https:\/\/evebegalli.com\/en\/wp-json\/wp\/v2\/product_brand?post=7411"},{"taxonomy":"product_cat","embeddable":true,"href":"https:\/\/evebegalli.com\/en\/wp-json\/wp\/v2\/product_cat?post=7411"},{"taxonomy":"product_tag","embeddable":true,"href":"https:\/\/evebegalli.com\/en\/wp-json\/wp\/v2\/product_tag?post=7411"}],"curies":[{"name":"wp","href":"https:\/\/api.w.org\/{rel}","templated":true}]}}