{"id":7196,"date":"2020-05-07T14:42:12","date_gmt":"2020-05-07T14:42:12","guid":{"rendered":"https:\/\/evebegalli.com\/?post_type=product&#038;p=7196"},"modified":"2021-04-22T14:06:55","modified_gmt":"2021-04-22T14:06:55","slug":"huile-sur-toile","status":"publish","type":"product","link":"https:\/\/evebegalli.com\/en\/product\/huile-sur-toile\/","title":{"rendered":"Huile sur toile Sc\u00e8ne de dance, Kabinda &#8211; Ecole D&rsquo;Elisabethville"},"content":{"rendered":"<div class=\"epyt-video-wrapper\"><iframe  id=\"_ytid_97468\"  width=\"1200\" height=\"675\"  data-origwidth=\"1200\" data-origheight=\"675\" src=\"https:\/\/www.youtube.com\/embed\/afKmI2L6JCc?enablejsapi=1&autoplay=0&cc_load_policy=0&cc_lang_pref=&iv_load_policy=1&loop=0&rel=0&fs=1&playsinline=0&autohide=2&theme=dark&color=red&controls=1&disablekb=0&\" class=\"__youtube_prefs__  no-lazyload\" title=\"YouTube player\"  allow=\"fullscreen; accelerometer; autoplay; clipboard-write; encrypted-media; gyroscope; picture-in-picture; web-share\" referrerpolicy=\"strict-origin-when-cross-origin\" allowfullscreen data-no-lazy=\"1\" data-skipgform_ajax_framebjll=\"\"><\/iframe><\/div>","protected":false},"excerpt":{"rendered":"<p>\u0152uvre en format 84 x 62 cm. Parfait \u00e9tat et encadr\u00e9 dans une caisse am\u00e9ricaine laqu\u00e9e noire par un professionnel.<br \/>\nSignature lower right.<br \/>\n<em>Kabinda Kunkulu Victor<\/em> a \u00e9t\u00e9 l&rsquo;un des peintres issus de l&rsquo;atelier d&rsquo;art \u00ab\u00a0<em>le Hangar<\/em>\u00a0\" founded by <em>Pierre Romain-Desfoss\u00e9s<\/em> en 1946 \u00e0 Elisabethville, (actuelle Lubumbashi, RDC), aupr\u00e8s de <em>Pilipili Mulangoy, Kayembe, Norbert Ilunga, Bela Sara, Mwenze Kibwanga, Rapha\u00ebl Kalela et Sylvestre Kaballa<\/em>. Selon un entretien avec lui r\u00e9alis\u00e9 en 1973 par Johannes Fabian, de l&rsquo;Universit\u00e9 d&rsquo;Amsterdam, Kabinda est n\u00e9 en 1927 dans le village de Kinda, dans la r\u00e9gion de Luba au Congo. Kabinda a d\u00e9m\u00e9nag\u00e9 \u00e0 Elisabethville pour aller \u00e0 l&rsquo;\u00e9cole en 1942, quelques ann\u00e9es avant que Desfoss\u00e9s ne fonde L&rsquo;Academie Congolaise d&rsquo;Art Populaire, populairement connue comme le Hangar. Il a rejoint le Hangar pour apprendre \u00e0 peindre en 1948. Certains de ses artistes les plus connus, comme Bela Sara, Pilipili Mulungoy et Mwenze Kibwanga, y travaillaient d\u00e9j\u00e0. Le travail de Kabinda a \u00e9t\u00e9 clairement influenc\u00e9 par eux, en particulier par Pilipili Mulungoy. Son travail \u00e9tait en grande partie du paysage naturel, et il est devenu connu pour ses peintures d&rsquo;oiseaux et de poissons. Dans son interview de 1973, Kabinda rappelle qu&rsquo;il a \u00e0 son tour instruit un charpentier nomm\u00e9 Mwila, et Mwila a enseign\u00e9 \u00e0 son coll\u00e8gue artiste nomm\u00e9 Kanyemba.<br \/>\nPeintre et homme de culture, Pierre Romain-Desfoss\u00e9s refuse d\u2019enseigner \u00e0 ses \u00e9l\u00e8ves des r\u00e8gles esth\u00e9tiques. Il les encourage plut\u00f4t dans le sens d\u2019une grande libert\u00e9 d\u2019expression hors de toute soumission aux canons de l\u2019art occidental. L&rsquo;exp\u00e9rience unique de l&rsquo;Atelier du Hangar a lib\u00e9r\u00e9 la peinture africaine. Les artistes d\u00e9veloppent leur propre style, en peignant leur environnement, sc\u00e8nes de villages, de chasse et de p\u00eache, leur peinture devient un espace po\u00e9tique, la symbiose entre l&rsquo;homme et la nature, plus que la repr\u00e9sentation de la nature elle m\u00eame. Ce qui donne une force incroyable \u00e0 ces tableaux. Cette peinture moderne congolaise frappe par sa singularit\u00e9 et sa modernit\u00e9.<br \/>\nLe Hangar ne survivra pas \u00e0 la mort en 1954 de son fondateur Pierre Romain-Desfoss\u00e9s. Certains artistes comme Mwenze et PiliPili rejoindront l\u2019Acad\u00e9mie des Beaux Arts d&rsquo;Elisabethville fond\u00e9e par <em>Laurent Moonens<\/em> trois ans auparavant. Deux artistes vont sortir de l\u2019Acad\u00e9mie:\u00a0 <em>Mode Muntu<\/em> et <em>Jean-Bosco Kamba<\/em>.<br \/>\nLe travail de plusieurs artistes du Hangar a \u00e9t\u00e9 pr\u00e9sent\u00e9 dans l&rsquo;exposition r\u00e9volutionnaire Congo Beaut\u00e9 1926 &#8211; 2015 Congo Kitoko, \u00e0 la Fondation Cartier \u00e0 Paris.<\/p>","protected":false},"featured_media":7197,"template":"","meta":{"_exactmetrics_skip_tracking":false,"_exactmetrics_sitenote_active":false,"_exactmetrics_sitenote_note":"","_exactmetrics_sitenote_category":0,"neve_meta_sidebar":"","neve_meta_container":"","neve_meta_enable_content_width":"on","neve_meta_content_width":100,"neve_meta_title_alignment":"","neve_meta_author_avatar":"","neve_post_elements_order":"","neve_meta_disable_header":"","neve_meta_disable_footer":"","neve_meta_disable_title":"","_themeisle_gutenberg_block_has_review":false},"product_brand":[],"product_cat":[175],"product_tag":[],"class_list":{"0":"post-7196","1":"product","2":"type-product","3":"status-publish","4":"has-post-thumbnail","6":"product_cat-art-moderne","7":"pa_dimensions-84cm-x-62cm","8":"pa_epoque-circa-1950","9":"pa_materiaux-huile-sur-toile","10":"pa_pays-r-d-du-congo","12":"first","13":"instock","14":"sold-individually","15":"taxable","16":"shipping-taxable","17":"purchasable","18":"product-type-simple","19":"add-to-wishlist-before_image"},"_links":{"self":[{"href":"https:\/\/evebegalli.com\/en\/wp-json\/wp\/v2\/product\/7196","targetHints":{"allow":["GET"]}}],"collection":[{"href":"https:\/\/evebegalli.com\/en\/wp-json\/wp\/v2\/product"}],"about":[{"href":"https:\/\/evebegalli.com\/en\/wp-json\/wp\/v2\/types\/product"}],"version-history":[{"count":0,"href":"https:\/\/evebegalli.com\/en\/wp-json\/wp\/v2\/product\/7196\/revisions"}],"wp:featuredmedia":[{"embeddable":true,"href":"https:\/\/evebegalli.com\/en\/wp-json\/wp\/v2\/media\/7197"}],"wp:attachment":[{"href":"https:\/\/evebegalli.com\/en\/wp-json\/wp\/v2\/media?parent=7196"}],"wp:term":[{"taxonomy":"product_brand","embeddable":true,"href":"https:\/\/evebegalli.com\/en\/wp-json\/wp\/v2\/product_brand?post=7196"},{"taxonomy":"product_cat","embeddable":true,"href":"https:\/\/evebegalli.com\/en\/wp-json\/wp\/v2\/product_cat?post=7196"},{"taxonomy":"product_tag","embeddable":true,"href":"https:\/\/evebegalli.com\/en\/wp-json\/wp\/v2\/product_tag?post=7196"}],"curies":[{"name":"wp","href":"https:\/\/api.w.org\/{rel}","templated":true}]}}