{"id":7065,"date":"2020-05-02T15:12:48","date_gmt":"2020-05-02T15:12:48","guid":{"rendered":"https:\/\/evebegalli.com\/?post_type=product&#038;p=7065"},"modified":"2020-05-17T09:01:32","modified_gmt":"2020-05-17T09:01:32","slug":"statuette-feminine-baoule-cote-divoire","status":"publish","type":"product","link":"https:\/\/evebegalli.com\/en\/product\/statuette-feminine-baoule-cote-divoire\/","title":{"rendered":"Statuette F\u00e9minine Baoul\u00e9, C\u00f4te d&rsquo;Ivoire"},"content":{"rendered":"<div class=\"epyt-video-wrapper\"><iframe  id=\"_ytid_29575\"  width=\"1200\" height=\"675\"  data-origwidth=\"1200\" data-origheight=\"675\" src=\"https:\/\/www.youtube.com\/embed\/0mzLiZc1aT8?enablejsapi=1&autoplay=0&cc_load_policy=0&cc_lang_pref=&iv_load_policy=1&loop=0&rel=0&fs=1&playsinline=0&autohide=2&theme=dark&color=red&controls=1&disablekb=0&\" class=\"__youtube_prefs__  no-lazyload\" title=\"YouTube player\"  allow=\"fullscreen; accelerometer; autoplay; clipboard-write; encrypted-media; gyroscope; picture-in-picture; web-share\" referrerpolicy=\"strict-origin-when-cross-origin\" allowfullscreen data-no-lazy=\"1\" data-skipgform_ajax_framebjll=\"\"><\/iframe><\/div>","protected":false},"excerpt":{"rendered":"<p>Fine et d\u00e9licate statuette Baoul\u00e9 repr\u00e9sentant un personnage f\u00e9minin debout les jambes l\u00e9g\u00e8rement fl\u00e9chies sur un socle circulaire. Le visage taill\u00e9 tout en rondeur est \u00e9l\u00e9gamment sculpt\u00e9 sur un cou annel\u00e9, les yeux ouverts en amande offrant une expression vivante et surmont\u00e9 d&rsquo;une belle coiffe de fines tresses. Les bras sont plaqu\u00e9s sur le ventre, les mains autour de l&rsquo;ombilic. Un collier de perles orne gracieusement les hanches du personnage. On notera les beaux pieds chauss\u00e9s de tongs sculpt\u00e9s. La patine est lisse couleur miel, plus fonc\u00e9e sur le visage.<\/p>\n<p><strong>Origin<\/strong><br \/>\nEx collection priv\u00e9 Fran\u00e7ois Riviere, Orstom<br \/>\nPousse Cornet &#8211; Valoir &#8211; Maison de vente &#8211; <em>\u00a0Afrique &#8211; Arch\u00e9ologie<\/em>&#8211; 28 octobre 2019 Blois<br \/>\nCollection Eve Begalli, Grenoble, acquired during this sale<\/p>","protected":false},"featured_media":7093,"template":"","meta":{"_exactmetrics_skip_tracking":false,"_exactmetrics_sitenote_active":false,"_exactmetrics_sitenote_note":"","_exactmetrics_sitenote_category":0,"neve_meta_sidebar":"","neve_meta_container":"","neve_meta_enable_content_width":"on","neve_meta_content_width":100,"neve_meta_title_alignment":"","neve_meta_author_avatar":"","neve_post_elements_order":"","neve_meta_disable_header":"","neve_meta_disable_footer":"","neve_meta_disable_title":"","_themeisle_gutenberg_block_has_review":false},"product_brand":[],"product_cat":[27],"product_tag":[],"class_list":{"0":"post-7065","1":"product","2":"type-product","3":"status-publish","4":"has-post-thumbnail","6":"product_cat-statues","7":"pa_dimensions-h-20-cm","8":"pa_epoque-debut-du-xxeme-siecle","9":"pa_ethnie-baoule","10":"pa_materiaux-bois","11":"pa_pays-cote-divoire","13":"first","14":"outofstock","15":"sold-individually","16":"taxable","17":"shipping-taxable","18":"product-type-simple","19":"add-to-wishlist-before_image"},"_links":{"self":[{"href":"https:\/\/evebegalli.com\/en\/wp-json\/wp\/v2\/product\/7065","targetHints":{"allow":["GET"]}}],"collection":[{"href":"https:\/\/evebegalli.com\/en\/wp-json\/wp\/v2\/product"}],"about":[{"href":"https:\/\/evebegalli.com\/en\/wp-json\/wp\/v2\/types\/product"}],"version-history":[{"count":0,"href":"https:\/\/evebegalli.com\/en\/wp-json\/wp\/v2\/product\/7065\/revisions"}],"wp:featuredmedia":[{"embeddable":true,"href":"https:\/\/evebegalli.com\/en\/wp-json\/wp\/v2\/media\/7093"}],"wp:attachment":[{"href":"https:\/\/evebegalli.com\/en\/wp-json\/wp\/v2\/media?parent=7065"}],"wp:term":[{"taxonomy":"product_brand","embeddable":true,"href":"https:\/\/evebegalli.com\/en\/wp-json\/wp\/v2\/product_brand?post=7065"},{"taxonomy":"product_cat","embeddable":true,"href":"https:\/\/evebegalli.com\/en\/wp-json\/wp\/v2\/product_cat?post=7065"},{"taxonomy":"product_tag","embeddable":true,"href":"https:\/\/evebegalli.com\/en\/wp-json\/wp\/v2\/product_tag?post=7065"}],"curies":[{"name":"wp","href":"https:\/\/api.w.org\/{rel}","templated":true}]}}