{"id":7035,"date":"2020-05-02T14:54:58","date_gmt":"2020-05-02T14:54:58","guid":{"rendered":"https:\/\/evebegalli.com\/?post_type=product&#038;p=7035"},"modified":"2020-09-19T17:38:45","modified_gmt":"2020-09-19T17:38:45","slug":"statuette-baoule-cote-divoire","status":"publish","type":"product","link":"https:\/\/evebegalli.com\/en\/product\/statuette-baoule-cote-divoire\/","title":{"rendered":"Statuette Agni, C\u00f4te d&rsquo;Ivoire"},"content":{"rendered":"<div class=\"epyt-video-wrapper\"><iframe  id=\"_ytid_79208\"  width=\"1200\" height=\"675\"  data-origwidth=\"1200\" data-origheight=\"675\" src=\"https:\/\/www.youtube.com\/embed\/cCN75VC_9Eo?enablejsapi=1&autoplay=0&cc_load_policy=0&cc_lang_pref=&iv_load_policy=1&loop=0&rel=0&fs=1&playsinline=0&autohide=2&theme=dark&color=red&controls=1&disablekb=0&\" class=\"__youtube_prefs__  no-lazyload\" title=\"YouTube player\"  allow=\"fullscreen; accelerometer; autoplay; clipboard-write; encrypted-media; gyroscope; picture-in-picture; web-share\" referrerpolicy=\"strict-origin-when-cross-origin\" allowfullscreen data-no-lazy=\"1\" data-skipgform_ajax_framebjll=\"\"><\/iframe><\/div>","protected":false},"excerpt":{"rendered":"<p>Personnage f\u00e9minin camp\u00e9 sur des jambes galb\u00e9es et reposant sur un socle circulaire. La sculpture est simple et rustre. Particuli\u00e8rement \u00e9tir\u00e9, le cou annel\u00e9 soutient une t\u00eate d\u00e9crite avec raffinement et coiff\u00e9e de tresses. Le visage l\u00e9g\u00e8rement concave, d\u2019une grande s\u00e9r\u00e9nit\u00e9, est caract\u00e9ris\u00e9 par un long nez droit et fin. La bouche petite, est d\u00e9crite comme une ponctuation sous le nez. L\u2019ensemble, d\u2019une grande douceur, est empreint d\u2019une tr\u00e8s belle pr\u00e9sence.<\/p>\n<p><strong>Origin<\/strong><br \/>\nEx collection priv\u00e9 Fran\u00e7ois Riviere, Orstom<br \/>\nPousse Cornet &#8211; Valoir &#8211; Maison de vente &#8211; <em>\u00a0Afrique &#8211; Arch\u00e9ologie<\/em>&#8211; 28 octobre 2019 Blois<br \/>\nCollection Eve Begalli, Grenoble, acquired during this sale<\/p>","protected":false},"featured_media":7053,"template":"","meta":{"_exactmetrics_skip_tracking":false,"_exactmetrics_sitenote_active":false,"_exactmetrics_sitenote_note":"","_exactmetrics_sitenote_category":0,"neve_meta_sidebar":"","neve_meta_container":"","neve_meta_enable_content_width":"on","neve_meta_content_width":100,"neve_meta_title_alignment":"","neve_meta_author_avatar":"","neve_post_elements_order":"","neve_meta_disable_header":"","neve_meta_disable_footer":"","neve_meta_disable_title":"","_themeisle_gutenberg_block_has_review":false},"product_brand":[],"product_cat":[27],"product_tag":[],"class_list":{"0":"post-7035","1":"product","2":"type-product","3":"status-publish","4":"has-post-thumbnail","6":"product_cat-statues","7":"pa_dimensions-h-34cm","8":"pa_epoque-debut-du-xxeme-siecle","9":"pa_ethnie-agni","10":"pa_materiaux-bois","11":"pa_pays-cote-divoire","13":"first","14":"outofstock","15":"sold-individually","16":"taxable","17":"shipping-taxable","18":"product-type-simple","19":"add-to-wishlist-before_image"},"_links":{"self":[{"href":"https:\/\/evebegalli.com\/en\/wp-json\/wp\/v2\/product\/7035","targetHints":{"allow":["GET"]}}],"collection":[{"href":"https:\/\/evebegalli.com\/en\/wp-json\/wp\/v2\/product"}],"about":[{"href":"https:\/\/evebegalli.com\/en\/wp-json\/wp\/v2\/types\/product"}],"version-history":[{"count":0,"href":"https:\/\/evebegalli.com\/en\/wp-json\/wp\/v2\/product\/7035\/revisions"}],"wp:featuredmedia":[{"embeddable":true,"href":"https:\/\/evebegalli.com\/en\/wp-json\/wp\/v2\/media\/7053"}],"wp:attachment":[{"href":"https:\/\/evebegalli.com\/en\/wp-json\/wp\/v2\/media?parent=7035"}],"wp:term":[{"taxonomy":"product_brand","embeddable":true,"href":"https:\/\/evebegalli.com\/en\/wp-json\/wp\/v2\/product_brand?post=7035"},{"taxonomy":"product_cat","embeddable":true,"href":"https:\/\/evebegalli.com\/en\/wp-json\/wp\/v2\/product_cat?post=7035"},{"taxonomy":"product_tag","embeddable":true,"href":"https:\/\/evebegalli.com\/en\/wp-json\/wp\/v2\/product_tag?post=7035"}],"curies":[{"name":"wp","href":"https:\/\/api.w.org\/{rel}","templated":true}]}}