{"id":6943,"date":"2020-04-30T16:00:27","date_gmt":"2020-04-30T16:00:27","guid":{"rendered":"https:\/\/evebegalli.com\/?post_type=product&#038;p=6943"},"modified":"2022-08-21T19:56:59","modified_gmt":"2022-08-21T19:56:59","slug":"statuette-jumeau-ibeji-yoruba-nigeria","status":"publish","type":"product","link":"https:\/\/evebegalli.com\/en\/product\/statuette-jumeau-ibeji-yoruba-nigeria\/","title":{"rendered":"Statuette Jumeau Ibeji Yoruba, Nigeria"},"content":{"rendered":"<div class=\"epyt-video-wrapper\"><iframe  id=\"_ytid_93690\"  width=\"1200\" height=\"675\"  data-origwidth=\"1200\" data-origheight=\"675\" src=\"https:\/\/www.youtube.com\/embed\/uo9OKlygeXM?enablejsapi=1&autoplay=0&cc_load_policy=0&cc_lang_pref=&iv_load_policy=1&loop=0&rel=0&fs=1&playsinline=0&autohide=2&theme=dark&color=red&controls=1&disablekb=0&\" class=\"__youtube_prefs__  no-lazyload\" title=\"YouTube player\"  allow=\"fullscreen; accelerometer; autoplay; clipboard-write; encrypted-media; gyroscope; picture-in-picture; web-share\" referrerpolicy=\"strict-origin-when-cross-origin\" allowfullscreen data-no-lazy=\"1\" data-skipgform_ajax_framebjll=\"\"><\/iframe><\/div>","protected":false},"excerpt":{"rendered":"<p>Effigie f\u00e9minine Yoruba dont les jambes fl\u00e9chies reposent sur des pieds anciennement cass\u00e9s ou coup\u00e9s \u00e0 l&rsquo;avant. Les bras souples s&rsquo;effilent en de longues mains reposant sur les hanches. L&rsquo;abdomen rebondi est ponctu\u00e9 d&rsquo;un ombilic, les seins hauts sont deux pointes qui contrebalancent le fessier. La t\u00eate, peign\u00e9e de m\u00e8ches fines ramen\u00e9es en arri\u00e8re d\u00e9crivant un motif tress\u00e9 pigment\u00e9 de bleu, pr\u00e9sente un visage souriant d&rsquo;une belle douceur, marqu\u00e9 par les nombreuses attentions nourrici\u00e8res apport\u00e9es, les joues discr\u00e8tement marqu\u00e9es de quatre scarifications indiquant l&rsquo;appartenance \u00e0 une famille noble de ce jumeau. Yeux, nez et bouche s&rsquo;effacent presque sous la patine d&rsquo;usage. Les oreilles sont \u00e9tir\u00e9es vers l&rsquo;arri\u00e8re du cr\u00e2ne. Au cou, deux colliers de perles tubulaires, aux poignets, \u00e0 la taille et au chevilles des parures en perles de verre color\u00e9es. On notera le soin particulier apport\u00e9 aux mains. Les volumes sont habilement trait\u00e9s, la surface est douce r\u00e9sultant de nombreuses manipulations rituelles. Les nombreuses applications de beurre de karit\u00e9 conf\u00e8rent \u00e0 la sculpture une patine d&rsquo;une grande profondeur. Honorant la m\u00e9moire de jumeaux d\u00e9funts et perp\u00e9tuant leurs pouvoirs b\u00e9n\u00e9fiques ces statuettes \u00e9taient c\u00e9l\u00e9br\u00e9es et choy\u00e9es. Certains d\u00e9tails ont ainsi \u00e9t\u00e9 estomp\u00e9s par les caresses et les soins qu\u2019on leur a prodigu\u00e9s. Belle patine mielleuse, charmante pi\u00e8ce de collection ancienne.<\/p>\n<p><strong>Origin<\/strong><br \/>\nEx French collection<br \/>\nCollection Eve Begalli, Grenoble, acquise en 2016<\/p>","protected":false},"featured_media":6951,"template":"","meta":{"_exactmetrics_skip_tracking":false,"_exactmetrics_sitenote_active":false,"_exactmetrics_sitenote_note":"","_exactmetrics_sitenote_category":0,"neve_meta_sidebar":"","neve_meta_container":"","neve_meta_enable_content_width":"on","neve_meta_content_width":100,"neve_meta_title_alignment":"","neve_meta_author_avatar":"","neve_post_elements_order":"","neve_meta_disable_header":"","neve_meta_disable_footer":"","neve_meta_disable_title":"","_themeisle_gutenberg_block_has_review":false},"product_brand":[],"product_cat":[27],"product_tag":[],"class_list":{"0":"post-6943","1":"product","2":"type-product","3":"status-publish","4":"has-post-thumbnail","6":"product_cat-statues","7":"pa_dimensions-h-24-cm","8":"pa_epoque-circa-1920","9":"pa_ethnie-yoruba","10":"pa_materiaux-bois-perles","11":"pa_pays-nigeria","13":"first","14":"outofstock","15":"sold-individually","16":"taxable","17":"shipping-taxable","18":"product-type-simple","19":"add-to-wishlist-before_image"},"_links":{"self":[{"href":"https:\/\/evebegalli.com\/en\/wp-json\/wp\/v2\/product\/6943","targetHints":{"allow":["GET"]}}],"collection":[{"href":"https:\/\/evebegalli.com\/en\/wp-json\/wp\/v2\/product"}],"about":[{"href":"https:\/\/evebegalli.com\/en\/wp-json\/wp\/v2\/types\/product"}],"version-history":[{"count":0,"href":"https:\/\/evebegalli.com\/en\/wp-json\/wp\/v2\/product\/6943\/revisions"}],"wp:featuredmedia":[{"embeddable":true,"href":"https:\/\/evebegalli.com\/en\/wp-json\/wp\/v2\/media\/6951"}],"wp:attachment":[{"href":"https:\/\/evebegalli.com\/en\/wp-json\/wp\/v2\/media?parent=6943"}],"wp:term":[{"taxonomy":"product_brand","embeddable":true,"href":"https:\/\/evebegalli.com\/en\/wp-json\/wp\/v2\/product_brand?post=6943"},{"taxonomy":"product_cat","embeddable":true,"href":"https:\/\/evebegalli.com\/en\/wp-json\/wp\/v2\/product_cat?post=6943"},{"taxonomy":"product_tag","embeddable":true,"href":"https:\/\/evebegalli.com\/en\/wp-json\/wp\/v2\/product_tag?post=6943"}],"curies":[{"name":"wp","href":"https:\/\/api.w.org\/{rel}","templated":true}]}}