{"id":6821,"date":"2020-04-26T15:34:46","date_gmt":"2020-04-26T15:34:46","guid":{"rendered":"https:\/\/evebegalli.com\/?post_type=product&#038;p=6821"},"modified":"2020-04-26T17:01:07","modified_gmt":"2020-04-26T17:01:07","slug":"gan-pendentif-serpent-bronze","status":"publish","type":"product","link":"https:\/\/evebegalli.com\/en\/product\/gan-pendentif-serpent-bronze\/","title":{"rendered":"Pendentif Serpent Bronze Gan, Burkina Faso"},"content":{"rendered":"<div class=\"epyt-video-wrapper\"><iframe  id=\"_ytid_59704\"  width=\"1200\" height=\"675\"  data-origwidth=\"1200\" data-origheight=\"675\" src=\"https:\/\/www.youtube.com\/embed\/KTdpXxjO-ow?enablejsapi=1&autoplay=0&cc_load_policy=0&cc_lang_pref=&iv_load_policy=1&loop=0&rel=0&fs=1&playsinline=0&autohide=2&theme=dark&color=red&controls=1&disablekb=0&\" class=\"__youtube_prefs__  no-lazyload\" title=\"YouTube player\"  allow=\"fullscreen; accelerometer; autoplay; clipboard-write; encrypted-media; gyroscope; picture-in-picture; web-share\" referrerpolicy=\"strict-origin-when-cross-origin\" allowfullscreen data-no-lazy=\"1\" data-skipgform_ajax_framebjll=\"\"><\/iframe><\/div>","protected":false},"excerpt":{"rendered":"<p>Ancien pendentif de protection et de divination en forme de serpent au corps zigzaguant. Alliage bronzier selon la technique de la cire perdue, belle patine de fouille. Le reptile est au centre de la production artistique des Gan. L&rsquo;animal est repr\u00e9sent\u00e9 de diverses mani\u00e8res, raide comme la justice, torsad\u00e9, ondul\u00e9, lov\u00e9 en spirale, en arabesque ou en zigzag. Il est dot\u00e9 d&rsquo;une ou de plusieurs t\u00eates, et presque toujours repr\u00e9sent\u00e9 avec de gros yeux p\u00e9doncul\u00e9s. <em>\u00ab\u00a0La r\u00e9p\u00e9tition de l&rsquo;image du serpent dans la plupart des objets s&rsquo;explique par l&rsquo;existence d&rsquo;un mythe fondateur\u00a0\u00bb<\/em>, \u00e9crit Bertrand Goy. Et ce mythe prend la forme du <em>torfan<\/em>, animal ayant la forme d&rsquo;un serpent. <em>\u00ab\u00a0Il repr\u00e9sente les forces du mal, mais le poss\u00e9der donne la force de lutter contre les forces du mal\u00a0\u00bb<\/em>, note l&rsquo;auteur. D&rsquo;o\u00f9 sa d\u00e9clinaison sous une forme m\u00e9tallique qui permet de l&rsquo;utiliser comme talisman.<\/p>\n<p><strong>Origin<\/strong><br \/>\nHotel des ventes du P\u00e9rigord \u00a0&#8211; <em>\u00a0Art Premier D&rsquo;Afrique et Divers<\/em>&#8211; 4 mai 2019 Bergerac<br \/>\nCollection Eve Begalli, Grenoble, acquired during this sale<\/p>","protected":false},"featured_media":6822,"template":"","meta":{"_exactmetrics_skip_tracking":false,"_exactmetrics_sitenote_active":false,"_exactmetrics_sitenote_note":"","_exactmetrics_sitenote_category":0,"neve_meta_sidebar":"","neve_meta_container":"","neve_meta_enable_content_width":"on","neve_meta_content_width":100,"neve_meta_title_alignment":"","neve_meta_author_avatar":"","neve_post_elements_order":"","neve_meta_disable_header":"","neve_meta_disable_footer":"","neve_meta_disable_title":"","_themeisle_gutenberg_block_has_review":false},"product_brand":[],"product_cat":[161],"product_tag":[],"class_list":{"0":"post-6821","1":"product","2":"type-product","3":"status-publish","4":"has-post-thumbnail","6":"product_cat-bronzes","7":"pa_dimensions-l-11-5-cm","8":"pa_epoque-debut-du-xxeme-siecle","9":"pa_ethnie-gan","10":"pa_materiaux-bronze","11":"pa_pays-burkina-faso","13":"first","14":"instock","15":"sold-individually","16":"taxable","17":"shipping-taxable","18":"purchasable","19":"product-type-simple","20":"add-to-wishlist-before_image"},"_links":{"self":[{"href":"https:\/\/evebegalli.com\/en\/wp-json\/wp\/v2\/product\/6821","targetHints":{"allow":["GET"]}}],"collection":[{"href":"https:\/\/evebegalli.com\/en\/wp-json\/wp\/v2\/product"}],"about":[{"href":"https:\/\/evebegalli.com\/en\/wp-json\/wp\/v2\/types\/product"}],"version-history":[{"count":0,"href":"https:\/\/evebegalli.com\/en\/wp-json\/wp\/v2\/product\/6821\/revisions"}],"wp:featuredmedia":[{"embeddable":true,"href":"https:\/\/evebegalli.com\/en\/wp-json\/wp\/v2\/media\/6822"}],"wp:attachment":[{"href":"https:\/\/evebegalli.com\/en\/wp-json\/wp\/v2\/media?parent=6821"}],"wp:term":[{"taxonomy":"product_brand","embeddable":true,"href":"https:\/\/evebegalli.com\/en\/wp-json\/wp\/v2\/product_brand?post=6821"},{"taxonomy":"product_cat","embeddable":true,"href":"https:\/\/evebegalli.com\/en\/wp-json\/wp\/v2\/product_cat?post=6821"},{"taxonomy":"product_tag","embeddable":true,"href":"https:\/\/evebegalli.com\/en\/wp-json\/wp\/v2\/product_tag?post=6821"}],"curies":[{"name":"wp","href":"https:\/\/api.w.org\/{rel}","templated":true}]}}