{"id":6787,"date":"2020-04-26T14:53:01","date_gmt":"2020-04-26T14:53:01","guid":{"rendered":"https:\/\/evebegalli.com\/?post_type=product&#038;p=6787"},"modified":"2020-04-26T21:26:30","modified_gmt":"2020-04-26T21:26:30","slug":"statuette-bronze-gan-burkina-faso","status":"publish","type":"product","link":"https:\/\/evebegalli.com\/en\/product\/statuette-bronze-gan-burkina-faso\/","title":{"rendered":"Statuette Bronze Gan, Burkina Faso"},"content":{"rendered":"<div class=\"epyt-video-wrapper\"><iframe  id=\"_ytid_71230\"  width=\"1200\" height=\"675\"  data-origwidth=\"1200\" data-origheight=\"675\" src=\"https:\/\/www.youtube.com\/embed\/0xEdW8a_93c?enablejsapi=1&autoplay=0&cc_load_policy=0&cc_lang_pref=&iv_load_policy=1&loop=0&rel=0&fs=1&playsinline=0&autohide=2&theme=dark&color=red&controls=1&disablekb=0&\" class=\"__youtube_prefs__  no-lazyload\" title=\"YouTube player\"  allow=\"fullscreen; accelerometer; autoplay; clipboard-write; encrypted-media; gyroscope; picture-in-picture; web-share\" referrerpolicy=\"strict-origin-when-cross-origin\" allowfullscreen data-no-lazy=\"1\" data-skipgform_ajax_framebjll=\"\"><\/iframe><\/div>","protected":false},"excerpt":{"rendered":"<p>Magnifique figure f\u00e9minine en bronze selon la technique de la cire perdue. La figure est assise, les jambes repli\u00e9es vers l&rsquo;arri\u00e8re et tient entre ses mains une jarre. Le cou allong\u00e9 m\u00e8ne \u00e0 un beau visage expressif aux yeux bomb\u00e9s classiques Gan, tourn\u00e9 l\u00e9g\u00e8rement vers la gauche, mouvement qui donne \u00e0 l&rsquo;objet un sentiment d&rsquo;animation. Belle coiffe en cr\u00eate. Peut-\u00eatre il s&rsquo;agit d&rsquo;un g\u00e9nie protecteur. Mais la destination exacte de ces petites sculptures en bronze reste tr\u00e8s \u00e9nigmatique. Cet objet a \u00e9t\u00e9 longuement manipul\u00e9 comme en t\u00e9moigne la belle patine d&rsquo;usage.<\/p>\n<p><strong>Origin<\/strong><br \/>\nEx French collection<br \/>\nEve Begalli collection, Grenoble, acquired in 2019<\/p>","protected":false},"featured_media":6788,"template":"","meta":{"_exactmetrics_skip_tracking":false,"_exactmetrics_sitenote_active":false,"_exactmetrics_sitenote_note":"","_exactmetrics_sitenote_category":0,"neve_meta_sidebar":"","neve_meta_container":"","neve_meta_enable_content_width":"on","neve_meta_content_width":100,"neve_meta_title_alignment":"","neve_meta_author_avatar":"","neve_post_elements_order":"","neve_meta_disable_header":"","neve_meta_disable_footer":"","neve_meta_disable_title":"","_themeisle_gutenberg_block_has_review":false},"product_brand":[],"product_cat":[161],"product_tag":[],"class_list":{"0":"post-6787","1":"product","2":"type-product","3":"status-publish","4":"has-post-thumbnail","6":"product_cat-bronzes","7":"pa_dimensions-h-11-cm","8":"pa_epoque-debut-du-xxeme-siecle","9":"pa_ethnie-gan","10":"pa_materiaux-bronze","11":"pa_pays-burkina-faso","13":"first","14":"instock","15":"sold-individually","16":"taxable","17":"shipping-taxable","18":"purchasable","19":"product-type-simple","20":"add-to-wishlist-before_image"},"_links":{"self":[{"href":"https:\/\/evebegalli.com\/en\/wp-json\/wp\/v2\/product\/6787","targetHints":{"allow":["GET"]}}],"collection":[{"href":"https:\/\/evebegalli.com\/en\/wp-json\/wp\/v2\/product"}],"about":[{"href":"https:\/\/evebegalli.com\/en\/wp-json\/wp\/v2\/types\/product"}],"version-history":[{"count":0,"href":"https:\/\/evebegalli.com\/en\/wp-json\/wp\/v2\/product\/6787\/revisions"}],"wp:featuredmedia":[{"embeddable":true,"href":"https:\/\/evebegalli.com\/en\/wp-json\/wp\/v2\/media\/6788"}],"wp:attachment":[{"href":"https:\/\/evebegalli.com\/en\/wp-json\/wp\/v2\/media?parent=6787"}],"wp:term":[{"taxonomy":"product_brand","embeddable":true,"href":"https:\/\/evebegalli.com\/en\/wp-json\/wp\/v2\/product_brand?post=6787"},{"taxonomy":"product_cat","embeddable":true,"href":"https:\/\/evebegalli.com\/en\/wp-json\/wp\/v2\/product_cat?post=6787"},{"taxonomy":"product_tag","embeddable":true,"href":"https:\/\/evebegalli.com\/en\/wp-json\/wp\/v2\/product_tag?post=6787"}],"curies":[{"name":"wp","href":"https:\/\/api.w.org\/{rel}","templated":true}]}}