{"id":6749,"date":"2020-04-25T17:02:03","date_gmt":"2020-04-25T17:02:03","guid":{"rendered":"https:\/\/evebegalli.com\/?post_type=product&#038;p=6749"},"modified":"2022-12-13T22:52:37","modified_gmt":"2022-12-13T22:52:37","slug":"statue-lobi-feminine-burkina-faso","status":"publish","type":"product","link":"https:\/\/evebegalli.com\/en\/product\/statue-lobi-feminine-burkina-faso\/","title":{"rendered":"Statue Lobi F\u00e9minine, Burkina Faso"},"content":{"rendered":"<p><a name=\"v213\"><\/a><br \/>\n<div class=\"epyt-video-wrapper\"><iframe  id=\"_ytid_40531\"  width=\"1200\" height=\"675\"  data-origwidth=\"1200\" data-origheight=\"675\" src=\"https:\/\/www.youtube.com\/embed\/LiL6svHzyH4?enablejsapi=1&autoplay=0&cc_load_policy=0&cc_lang_pref=&iv_load_policy=1&loop=0&rel=0&fs=1&playsinline=0&autohide=2&theme=dark&color=red&controls=1&disablekb=0&\" class=\"__youtube_prefs__  no-lazyload\" title=\"YouTube player\"  allow=\"fullscreen; accelerometer; autoplay; clipboard-write; encrypted-media; gyroscope; picture-in-picture; web-share\" referrerpolicy=\"strict-origin-when-cross-origin\" allowfullscreen data-no-lazy=\"1\" data-skipgform_ajax_framebjll=\"\"><\/iframe><\/div><\/p>","protected":false},"excerpt":{"rendered":"<p>Importante figure f\u00e9minine Lobi en bois dur, pr\u00e9sent\u00e9e debout les bras d\u00e9tach\u00e9s du corps, les mains sur les anches, avec \u00e9rosions localis\u00e9es sur la partie basse.\u00a0 Certainement elle repr\u00e9sente un anc\u00eatre du lignage f\u00e9minin. Elle porte sur la t\u00eate un r\u00e9ceptacle circulaire qui rappelle qu&rsquo;elle a support\u00e9 un grand malheur familial, le d\u00e9c\u00e8s d&rsquo;un \u00eatre cher ou le d\u00e9part d&rsquo;un fils. La t\u00eate\u00a0 tourn\u00e9e vers la droite peut signifier qu&rsquo;elle est \u00e0 la recherche de celui qu&rsquo;elle a perdu. La douleur est exprim\u00e9e dans le visage triste.\u00a0 On doit remarquer le traitement \u00ab cubiste \u00bb des traits du visage. Les d\u00e9tails de cette sculpture permettent de l\u2019assigner \u00e0 un sculpteur Lobi r\u00e9pertori\u00e9 dans l\u2019ouvrage\u00a0<em>Westafrikanische Skulpturen aus der Sammlung Greschik LOBI\u00a0<\/em>dans la section groupe d\u2019\u0153uvres 5, o\u00f9 l\u2019on peut voir quelques exemples aux pages 160-165. Ancienne patine d\u2019usage \u00e9paisse par endroits r\u00e9sultant de projections rituelles.<\/p>\n<p><strong>Origin<\/strong><br \/>\nEx Collection particuli\u00e8re, Honfleur<br \/>\nEx Collection Missing Link Gallery, Sarasota (Floride)<br \/>\nTradart Deauville &#8211; <em>Art Moderne et Contemporain &#8211; Art Africain &#8211; Design<\/em> &#8211; 31 mars 2019 Deauville<br \/>\nCollection Eve Begalli, Grenoble, acquired during this sale<\/p>\n<p style=\"text-align: center;\"><a class=\"maxbutton-1 maxbutton maxbutton-regardez-la-video\" href=\"#v213\"><span class='mb-text'>GO TO THE VIDEO<\/span><\/a><\/p>","protected":false},"featured_media":6760,"template":"","meta":{"_exactmetrics_skip_tracking":false,"_exactmetrics_sitenote_active":false,"_exactmetrics_sitenote_note":"","_exactmetrics_sitenote_category":0,"neve_meta_sidebar":"","neve_meta_container":"","neve_meta_enable_content_width":"on","neve_meta_content_width":100,"neve_meta_title_alignment":"","neve_meta_author_avatar":"","neve_post_elements_order":"","neve_meta_disable_header":"","neve_meta_disable_footer":"","neve_meta_disable_title":"","_themeisle_gutenberg_block_has_review":false},"product_brand":[],"product_cat":[27],"product_tag":[],"class_list":{"0":"post-6749","1":"product","2":"type-product","3":"status-publish","4":"has-post-thumbnail","6":"product_cat-statues","7":"pa_dimensions-h-60cm","8":"pa_epoque-debut-du-xxeme-siecle","9":"pa_ethnie-lobi","10":"pa_materiaux-bois","11":"pa_pays-burkina-faso","13":"first","14":"instock","15":"sold-individually","16":"taxable","17":"shipping-taxable","18":"purchasable","19":"product-type-simple","20":"add-to-wishlist-before_image"},"_links":{"self":[{"href":"https:\/\/evebegalli.com\/en\/wp-json\/wp\/v2\/product\/6749","targetHints":{"allow":["GET"]}}],"collection":[{"href":"https:\/\/evebegalli.com\/en\/wp-json\/wp\/v2\/product"}],"about":[{"href":"https:\/\/evebegalli.com\/en\/wp-json\/wp\/v2\/types\/product"}],"version-history":[{"count":3,"href":"https:\/\/evebegalli.com\/en\/wp-json\/wp\/v2\/product\/6749\/revisions"}],"predecessor-version":[{"id":14861,"href":"https:\/\/evebegalli.com\/en\/wp-json\/wp\/v2\/product\/6749\/revisions\/14861"}],"wp:featuredmedia":[{"embeddable":true,"href":"https:\/\/evebegalli.com\/en\/wp-json\/wp\/v2\/media\/6760"}],"wp:attachment":[{"href":"https:\/\/evebegalli.com\/en\/wp-json\/wp\/v2\/media?parent=6749"}],"wp:term":[{"taxonomy":"product_brand","embeddable":true,"href":"https:\/\/evebegalli.com\/en\/wp-json\/wp\/v2\/product_brand?post=6749"},{"taxonomy":"product_cat","embeddable":true,"href":"https:\/\/evebegalli.com\/en\/wp-json\/wp\/v2\/product_cat?post=6749"},{"taxonomy":"product_tag","embeddable":true,"href":"https:\/\/evebegalli.com\/en\/wp-json\/wp\/v2\/product_tag?post=6749"}],"curies":[{"name":"wp","href":"https:\/\/api.w.org\/{rel}","templated":true}]}}