{"id":658,"date":"2019-09-15T15:33:39","date_gmt":"2019-09-15T15:33:39","guid":{"rendered":"https:\/\/evebegalli.com\/?post_type=product&#038;p=658"},"modified":"2024-05-07T18:49:26","modified_gmt":"2024-05-07T18:49:26","slug":"statue-dan-cote-divoire","status":"publish","type":"product","link":"https:\/\/evebegalli.com\/en\/product\/statue-dan-cote-divoire\/","title":{"rendered":"Statue F\u00e9minine Dan, C\u00f4te d&rsquo;Ivoire"},"content":{"rendered":"<p><a name=\"v1\"><\/a><br \/>\n<div class=\"epyt-video-wrapper\"><iframe  id=\"_ytid_95403\"  width=\"1200\" height=\"675\"  data-origwidth=\"1200\" data-origheight=\"675\" src=\"https:\/\/www.youtube.com\/embed\/4wPmnK5QESs?enablejsapi=1&autoplay=0&cc_load_policy=0&cc_lang_pref=&iv_load_policy=1&loop=0&rel=0&fs=1&playsinline=0&autohide=2&theme=dark&color=red&controls=1&disablekb=0&\" class=\"__youtube_prefs__  no-lazyload\" title=\"YouTube player\"  allow=\"fullscreen; accelerometer; autoplay; clipboard-write; encrypted-media; gyroscope; picture-in-picture; web-share\" referrerpolicy=\"strict-origin-when-cross-origin\" allowfullscreen data-no-lazy=\"1\" data-skipgform_ajax_framebjll=\"\"><\/iframe><\/div><\/p>\n<p><a name=\"c1\"><\/a><br \/>\n<div class=\"_df_book df-lite\" id=\"df_9799\"  _slug=\"catalogue-1-statue-feminine-dan-cote-divoire\" data-title=\"catalogue-1-statue-feminine-dan-cote-divoire\" wpoptions=\"true\" thumbtype=\"\" ><\/div><script class=\"df-shortcode-script\" nowprocket type=\"application\/javascript\">window.option_df_9799 = {\"outline\":[],\"autoEnableOutline\":\"false\",\"autoEnableThumbnail\":\"false\",\"overwritePDFOutline\":\"false\",\"direction\":\"1\",\"pageSize\":\"0\",\"source\":\"https:\\\/\\\/evebegalli.com\\\/wp-content\\\/uploads\\\/2021\\\/01\\\/1.pdf\",\"wpOptions\":\"true\"}; if(window.DFLIP && window.DFLIP.parseBooks){window.DFLIP.parseBooks();}<\/script><\/p>","protected":false},"excerpt":{"rendered":"<p>Cette statue traduit \u00e0 la perfection les crit\u00e8res de l&rsquo;esth\u00e9tique des Dan, parfait \u00e9quilibre de la pose aux jambes arqu\u00e9es semi-fl\u00e9chies et masses musculaires soulign\u00e9es par la fermet\u00e9 des galbes.\u00a0 Le visage au haut front bomb\u00e9 et aux traits fins avec sa scarification frontale. Les yeux mi-clos et \u00e9tir\u00e9s portant le \u00ab loup \u00bb de kaolin des jeunes femmes, le nez droit au-dessus d&rsquo;une bouche ourl\u00e9e s&rsquo;entrouvrant sur deux petites dents m\u00e9talliques.<br \/>\nLa coiffure tr\u00e8s \u00e9labor\u00e9e est compos\u00e9e de trois nattes tress\u00e9es en fibres v\u00e9g\u00e9tales qui retombent sur les c\u00f4t\u00e9s et \u00e0 l&rsquo;arri\u00e8re, et une natte en couronne sur le front.<br \/>\nLes mains sont larges et sculpt\u00e9es. Les seins plats et de volume r\u00e9duit, \u00e9taient recouverts de kaolin. Trois belles scarifications t\u00e9gumentaires rayonnent \u00e0 partir du nombril.<br \/>\nTr\u00e8s belle patine d&rsquo;usage allant du noir au brun-fonc\u00e9.<\/p>\n<p style=\"text-align: center;\"><a class=\"maxbutton-1 maxbutton maxbutton-regardez-la-video\" href=\"#v1\"><span class='mb-text'>GO TO THE VIDEO<\/span><\/a>\u00a0 \u00a0 \u00a0 \u00a0 \u00a0 <a class=\"maxbutton-3 maxbutton maxbutton-regardez-le-catalogue\" href=\"#c1\"><span class='mb-text'>GO TO THE CATALOG<\/span><\/a><\/p>\n<p><strong>Origin<\/strong><br \/>\nEx collection fran\u00e7aise N.G.<br \/>\nCollection Eve Begalli, Grenoble, acquise en 2017<\/p>","protected":false},"featured_media":1175,"template":"","meta":{"_exactmetrics_skip_tracking":false,"_exactmetrics_sitenote_active":false,"_exactmetrics_sitenote_note":"","_exactmetrics_sitenote_category":0,"neve_meta_sidebar":"","neve_meta_container":"","neve_meta_enable_content_width":"on","neve_meta_content_width":100,"neve_meta_title_alignment":"","neve_meta_author_avatar":"","neve_post_elements_order":"","neve_meta_disable_header":"","neve_meta_disable_footer":"","neve_meta_disable_title":"","_themeisle_gutenberg_block_has_review":false},"product_brand":[],"product_cat":[27],"product_tag":[],"class_list":{"0":"post-658","1":"product","2":"type-product","3":"status-publish","4":"has-post-thumbnail","6":"product_cat-statues","7":"pa_dimensions-h-50cm","8":"pa_epoque-circa-1940","9":"pa_ethnie-dan","10":"pa_materiaux-bois-metal-fibres-kaolin","11":"pa_pays-cote-divoire","13":"first","14":"outofstock","15":"sold-individually","16":"taxable","17":"shipping-taxable","18":"product-type-simple","19":"add-to-wishlist-before_image"},"_links":{"self":[{"href":"https:\/\/evebegalli.com\/en\/wp-json\/wp\/v2\/product\/658","targetHints":{"allow":["GET"]}}],"collection":[{"href":"https:\/\/evebegalli.com\/en\/wp-json\/wp\/v2\/product"}],"about":[{"href":"https:\/\/evebegalli.com\/en\/wp-json\/wp\/v2\/types\/product"}],"version-history":[{"count":1,"href":"https:\/\/evebegalli.com\/en\/wp-json\/wp\/v2\/product\/658\/revisions"}],"predecessor-version":[{"id":17633,"href":"https:\/\/evebegalli.com\/en\/wp-json\/wp\/v2\/product\/658\/revisions\/17633"}],"wp:featuredmedia":[{"embeddable":true,"href":"https:\/\/evebegalli.com\/en\/wp-json\/wp\/v2\/media\/1175"}],"wp:attachment":[{"href":"https:\/\/evebegalli.com\/en\/wp-json\/wp\/v2\/media?parent=658"}],"wp:term":[{"taxonomy":"product_brand","embeddable":true,"href":"https:\/\/evebegalli.com\/en\/wp-json\/wp\/v2\/product_brand?post=658"},{"taxonomy":"product_cat","embeddable":true,"href":"https:\/\/evebegalli.com\/en\/wp-json\/wp\/v2\/product_cat?post=658"},{"taxonomy":"product_tag","embeddable":true,"href":"https:\/\/evebegalli.com\/en\/wp-json\/wp\/v2\/product_tag?post=658"}],"curies":[{"name":"wp","href":"https:\/\/api.w.org\/{rel}","templated":true}]}}