{"id":6572,"date":"2020-04-21T09:16:57","date_gmt":"2020-04-21T09:16:57","guid":{"rendered":"https:\/\/evebegalli.com\/?post_type=product&#038;p=6572"},"modified":"2020-04-21T14:18:17","modified_gmt":"2020-04-21T14:18:17","slug":"lobi-lance-pierre-4-burkina-faso","status":"publish","type":"product","link":"https:\/\/evebegalli.com\/en\/product\/lobi-lance-pierre-4-burkina-faso\/","title":{"rendered":"Lobi lance-pierres (4), Burkina Faso"},"content":{"rendered":"<div class=\"epyt-video-wrapper\"><iframe  id=\"_ytid_53915\"  width=\"1200\" height=\"675\"  data-origwidth=\"1200\" data-origheight=\"675\" src=\"https:\/\/www.youtube.com\/embed\/7hEYv9xpz-Y?enablejsapi=1&autoplay=0&cc_load_policy=0&cc_lang_pref=&iv_load_policy=1&loop=0&rel=0&fs=1&playsinline=0&autohide=2&theme=dark&color=red&controls=1&disablekb=0&\" class=\"__youtube_prefs__  no-lazyload\" title=\"YouTube player\"  allow=\"fullscreen; accelerometer; autoplay; clipboard-write; encrypted-media; gyroscope; picture-in-picture; web-share\" referrerpolicy=\"strict-origin-when-cross-origin\" allowfullscreen data-no-lazy=\"1\" data-skipgform_ajax_framebjll=\"\"><\/iframe><\/div>","protected":false},"excerpt":{"rendered":"<p>Tr\u00e8s bel et ancien lance-pierres Lobi, sculpture anthropomorphe de grande finesse, repr\u00e9sentant un buste masculin les bras le long du corps, les mains plac\u00e9es sur les hanches. Les traces d\u2019outil r\u00e9guli\u00e8res font jouer la lumi\u00e8re sur la patine d\u2019usage brillante couleur miel et brune, qui t\u00e9moigne d&rsquo;une tr\u00e8s longue utilisation. Le lance-pierres est utilis\u00e9 particuli\u00e8rement pour la chasse aux oiseaux et autres petits gibiers. Tr\u00e8s bel objet de collection ancien et authentique.<\/p>\n<p><strong>Origin<\/strong><br \/>\nEx collection anglaise<br \/>\nEve Begalli collection, Grenoble, acquired in 2019<\/p>","protected":false},"featured_media":6583,"template":"","meta":{"_exactmetrics_skip_tracking":false,"_exactmetrics_sitenote_active":false,"_exactmetrics_sitenote_note":"","_exactmetrics_sitenote_category":0,"neve_meta_sidebar":"","neve_meta_container":"","neve_meta_enable_content_width":"on","neve_meta_content_width":100,"neve_meta_title_alignment":"","neve_meta_author_avatar":"","neve_post_elements_order":"","neve_meta_disable_header":"","neve_meta_disable_footer":"","neve_meta_disable_title":"","_themeisle_gutenberg_block_has_review":false},"product_brand":[],"product_cat":[157],"product_tag":[],"class_list":{"0":"post-6572","1":"product","2":"type-product","3":"status-publish","4":"has-post-thumbnail","6":"product_cat-armes","7":"pa_dimensions-h-22-cm","8":"pa_epoque-premiere-moitie-du-xxeme-siecle","9":"pa_ethnie-lobi","10":"pa_materiaux-bois","11":"pa_pays-burkina-faso","13":"first","14":"instock","15":"sold-individually","16":"taxable","17":"shipping-taxable","18":"purchasable","19":"product-type-simple","20":"add-to-wishlist-before_image"},"_links":{"self":[{"href":"https:\/\/evebegalli.com\/en\/wp-json\/wp\/v2\/product\/6572","targetHints":{"allow":["GET"]}}],"collection":[{"href":"https:\/\/evebegalli.com\/en\/wp-json\/wp\/v2\/product"}],"about":[{"href":"https:\/\/evebegalli.com\/en\/wp-json\/wp\/v2\/types\/product"}],"version-history":[{"count":0,"href":"https:\/\/evebegalli.com\/en\/wp-json\/wp\/v2\/product\/6572\/revisions"}],"wp:featuredmedia":[{"embeddable":true,"href":"https:\/\/evebegalli.com\/en\/wp-json\/wp\/v2\/media\/6583"}],"wp:attachment":[{"href":"https:\/\/evebegalli.com\/en\/wp-json\/wp\/v2\/media?parent=6572"}],"wp:term":[{"taxonomy":"product_brand","embeddable":true,"href":"https:\/\/evebegalli.com\/en\/wp-json\/wp\/v2\/product_brand?post=6572"},{"taxonomy":"product_cat","embeddable":true,"href":"https:\/\/evebegalli.com\/en\/wp-json\/wp\/v2\/product_cat?post=6572"},{"taxonomy":"product_tag","embeddable":true,"href":"https:\/\/evebegalli.com\/en\/wp-json\/wp\/v2\/product_tag?post=6572"}],"curies":[{"name":"wp","href":"https:\/\/api.w.org\/{rel}","templated":true}]}}