{"id":6420,"date":"2020-04-19T17:15:41","date_gmt":"2020-04-19T17:15:41","guid":{"rendered":"https:\/\/evebegalli.com\/?post_type=product&#038;p=6420"},"modified":"2020-05-01T10:25:49","modified_gmt":"2020-05-01T10:25:49","slug":"fon-bocio-vaudou-benin","status":"publish","type":"product","link":"https:\/\/evebegalli.com\/en\/product\/fon-bocio-vaudou-benin\/","title":{"rendered":"Fon Bocio Vaudou, B\u00e9nin"},"content":{"rendered":"<div class=\"epyt-video-wrapper\"><iframe  id=\"_ytid_96553\"  width=\"1200\" height=\"675\"  data-origwidth=\"1200\" data-origheight=\"675\" src=\"https:\/\/www.youtube.com\/embed\/zdR6HrXGXac?enablejsapi=1&autoplay=0&cc_load_policy=0&cc_lang_pref=&iv_load_policy=1&loop=0&rel=0&fs=1&playsinline=0&autohide=2&theme=dark&color=red&controls=1&disablekb=0&\" class=\"__youtube_prefs__  no-lazyload\" title=\"YouTube player\"  allow=\"fullscreen; accelerometer; autoplay; clipboard-write; encrypted-media; gyroscope; picture-in-picture; web-share\" referrerpolicy=\"strict-origin-when-cross-origin\" allowfullscreen data-no-lazy=\"1\" data-skipgform_ajax_framebjll=\"\"><\/iframe><\/div>","protected":false},"excerpt":{"rendered":"<p>Important\u00a0<a href=\"https:\/\/evebegalli.com\/en\/2020\/01\/07\/3476\/\">Bocio<\/a> Fon Maternit\u00e9 en position assise entour\u00e9 de deux figures d&rsquo;animaux. On peut identifier la puissance du <a href=\"https:\/\/evebegalli.com\/en\/2020\/01\/07\/3476\/\">Bocio<\/a> \u00e0 partir de certains attributs, dans ce cas le vodun de la foudre Hevieso repr\u00e9sent\u00e9 par les haches biface m\u00e9talliques plant\u00e9s dans le thorax et dans le cr\u00e2ne et les tiges ondulantes en fer qui repr\u00e9sentent Dan ou Dangb\u00e9, le vaudou-serpent, plant\u00e9s dans l&rsquo;abdomen. Beau visage joufflu tr\u00e8s expressif, avec importante patine sacrificielle de sang animal s\u00e9ch\u00e9 et traces de pigments bleus de lessive. Deux figures d&rsquo;enfants son retenues contre le torse de la m\u00e8re \u00e0 travers un lien en tissus et \u00e0 l&rsquo;arri\u00e8re un os enroul\u00e9 de tissus, cordes et cauris. Des fibres v\u00e9g\u00e9tales ornent le cou et la taille de la m\u00e8re. Une masse protub\u00e9rante est pr\u00e9sente au niveau de l&rsquo;abdomen dans laquelle sont plant\u00e9es les tiges ondulantes en fer.<\/p>\n<p><strong>Origin<\/strong><br \/>\nEx Collection Marc Aguirregabiria (1959 &#8211; 2017), Argentan<br \/>\nOrne Ench\u00e8res \u2013 Apr\u00e8s succession \u2013 Collection Marc Aguirregabiria \u2013 \u00a0<em>Vente d\u2019un cabinet de curiosit\u00e9s Arts Africains et Oc\u00e9aniens &#8211; Objets du Culte Vaudou,<\/em> 2 f\u00e9vrier 2019 Alen\u00e7on<br \/>\nCollection Eve Begalli, Grenoble,\u00a0acquis lors de cette vente<\/p>\n<p><a href=\"https:\/\/www.ouest-france.fr\/normandie\/argentan-61200\/argentan-350-objets-d-art-africain-sortent-d-un-cabinet-de-curiosites-6207909\">https:\/\/www.ouest-france.fr\/normandie\/argentan-61200\/argentan-350-objets-d-art-africain-sortent-d-un-cabinet-de-curiosites-6207909<\/a><\/p>","protected":false},"featured_media":6422,"template":"","meta":{"_exactmetrics_skip_tracking":false,"_exactmetrics_sitenote_active":false,"_exactmetrics_sitenote_note":"","_exactmetrics_sitenote_category":0,"neve_meta_sidebar":"","neve_meta_container":"","neve_meta_enable_content_width":"on","neve_meta_content_width":100,"neve_meta_title_alignment":"","neve_meta_author_avatar":"","neve_post_elements_order":"","neve_meta_disable_header":"","neve_meta_disable_footer":"","neve_meta_disable_title":"","_themeisle_gutenberg_block_has_review":false},"product_brand":[],"product_cat":[27],"product_tag":[],"class_list":{"0":"post-6420","1":"product","2":"type-product","3":"status-publish","4":"has-post-thumbnail","6":"product_cat-statues","7":"pa_dimensions-h-74-cm-p-44-cm-l-44-cm","8":"pa_epoque-circa-1950","9":"pa_ethnie-fon","10":"pa_materiaux-bois-fer-tissus-cauris-os-fibre-vegetal-sang-pigments","11":"pa_pays-benin","13":"first","14":"outofstock","15":"sold-individually","16":"taxable","17":"shipping-taxable","18":"product-type-simple","19":"add-to-wishlist-before_image"},"_links":{"self":[{"href":"https:\/\/evebegalli.com\/en\/wp-json\/wp\/v2\/product\/6420","targetHints":{"allow":["GET"]}}],"collection":[{"href":"https:\/\/evebegalli.com\/en\/wp-json\/wp\/v2\/product"}],"about":[{"href":"https:\/\/evebegalli.com\/en\/wp-json\/wp\/v2\/types\/product"}],"version-history":[{"count":0,"href":"https:\/\/evebegalli.com\/en\/wp-json\/wp\/v2\/product\/6420\/revisions"}],"wp:featuredmedia":[{"embeddable":true,"href":"https:\/\/evebegalli.com\/en\/wp-json\/wp\/v2\/media\/6422"}],"wp:attachment":[{"href":"https:\/\/evebegalli.com\/en\/wp-json\/wp\/v2\/media?parent=6420"}],"wp:term":[{"taxonomy":"product_brand","embeddable":true,"href":"https:\/\/evebegalli.com\/en\/wp-json\/wp\/v2\/product_brand?post=6420"},{"taxonomy":"product_cat","embeddable":true,"href":"https:\/\/evebegalli.com\/en\/wp-json\/wp\/v2\/product_cat?post=6420"},{"taxonomy":"product_tag","embeddable":true,"href":"https:\/\/evebegalli.com\/en\/wp-json\/wp\/v2\/product_tag?post=6420"}],"curies":[{"name":"wp","href":"https:\/\/api.w.org\/{rel}","templated":true}]}}