{"id":6374,"date":"2020-04-17T17:41:03","date_gmt":"2020-04-17T17:41:03","guid":{"rendered":"https:\/\/evebegalli.com\/?post_type=product&#038;p=6374"},"modified":"2020-04-17T20:15:21","modified_gmt":"2020-04-17T20:15:21","slug":"poupee-biga-mossi-burkina-faso","status":"publish","type":"product","link":"https:\/\/evebegalli.com\/en\/product\/poupee-biga-mossi-burkina-faso\/","title":{"rendered":"Poup\u00e9e Biga, Mossi, Burkina Faso"},"content":{"rendered":"<div class=\"epyt-video-wrapper\"><iframe  id=\"_ytid_89533\"  width=\"1200\" height=\"675\"  data-origwidth=\"1200\" data-origheight=\"675\" src=\"https:\/\/www.youtube.com\/embed\/pqd1QF4PegQ?enablejsapi=1&autoplay=0&cc_load_policy=0&cc_lang_pref=&iv_load_policy=1&loop=0&rel=0&fs=1&playsinline=0&autohide=2&theme=dark&color=red&controls=1&disablekb=0&\" class=\"__youtube_prefs__  no-lazyload\" title=\"YouTube player\"  allow=\"fullscreen; accelerometer; autoplay; clipboard-write; encrypted-media; gyroscope; picture-in-picture; web-share\" referrerpolicy=\"strict-origin-when-cross-origin\" allowfullscreen data-no-lazy=\"1\" data-skipgform_ajax_framebjll=\"\"><\/iframe><\/div>","protected":false},"excerpt":{"rendered":"<p>Belle Biga Mossi, le corps gain\u00e9e de cuir. Au buste cylindrique domin\u00e9 par les seins g\u00e9n\u00e9reux et tombants, caract\u00e9ristiques, r\u00e9pond la t\u00eate &#8211; portant une coiffure stylis\u00e9e en cr\u00eate &#8211; sculpt\u00e9e \u00e0 son extr\u00e9mit\u00e9 d&rsquo;un visage ovale, aux traits sch\u00e9matiques &#8211; nervure m\u00e9diane en tr\u00e8s l\u00e9ger relief, encadr\u00e9e de deux petits trous signifiant les yeux, menton saillant et petite bouche creuse. Des scarifications rehauss\u00e9es de noir sont visibles sur le visage et sur les cot\u00e9s de la t\u00eate. Tr\u00e8s belle patine d&rsquo;usage.<\/p>\n<p><strong>Origin<\/strong><br \/>\nEx French collection<br \/>\nEve Begalli collection, Grenoble, acquired in 2019<\/p>","protected":false},"featured_media":6380,"template":"","meta":{"_exactmetrics_skip_tracking":false,"_exactmetrics_sitenote_active":false,"_exactmetrics_sitenote_note":"","_exactmetrics_sitenote_category":0,"neve_meta_sidebar":"","neve_meta_container":"","neve_meta_enable_content_width":"on","neve_meta_content_width":100,"neve_meta_title_alignment":"","neve_meta_author_avatar":"","neve_post_elements_order":"","neve_meta_disable_header":"","neve_meta_disable_footer":"","neve_meta_disable_title":"","_themeisle_gutenberg_block_has_review":false},"product_brand":[],"product_cat":[27],"product_tag":[],"class_list":{"0":"post-6374","1":"product","2":"type-product","3":"status-publish","4":"has-post-thumbnail","6":"product_cat-statues","7":"pa_dimensions-h-28cm","8":"pa_epoque-premiere-moitie-xx-siecle","9":"pa_ethnie-mossi","10":"pa_materiaux-bois-cuir","11":"pa_pays-burkina-faso","13":"first","14":"instock","15":"sold-individually","16":"taxable","17":"shipping-taxable","18":"purchasable","19":"product-type-simple","20":"add-to-wishlist-before_image"},"_links":{"self":[{"href":"https:\/\/evebegalli.com\/en\/wp-json\/wp\/v2\/product\/6374","targetHints":{"allow":["GET"]}}],"collection":[{"href":"https:\/\/evebegalli.com\/en\/wp-json\/wp\/v2\/product"}],"about":[{"href":"https:\/\/evebegalli.com\/en\/wp-json\/wp\/v2\/types\/product"}],"version-history":[{"count":0,"href":"https:\/\/evebegalli.com\/en\/wp-json\/wp\/v2\/product\/6374\/revisions"}],"wp:featuredmedia":[{"embeddable":true,"href":"https:\/\/evebegalli.com\/en\/wp-json\/wp\/v2\/media\/6380"}],"wp:attachment":[{"href":"https:\/\/evebegalli.com\/en\/wp-json\/wp\/v2\/media?parent=6374"}],"wp:term":[{"taxonomy":"product_brand","embeddable":true,"href":"https:\/\/evebegalli.com\/en\/wp-json\/wp\/v2\/product_brand?post=6374"},{"taxonomy":"product_cat","embeddable":true,"href":"https:\/\/evebegalli.com\/en\/wp-json\/wp\/v2\/product_cat?post=6374"},{"taxonomy":"product_tag","embeddable":true,"href":"https:\/\/evebegalli.com\/en\/wp-json\/wp\/v2\/product_tag?post=6374"}],"curies":[{"name":"wp","href":"https:\/\/api.w.org\/{rel}","templated":true}]}}