{"id":6291,"date":"2020-04-16T16:05:57","date_gmt":"2020-04-16T16:05:57","guid":{"rendered":"https:\/\/evebegalli.com\/?post_type=product&#038;p=6291"},"modified":"2020-04-17T06:12:20","modified_gmt":"2020-04-17T06:12:20","slug":"chaise-dan-cote-divoire","status":"publish","type":"product","link":"https:\/\/evebegalli.com\/en\/product\/chaise-dan-cote-divoire\/","title":{"rendered":"Chaise Dan, C\u00f4te d&rsquo;Ivoire"},"content":{"rendered":"<div class=\"epyt-video-wrapper\"><iframe  id=\"_ytid_97752\"  width=\"1200\" height=\"675\"  data-origwidth=\"1200\" data-origheight=\"675\" src=\"https:\/\/www.youtube.com\/embed\/5fBA099iWaw?enablejsapi=1&autoplay=0&cc_load_policy=0&cc_lang_pref=&iv_load_policy=1&loop=0&rel=0&fs=1&playsinline=0&autohide=2&theme=dark&color=red&controls=1&disablekb=0&\" class=\"__youtube_prefs__  no-lazyload\" title=\"YouTube player\"  allow=\"fullscreen; accelerometer; autoplay; clipboard-write; encrypted-media; gyroscope; picture-in-picture; web-share\" referrerpolicy=\"strict-origin-when-cross-origin\" allowfullscreen data-no-lazy=\"1\" data-skipgform_ajax_framebjll=\"\"><\/iframe><\/div>","protected":false},"excerpt":{"rendered":"<p>Belle petite chaise \u00e0 dossier recourb\u00e9 \u00e0 d\u00e9cors grav\u00e9s \u00a0sur l&rsquo;assise apparaissant lors de l&rsquo;initiation des jeunes filles qui s&rsquo;agenouillaient dessus. Bois a superbe patine d&rsquo;usage miel due a l&rsquo;utilisation de g\u00e9n\u00e9ration en g\u00e9n\u00e9ration. \u00a0Usures et fentes d&rsquo;anciennet\u00e9.<\/p>\n<p><strong>Origin<\/strong><br \/>\nEx French collection<br \/>\nEve Begalli collection, Grenoble, acquired in 2019<\/p>","protected":false},"featured_media":6305,"template":"","meta":{"_exactmetrics_skip_tracking":false,"_exactmetrics_sitenote_active":false,"_exactmetrics_sitenote_note":"","_exactmetrics_sitenote_category":0,"neve_meta_sidebar":"","neve_meta_container":"","neve_meta_enable_content_width":"on","neve_meta_content_width":100,"neve_meta_title_alignment":"","neve_meta_author_avatar":"","neve_post_elements_order":"","neve_meta_disable_header":"","neve_meta_disable_footer":"","neve_meta_disable_title":"","_themeisle_gutenberg_block_has_review":false},"product_brand":[],"product_cat":[25],"product_tag":[],"class_list":{"0":"post-6291","1":"product","2":"type-product","3":"status-publish","4":"has-post-thumbnail","6":"product_cat-tabourets","7":"pa_dimensions-l-34-5cm-p-23cm-h-siege-9cm-h-dossier-26-cm","8":"pa_epoque-debut-du-xxeme-siecle","9":"pa_ethnie-dan","10":"pa_materiaux-bois","11":"pa_pays-cote-divoire","13":"first","14":"instock","15":"sold-individually","16":"taxable","17":"shipping-taxable","18":"purchasable","19":"product-type-simple","20":"add-to-wishlist-before_image"},"_links":{"self":[{"href":"https:\/\/evebegalli.com\/en\/wp-json\/wp\/v2\/product\/6291","targetHints":{"allow":["GET"]}}],"collection":[{"href":"https:\/\/evebegalli.com\/en\/wp-json\/wp\/v2\/product"}],"about":[{"href":"https:\/\/evebegalli.com\/en\/wp-json\/wp\/v2\/types\/product"}],"version-history":[{"count":0,"href":"https:\/\/evebegalli.com\/en\/wp-json\/wp\/v2\/product\/6291\/revisions"}],"wp:featuredmedia":[{"embeddable":true,"href":"https:\/\/evebegalli.com\/en\/wp-json\/wp\/v2\/media\/6305"}],"wp:attachment":[{"href":"https:\/\/evebegalli.com\/en\/wp-json\/wp\/v2\/media?parent=6291"}],"wp:term":[{"taxonomy":"product_brand","embeddable":true,"href":"https:\/\/evebegalli.com\/en\/wp-json\/wp\/v2\/product_brand?post=6291"},{"taxonomy":"product_cat","embeddable":true,"href":"https:\/\/evebegalli.com\/en\/wp-json\/wp\/v2\/product_cat?post=6291"},{"taxonomy":"product_tag","embeddable":true,"href":"https:\/\/evebegalli.com\/en\/wp-json\/wp\/v2\/product_tag?post=6291"}],"curies":[{"name":"wp","href":"https:\/\/api.w.org\/{rel}","templated":true}]}}