{"id":6262,"date":"2020-04-16T16:02:54","date_gmt":"2020-04-16T16:02:54","guid":{"rendered":"https:\/\/evebegalli.com\/?post_type=product&#038;p=6262"},"modified":"2021-11-29T17:02:25","modified_gmt":"2021-11-29T17:02:25","slug":"poupee-de-fertilite-akua-ba-ashanti-ghana","status":"publish","type":"product","link":"https:\/\/evebegalli.com\/en\/product\/poupee-de-fertilite-akua-ba-ashanti-ghana\/","title":{"rendered":"Poup\u00e9e de fertilit\u00e9 Akua-ba Ashanti, Ghana"},"content":{"rendered":"<div class=\"epyt-video-wrapper\"><iframe  id=\"_ytid_33805\"  width=\"1200\" height=\"675\"  data-origwidth=\"1200\" data-origheight=\"675\" src=\"https:\/\/www.youtube.com\/embed\/h5sR7dyYIOE?enablejsapi=1&autoplay=0&cc_load_policy=0&cc_lang_pref=&iv_load_policy=1&loop=0&rel=0&fs=1&playsinline=0&autohide=2&theme=dark&color=red&controls=1&disablekb=0&\" class=\"__youtube_prefs__  no-lazyload\" title=\"YouTube player\"  allow=\"fullscreen; accelerometer; autoplay; clipboard-write; encrypted-media; gyroscope; picture-in-picture; web-share\" referrerpolicy=\"strict-origin-when-cross-origin\" allowfullscreen data-no-lazy=\"1\" data-skipgform_ajax_framebjll=\"\"><\/iframe><\/div>","protected":false},"excerpt":{"rendered":"<p>Belle et ancienne poup\u00e9e de fertilit\u00e9 <i>akuaba<\/i> de grande dimension pr\u00e9sentant une belle patine d&rsquo;usage. Tr\u00e8s stylis\u00e9e, cette poup\u00e9e de fertilit\u00e9 \u00e9tait port\u00e9e par les femmes enceintes ou d\u00e9sirant le devenir. A noter l&rsquo;harmonie des volumes et des proportions, le haut corps cylindrique \u00e9vas\u00e9 a niveau du nombril, reposant sur une base circulaire, supportant deux bras horizontaux, la grande t\u00eate ronde. Remarquable par le beau visage sculpt\u00e9 dans la face ronde et concave, anim\u00e9 par la ligne courbe des sourcils, de la coiffe et par le relief des yeux en grain de caf\u00e9, le nez et la bouche. Long cou annel\u00e9. Nombreux petits colliers en perles de verre multicolores autour du cou et aux bras. Le revers de la t\u00eate est d\u00e9cor\u00e9 de motifs incis\u00e9s.<br \/>\nTr\u00e8s belle patine noire brillante.<\/p>\n<p><strong>Origin<\/strong><br \/>\nEx French collection<br \/>\nEve Begalli collection, Grenoble, acquired in 2019<\/p>","protected":false},"featured_media":6271,"template":"","meta":{"_exactmetrics_skip_tracking":false,"_exactmetrics_sitenote_active":false,"_exactmetrics_sitenote_note":"","_exactmetrics_sitenote_category":0,"neve_meta_sidebar":"","neve_meta_container":"","neve_meta_enable_content_width":"on","neve_meta_content_width":100,"neve_meta_title_alignment":"","neve_meta_author_avatar":"","neve_post_elements_order":"","neve_meta_disable_header":"","neve_meta_disable_footer":"","neve_meta_disable_title":"","_themeisle_gutenberg_block_has_review":false},"product_brand":[],"product_cat":[27],"product_tag":[],"class_list":{"0":"post-6262","1":"product","2":"type-product","3":"status-publish","4":"has-post-thumbnail","6":"product_cat-statues","7":"pa_dimensions-h-38cm","8":"pa_epoque-circa-1950","9":"pa_ethnie-ashanti","10":"pa_materiaux-bois-perles","11":"pa_pays-ghana","13":"first","14":"outofstock","15":"sold-individually","16":"taxable","17":"shipping-taxable","18":"product-type-simple","19":"add-to-wishlist-before_image"},"_links":{"self":[{"href":"https:\/\/evebegalli.com\/en\/wp-json\/wp\/v2\/product\/6262","targetHints":{"allow":["GET"]}}],"collection":[{"href":"https:\/\/evebegalli.com\/en\/wp-json\/wp\/v2\/product"}],"about":[{"href":"https:\/\/evebegalli.com\/en\/wp-json\/wp\/v2\/types\/product"}],"version-history":[{"count":0,"href":"https:\/\/evebegalli.com\/en\/wp-json\/wp\/v2\/product\/6262\/revisions"}],"wp:featuredmedia":[{"embeddable":true,"href":"https:\/\/evebegalli.com\/en\/wp-json\/wp\/v2\/media\/6271"}],"wp:attachment":[{"href":"https:\/\/evebegalli.com\/en\/wp-json\/wp\/v2\/media?parent=6262"}],"wp:term":[{"taxonomy":"product_brand","embeddable":true,"href":"https:\/\/evebegalli.com\/en\/wp-json\/wp\/v2\/product_brand?post=6262"},{"taxonomy":"product_cat","embeddable":true,"href":"https:\/\/evebegalli.com\/en\/wp-json\/wp\/v2\/product_cat?post=6262"},{"taxonomy":"product_tag","embeddable":true,"href":"https:\/\/evebegalli.com\/en\/wp-json\/wp\/v2\/product_tag?post=6262"}],"curies":[{"name":"wp","href":"https:\/\/api.w.org\/{rel}","templated":true}]}}