{"id":6212,"date":"2020-04-14T15:42:14","date_gmt":"2020-04-14T15:42:14","guid":{"rendered":"https:\/\/evebegalli.com\/?post_type=product&#038;p=6212"},"modified":"2020-04-14T16:16:36","modified_gmt":"2020-04-14T16:16:36","slug":"statue-masculine-baoule-cote-divoire","status":"publish","type":"product","link":"https:\/\/evebegalli.com\/en\/product\/statue-masculine-baoule-cote-divoire\/","title":{"rendered":"Statue Masculine Baoul\u00e9, C\u00f4te d&rsquo;Ivoire"},"content":{"rendered":"<div class=\"epyt-video-wrapper\"><iframe  id=\"_ytid_96145\"  width=\"1200\" height=\"675\"  data-origwidth=\"1200\" data-origheight=\"675\" src=\"https:\/\/www.youtube.com\/embed\/8-I6HqmqJR0?enablejsapi=1&autoplay=0&cc_load_policy=0&cc_lang_pref=&iv_load_policy=1&loop=0&rel=0&fs=1&playsinline=0&autohide=2&theme=dark&color=red&controls=1&disablekb=0&\" class=\"__youtube_prefs__  no-lazyload\" title=\"YouTube player\"  allow=\"fullscreen; accelerometer; autoplay; clipboard-write; encrypted-media; gyroscope; picture-in-picture; web-share\" referrerpolicy=\"strict-origin-when-cross-origin\" allowfullscreen data-no-lazy=\"1\" data-skipgform_ajax_framebjll=\"\"><\/iframe><\/div>","protected":false},"excerpt":{"rendered":"<p>Statue \u00ab <em>Blolo bian<\/em> \u00bb\u00a0 repr\u00e9sentant un \u00e9poux spirituel. Le personnage est debout sur un socle circulaire, les jambes courtes l\u00e9g\u00e8rement fl\u00e9chies, les mains aux doigts d\u00e9taill\u00e9s plaqu\u00e9es sur le ventre et entourent le nombril saillant. L&rsquo;expression int\u00e9rieure donne \u00e0 la statuette une expression tr\u00e8s hi\u00e9ratique tandis que la position des mains met l&rsquo;accent sur l&rsquo;importance de la lign\u00e9e dans la culture Baoul\u00e9. La t\u00eate surdimensionn\u00e9e offre un visage aux traits aplatis finement model\u00e9s, inscrit dans un c\u0153ur\u00a0 &#8211; sourcils arqu\u00e9s se rejoignant \u00e0 la naissance du nez, yeux clos, le menton prolong\u00e9 par une courte barbe en forme de c\u00f4ne. Le ventre, le dos, le cou, le front, la poitrine et les tempes sont superbement orn\u00e9s de ch\u00e9lo\u00efdes aux dessins g\u00e9om\u00e9triques. \u00a0La sculpture se distingue par une coiffure tr\u00e8s \u00e9labor\u00e9e constitu\u00e9e d&rsquo;une succession de trois coques et un court chignon vers l&rsquo;arri\u00e8re de la t\u00eate. Belle patine sombre, nuanc\u00e9e et brillante.<\/p>\n<p><strong>Origin<\/strong><br \/>\nEx French collection<br \/>\nEx collection belge<br \/>\nCollection Eve Begalli, Grenoble (France) &#8211; 2017<\/p>","protected":false},"featured_media":6235,"template":"","meta":{"_exactmetrics_skip_tracking":false,"_exactmetrics_sitenote_active":false,"_exactmetrics_sitenote_note":"","_exactmetrics_sitenote_category":0,"neve_meta_sidebar":"","neve_meta_container":"","neve_meta_enable_content_width":"on","neve_meta_content_width":100,"neve_meta_title_alignment":"","neve_meta_author_avatar":"","neve_post_elements_order":"","neve_meta_disable_header":"","neve_meta_disable_footer":"","neve_meta_disable_title":"","_themeisle_gutenberg_block_has_review":false},"product_brand":[],"product_cat":[27],"product_tag":[],"class_list":{"0":"post-6212","1":"product","2":"type-product","3":"status-publish","4":"has-post-thumbnail","6":"product_cat-statues","7":"pa_dimensions-h-385cm","8":"pa_epoque-circa-1950","9":"pa_ethnie-baoule","10":"pa_materiaux-bois","11":"pa_pays-cote-divoire","13":"first","14":"instock","15":"sold-individually","16":"taxable","17":"shipping-taxable","18":"purchasable","19":"product-type-simple","20":"add-to-wishlist-before_image"},"_links":{"self":[{"href":"https:\/\/evebegalli.com\/en\/wp-json\/wp\/v2\/product\/6212","targetHints":{"allow":["GET"]}}],"collection":[{"href":"https:\/\/evebegalli.com\/en\/wp-json\/wp\/v2\/product"}],"about":[{"href":"https:\/\/evebegalli.com\/en\/wp-json\/wp\/v2\/types\/product"}],"version-history":[{"count":0,"href":"https:\/\/evebegalli.com\/en\/wp-json\/wp\/v2\/product\/6212\/revisions"}],"wp:featuredmedia":[{"embeddable":true,"href":"https:\/\/evebegalli.com\/en\/wp-json\/wp\/v2\/media\/6235"}],"wp:attachment":[{"href":"https:\/\/evebegalli.com\/en\/wp-json\/wp\/v2\/media?parent=6212"}],"wp:term":[{"taxonomy":"product_brand","embeddable":true,"href":"https:\/\/evebegalli.com\/en\/wp-json\/wp\/v2\/product_brand?post=6212"},{"taxonomy":"product_cat","embeddable":true,"href":"https:\/\/evebegalli.com\/en\/wp-json\/wp\/v2\/product_cat?post=6212"},{"taxonomy":"product_tag","embeddable":true,"href":"https:\/\/evebegalli.com\/en\/wp-json\/wp\/v2\/product_tag?post=6212"}],"curies":[{"name":"wp","href":"https:\/\/api.w.org\/{rel}","templated":true}]}}