{"id":6170,"date":"2020-04-14T12:16:22","date_gmt":"2020-04-14T12:16:22","guid":{"rendered":"https:\/\/evebegalli.com\/?post_type=product&#038;p=6170"},"modified":"2020-06-07T14:02:46","modified_gmt":"2020-06-07T14:02:46","slug":"cavalier-dogon-mali-2","status":"publish","type":"product","link":"https:\/\/evebegalli.com\/en\/product\/cavalier-dogon-mali-2\/","title":{"rendered":"Cavalier Dogon, Mali"},"content":{"rendered":"<div class=\"epyt-video-wrapper\"><iframe  id=\"_ytid_93923\"  width=\"1200\" height=\"675\"  data-origwidth=\"1200\" data-origheight=\"675\" src=\"https:\/\/www.youtube.com\/embed\/4M9AYUOTmAk?enablejsapi=1&autoplay=0&cc_load_policy=0&cc_lang_pref=&iv_load_policy=1&loop=0&rel=0&fs=1&playsinline=0&autohide=2&theme=dark&color=red&controls=1&disablekb=0&\" class=\"__youtube_prefs__  no-lazyload\" title=\"YouTube player\"  allow=\"fullscreen; accelerometer; autoplay; clipboard-write; encrypted-media; gyroscope; picture-in-picture; web-share\" referrerpolicy=\"strict-origin-when-cross-origin\" allowfullscreen data-no-lazy=\"1\" data-skipgform_ajax_framebjll=\"\"><\/iframe><\/div>","protected":false},"excerpt":{"rendered":"<p>La sculpture de ce cavalier est caract\u00e9ris\u00e9e par certaines constantes de la statuaire Dogon telles que la verticalit\u00e9 et la stylisation.<br \/>\nLe cavalier porte les insignes qui correspondent \u00e0 son origine et \u00e0 son statut : ornements, barbe, et coiffure. La barbe en collier caract\u00e9ristique des sages Dogon, h\u00e9rit\u00e9e de leurs pr\u00e9d\u00e9cesseurs les Tellem dans la r\u00e9gion de Bandiagara. Il tient les r\u00eanes, celles-ci fix\u00e9es au museau de l&rsquo;animal par une bride tress\u00e9e.<br \/>\nCette pi\u00e8ce est exceptionnelle par sa taille.\u00a0 C&rsquo;\u00e9tait un objet rituel de comm\u00e9moration des anc\u00eatres poss\u00e9d\u00e9 par un homme pour faire preuve de sa richesse et d&rsquo;\u00eatre pr\u00e9serv\u00e9 par les dieux.<br \/>\nLa sculpture pr\u00e9sente une patine s\u00e8che, couverte par endroits d&rsquo;une patine noire \u00e9rod\u00e9e, qui t\u00e9moigne d&rsquo;une manipulation r\u00e9p\u00e9t\u00e9e.<\/p>\n<p><strong>Origin<\/strong><br \/>\nCollected in situ in 1950 by Gabriel Sala<br \/>\nEx Collection Safari Museum, ca. 1980 Montverdun<br \/>\nEx Collection Marc Cohen, Saint-Rapha\u00ebl, acquired in 2011<br \/>\nEve Begalli collection, Grenoble, acquired in 2015<\/p>\n<div>\n<p><a href=\"https:\/\/www.pressreader.com\/monaco\/monaco-matin\/20161028\/281779923672562\">https:\/\/www.pressreader.com\/monaco\/monaco-matin\/20161028\/281779923672562<\/a><\/p>\n<\/div>","protected":false},"featured_media":6174,"template":"","meta":{"_exactmetrics_skip_tracking":false,"_exactmetrics_sitenote_active":false,"_exactmetrics_sitenote_note":"","_exactmetrics_sitenote_category":0,"neve_meta_sidebar":"","neve_meta_container":"","neve_meta_enable_content_width":"on","neve_meta_content_width":100,"neve_meta_title_alignment":"","neve_meta_author_avatar":"","neve_post_elements_order":"","neve_meta_disable_header":"","neve_meta_disable_footer":"","neve_meta_disable_title":"","_themeisle_gutenberg_block_has_review":false},"product_brand":[],"product_cat":[27],"product_tag":[],"class_list":{"0":"post-6170","1":"product","2":"type-product","3":"status-publish","4":"has-post-thumbnail","6":"product_cat-statues","7":"pa_dimensions-h-66cm","8":"pa_epoque-debut-du-xxeme-siecle","9":"pa_ethnie-dogon","10":"pa_materiaux-bois","11":"pa_pays-mali","13":"first","14":"outofstock","15":"sold-individually","16":"taxable","17":"shipping-taxable","18":"product-type-simple","19":"add-to-wishlist-before_image"},"_links":{"self":[{"href":"https:\/\/evebegalli.com\/en\/wp-json\/wp\/v2\/product\/6170","targetHints":{"allow":["GET"]}}],"collection":[{"href":"https:\/\/evebegalli.com\/en\/wp-json\/wp\/v2\/product"}],"about":[{"href":"https:\/\/evebegalli.com\/en\/wp-json\/wp\/v2\/types\/product"}],"version-history":[{"count":0,"href":"https:\/\/evebegalli.com\/en\/wp-json\/wp\/v2\/product\/6170\/revisions"}],"wp:featuredmedia":[{"embeddable":true,"href":"https:\/\/evebegalli.com\/en\/wp-json\/wp\/v2\/media\/6174"}],"wp:attachment":[{"href":"https:\/\/evebegalli.com\/en\/wp-json\/wp\/v2\/media?parent=6170"}],"wp:term":[{"taxonomy":"product_brand","embeddable":true,"href":"https:\/\/evebegalli.com\/en\/wp-json\/wp\/v2\/product_brand?post=6170"},{"taxonomy":"product_cat","embeddable":true,"href":"https:\/\/evebegalli.com\/en\/wp-json\/wp\/v2\/product_cat?post=6170"},{"taxonomy":"product_tag","embeddable":true,"href":"https:\/\/evebegalli.com\/en\/wp-json\/wp\/v2\/product_tag?post=6170"}],"curies":[{"name":"wp","href":"https:\/\/api.w.org\/{rel}","templated":true}]}}