{"id":5902,"date":"2020-04-06T08:19:29","date_gmt":"2020-04-06T08:19:29","guid":{"rendered":"https:\/\/evebegalli.com\/?post_type=product&#038;p=5902"},"modified":"2020-09-20T07:50:42","modified_gmt":"2020-09-20T07:50:42","slug":"statue-gouro-maternite-jumeaux-cote-divoire","status":"publish","type":"product","link":"https:\/\/evebegalli.com\/en\/product\/statue-gouro-maternite-jumeaux-cote-divoire\/","title":{"rendered":"Statue Gouro Maternit\u00e9 Jumeaux, C\u00f4te d&rsquo;Ivoire"},"content":{"rendered":"<div class=\"epyt-video-wrapper\"><iframe  id=\"_ytid_56713\"  width=\"1200\" height=\"675\"  data-origwidth=\"1200\" data-origheight=\"675\" src=\"https:\/\/www.youtube.com\/embed\/cRnA3dVHIlI?enablejsapi=1&autoplay=0&cc_load_policy=0&cc_lang_pref=&iv_load_policy=1&loop=0&rel=0&fs=1&playsinline=0&autohide=2&theme=dark&color=red&controls=1&disablekb=0&\" class=\"__youtube_prefs__  no-lazyload\" title=\"YouTube player\"  allow=\"fullscreen; accelerometer; autoplay; clipboard-write; encrypted-media; gyroscope; picture-in-picture; web-share\" referrerpolicy=\"strict-origin-when-cross-origin\" allowfullscreen data-no-lazy=\"1\" data-skipgform_ajax_framebjll=\"\"><\/iframe><\/div>","protected":false},"excerpt":{"rendered":"<p>Figure de maternit\u00e9 Gouro de grandes dimensions, assise sur un si\u00e8ge finement r\u00e9alis\u00e9, tenant dans ses bras un enfant auquel elle donne le sein, et porte dans le dos un deuxi\u00e8me enfant dans un pagne. Le travail du sculpteur est d&rsquo;une extr\u00eame finesse dans tous les d\u00e9tails, comme on peut le voir dans le d\u00e9tail des clavicules, ou dans le visage tr\u00e8s expressif\u00a0 soulign\u00e9 de fines scarifications en relief sur les sourcils, les tempes, les joues, le front et \u00e0 la commissure des l\u00e8vres.\u00a0 Le cou, les seins, les bras, le dos et les mollets sont aussi joliment scarifi\u00e9s. Elle pr\u00e9sente une grande coiffe \u00e9labor\u00e9e \u00e0 trois lobes. Une attention particuli\u00e8re du sculpteur \u00e0 la repr\u00e9sentation des enfants, sculpt\u00e9s tr\u00e8s finement comme la m\u00e8re. Une fente ancienne traverse la partie gauche du visage et de la coiffe. Bois tr\u00e8s dur \u00e0 patine miel nuanc\u00e9e brun fonc\u00e9\/noir.<\/p>\n<p><strong>Origin<\/strong><br \/>\nEx French collection<br \/>\nCollection Eve Begalli, Grenoble, acquise en 2016<\/p>","protected":false},"featured_media":5950,"template":"","meta":{"_exactmetrics_skip_tracking":false,"_exactmetrics_sitenote_active":false,"_exactmetrics_sitenote_note":"","_exactmetrics_sitenote_category":0,"neve_meta_sidebar":"","neve_meta_container":"","neve_meta_enable_content_width":"on","neve_meta_content_width":100,"neve_meta_title_alignment":"","neve_meta_author_avatar":"","neve_post_elements_order":"","neve_meta_disable_header":"","neve_meta_disable_footer":"","neve_meta_disable_title":"","_themeisle_gutenberg_block_has_review":false},"product_brand":[],"product_cat":[27],"product_tag":[],"class_list":{"0":"post-5902","1":"product","2":"type-product","3":"status-publish","4":"has-post-thumbnail","6":"product_cat-statues","7":"pa_dimensions-h-60cm","8":"pa_epoque-premiere-moitie-du-xxeme-siecle","9":"pa_ethnie-gouro","10":"pa_materiaux-bois","11":"pa_pays-cote-divoire","13":"first","14":"outofstock","15":"sold-individually","16":"taxable","17":"shipping-taxable","18":"product-type-simple","19":"add-to-wishlist-before_image"},"_links":{"self":[{"href":"https:\/\/evebegalli.com\/en\/wp-json\/wp\/v2\/product\/5902","targetHints":{"allow":["GET"]}}],"collection":[{"href":"https:\/\/evebegalli.com\/en\/wp-json\/wp\/v2\/product"}],"about":[{"href":"https:\/\/evebegalli.com\/en\/wp-json\/wp\/v2\/types\/product"}],"version-history":[{"count":0,"href":"https:\/\/evebegalli.com\/en\/wp-json\/wp\/v2\/product\/5902\/revisions"}],"wp:featuredmedia":[{"embeddable":true,"href":"https:\/\/evebegalli.com\/en\/wp-json\/wp\/v2\/media\/5950"}],"wp:attachment":[{"href":"https:\/\/evebegalli.com\/en\/wp-json\/wp\/v2\/media?parent=5902"}],"wp:term":[{"taxonomy":"product_brand","embeddable":true,"href":"https:\/\/evebegalli.com\/en\/wp-json\/wp\/v2\/product_brand?post=5902"},{"taxonomy":"product_cat","embeddable":true,"href":"https:\/\/evebegalli.com\/en\/wp-json\/wp\/v2\/product_cat?post=5902"},{"taxonomy":"product_tag","embeddable":true,"href":"https:\/\/evebegalli.com\/en\/wp-json\/wp\/v2\/product_tag?post=5902"}],"curies":[{"name":"wp","href":"https:\/\/api.w.org\/{rel}","templated":true}]}}