{"id":5541,"date":"2020-03-20T09:59:47","date_gmt":"2020-03-20T09:59:47","guid":{"rendered":"https:\/\/evebegalli.com\/?post_type=product&#038;p=5541"},"modified":"2020-03-20T11:18:43","modified_gmt":"2020-03-20T11:18:43","slug":"masque-dogon-gomintogo-mali","status":"publish","type":"product","link":"https:\/\/evebegalli.com\/en\/product\/masque-dogon-gomintogo-mali\/","title":{"rendered":"Masque Dogon Gomintogo, Mali"},"content":{"rendered":"<div class=\"epyt-video-wrapper\"><iframe  id=\"_ytid_65434\"  width=\"1200\" height=\"675\"  data-origwidth=\"1200\" data-origheight=\"675\" src=\"https:\/\/www.youtube.com\/embed\/v0hgOMc5Cug?enablejsapi=1&autoplay=0&cc_load_policy=0&cc_lang_pref=&iv_load_policy=1&loop=0&rel=0&fs=1&playsinline=0&autohide=2&theme=dark&color=red&controls=1&disablekb=0&\" class=\"__youtube_prefs__  no-lazyload\" title=\"YouTube player\"  allow=\"fullscreen; accelerometer; autoplay; clipboard-write; encrypted-media; gyroscope; picture-in-picture; web-share\" referrerpolicy=\"strict-origin-when-cross-origin\" allowfullscreen data-no-lazy=\"1\" data-skipgform_ajax_framebjll=\"\"><\/iframe><\/div>","protected":false},"excerpt":{"rendered":"<p>Masque de chasseur zoomorphe Gomintogo. Comme tous les masques Dogon, la plupart animaliers &#8211; il a \u00e9t\u00e9 cr\u00e9\u00e9 pour lutter contre la col\u00e8re du <em>nyama<\/em> des animaux tu\u00e9s par les chasseurs.\u00a0 Ces masques sont confectionn\u00e9s par les danseurs membres de la soci\u00e9t\u00e9 des masques, l\u2019Awa en pays Dogon. Le chef de l\u2019Awa est le ma\u00eetre du langage de la brousse. Le mot \u00ab Awa \u00bb d\u00e9signe le masque et par extension, le costume de fibres et les danseurs eux-m\u00eames. Selon le mythe, le masque Gomintogo est \u00e0 l\u2019origine de tous les masques. Un cultivateur ayant tu\u00e9 un cervid\u00e9 qui d\u00e9truisait son champ installa son massacre sur son autel de chasse afin de se prot\u00e9ger de l\u2019esprit errant de l\u2019animal. Malgr\u00e9 cela son fils tomba malade. Les devins conseill\u00e8rent alors de tailler un masque afin d\u2019y fixer l\u2019esprit de l\u2019animal et de lui offrir un sacrifice.<br \/>\nLe masque est surmont\u00e9 d&rsquo;une grande cr\u00eate de forme concave, en arri\u00e8re-plan on retrouve deux grandes oreilles \u00e9rig\u00e9es verticalement, elles indiquent la haute puissance de la capacit\u00e9 auditive du porteur du masque et de son attitude en extr\u00eame vigilance. Les yeux sont creus\u00e9s dans toute l&rsquo;\u00e9paisseur du masque et prennent la forme d&rsquo;un triangle au sommet dirig\u00e9 vers le bas. La bouche est en-haut relief de forme cylindrique. Bois clair et l\u00e9ger, patin\u00e9 par le temps et l&rsquo;usage, rehauss\u00e9 de pigments roses et bleus sur la cr\u00eate, et d&rsquo;une patine noire sur le masque.<\/p>\n<p><strong>Origin<\/strong><br \/>\nEx collection Galerie Cisse, Ouagadougou (Burkina Faso) &#8211; 2002.<br \/>\nAfrican Art Gallery, Buchen (Deutschland)<br \/>\nCollection Eve Begalli, Grenoble (France) &#8211; 2017<\/p>","protected":false},"featured_media":5544,"template":"","meta":{"_exactmetrics_skip_tracking":false,"_exactmetrics_sitenote_active":false,"_exactmetrics_sitenote_note":"","_exactmetrics_sitenote_category":0,"neve_meta_sidebar":"","neve_meta_container":"","neve_meta_enable_content_width":"on","neve_meta_content_width":100,"neve_meta_title_alignment":"","neve_meta_author_avatar":"","neve_post_elements_order":"","neve_meta_disable_header":"","neve_meta_disable_footer":"","neve_meta_disable_title":"","_themeisle_gutenberg_block_has_review":false},"product_brand":[],"product_cat":[26],"product_tag":[],"class_list":{"0":"post-5541","1":"product","2":"type-product","3":"status-publish","4":"has-post-thumbnail","6":"product_cat-masques","7":"pa_dimensions-h-53cm","8":"pa_epoque-circa-1950","9":"pa_ethnie-dogon","10":"pa_materiaux-bois","11":"pa_pays-mali","13":"first","14":"instock","15":"sold-individually","16":"taxable","17":"shipping-taxable","18":"purchasable","19":"product-type-simple","20":"add-to-wishlist-before_image"},"_links":{"self":[{"href":"https:\/\/evebegalli.com\/en\/wp-json\/wp\/v2\/product\/5541","targetHints":{"allow":["GET"]}}],"collection":[{"href":"https:\/\/evebegalli.com\/en\/wp-json\/wp\/v2\/product"}],"about":[{"href":"https:\/\/evebegalli.com\/en\/wp-json\/wp\/v2\/types\/product"}],"version-history":[{"count":0,"href":"https:\/\/evebegalli.com\/en\/wp-json\/wp\/v2\/product\/5541\/revisions"}],"wp:featuredmedia":[{"embeddable":true,"href":"https:\/\/evebegalli.com\/en\/wp-json\/wp\/v2\/media\/5544"}],"wp:attachment":[{"href":"https:\/\/evebegalli.com\/en\/wp-json\/wp\/v2\/media?parent=5541"}],"wp:term":[{"taxonomy":"product_brand","embeddable":true,"href":"https:\/\/evebegalli.com\/en\/wp-json\/wp\/v2\/product_brand?post=5541"},{"taxonomy":"product_cat","embeddable":true,"href":"https:\/\/evebegalli.com\/en\/wp-json\/wp\/v2\/product_cat?post=5541"},{"taxonomy":"product_tag","embeddable":true,"href":"https:\/\/evebegalli.com\/en\/wp-json\/wp\/v2\/product_tag?post=5541"}],"curies":[{"name":"wp","href":"https:\/\/api.w.org\/{rel}","templated":true}]}}