{"id":5453,"date":"2020-03-18T16:28:36","date_gmt":"2020-03-18T16:28:36","guid":{"rendered":"https:\/\/evebegalli.com\/?post_type=product&#038;p=5453"},"modified":"2022-08-08T11:37:48","modified_gmt":"2022-08-08T11:37:48","slug":"gouro-masque-zaouli-cote-divoire","status":"publish","type":"product","link":"https:\/\/evebegalli.com\/en\/product\/gouro-masque-zaouli-cote-divoire\/","title":{"rendered":"Gouro, Masque Zaouli, C\u00f4te d&rsquo;Ivoire"},"content":{"rendered":"<div class=\"epyt-video-wrapper\"><iframe  id=\"_ytid_55486\"  width=\"1200\" height=\"675\"  data-origwidth=\"1200\" data-origheight=\"675\" src=\"https:\/\/www.youtube.com\/embed\/s4c-aYj8Hm4?enablejsapi=1&autoplay=0&cc_load_policy=0&cc_lang_pref=&iv_load_policy=1&loop=0&rel=0&fs=1&playsinline=0&autohide=2&theme=dark&color=red&controls=1&disablekb=0&\" class=\"__youtube_prefs__  no-lazyload\" title=\"YouTube player\"  allow=\"fullscreen; accelerometer; autoplay; clipboard-write; encrypted-media; gyroscope; picture-in-picture; web-share\" referrerpolicy=\"strict-origin-when-cross-origin\" allowfullscreen data-no-lazy=\"1\" data-skipgform_ajax_framebjll=\"\"><\/iframe><\/div>","protected":false},"excerpt":{"rendered":"<p>Beau masque Gouro en bois sculpt\u00e9 au visage peint en rouge et coiffe particuli\u00e8rement raffin\u00e9e aux cheveux noirs, surmont\u00e9e d\u2019une superstructure mettant en sc\u00e8ne deux personnages, un homme et une femme finement sculpt\u00e9s. Les sourcils et le contour des yeux mi-clos sont marqu\u00e9s en noir et en bleu. La bouche est entrouverte sur des dents pointues. Le pavillon des oreilles est bien dessin\u00e9. Le style \u00e9l\u00e9gant ainsi que la qualit\u00e9 de ce masque permettent de le rapprocher de l&rsquo;oeuvre du Ma\u00eetre des Niono, cf. Catalogue: Les Ma\u00eetres de la sculpture de C\u00f4te d&rsquo;Ivoire, Exposition au Mus\u00e9e du Quai Branly, 2015.<br \/>\nCes masques tr\u00e8s color\u00e9s, que l\u2019on surnomme aussi \u00ab masques Ripolin \u00bb (ils apparurent avec l\u2019arriv\u00e9e des premi\u00e8res peintures ramen\u00e9es par les colons) sont utilis\u00e9s pour nombre de r\u00e9jouissances et sont des masques profanes, que tout le monde peut voir. Chaque village Gouro en C\u00f4te d\u2019Ivoire a son danseur Zaouli pris\u00e9.\u00a0 Toujours incarn\u00e9 par un homme, le masque lui-m\u00eame repr\u00e9sente la magnifique fille de Zaouli \u2014 <em>Djela Lon Zaouli<\/em> \u2014 la fille du lion.<\/p>\n<p><strong>Origin<\/strong><br \/>\nEx collection fran\u00e7aise, collect\u00e9 en C\u00f4te d&rsquo;Ivoire en 1963<br \/>\nCollection Eve Begalli, Grenoble, acquis en 2020<\/p>","protected":false},"featured_media":5459,"template":"","meta":{"_exactmetrics_skip_tracking":false,"_exactmetrics_sitenote_active":false,"_exactmetrics_sitenote_note":"","_exactmetrics_sitenote_category":0,"neve_meta_sidebar":"","neve_meta_container":"","neve_meta_enable_content_width":"on","neve_meta_content_width":100,"neve_meta_title_alignment":"","neve_meta_author_avatar":"","neve_post_elements_order":"","neve_meta_disable_header":"","neve_meta_disable_footer":"","neve_meta_disable_title":"","_themeisle_gutenberg_block_has_review":false},"product_brand":[],"product_cat":[26],"product_tag":[],"class_list":{"0":"post-5453","1":"product","2":"type-product","3":"status-publish","4":"has-post-thumbnail","6":"product_cat-masques","7":"pa_dimensions-h-54-cm","8":"pa_epoque-circa-1950","9":"pa_ethnie-gouro","10":"pa_materiaux-bois-peinture-ripolin","11":"pa_pays-cote-divoire","13":"first","14":"instock","15":"sold-individually","16":"taxable","17":"shipping-taxable","18":"purchasable","19":"product-type-simple","20":"add-to-wishlist-before_image"},"_links":{"self":[{"href":"https:\/\/evebegalli.com\/en\/wp-json\/wp\/v2\/product\/5453","targetHints":{"allow":["GET"]}}],"collection":[{"href":"https:\/\/evebegalli.com\/en\/wp-json\/wp\/v2\/product"}],"about":[{"href":"https:\/\/evebegalli.com\/en\/wp-json\/wp\/v2\/types\/product"}],"version-history":[{"count":0,"href":"https:\/\/evebegalli.com\/en\/wp-json\/wp\/v2\/product\/5453\/revisions"}],"wp:featuredmedia":[{"embeddable":true,"href":"https:\/\/evebegalli.com\/en\/wp-json\/wp\/v2\/media\/5459"}],"wp:attachment":[{"href":"https:\/\/evebegalli.com\/en\/wp-json\/wp\/v2\/media?parent=5453"}],"wp:term":[{"taxonomy":"product_brand","embeddable":true,"href":"https:\/\/evebegalli.com\/en\/wp-json\/wp\/v2\/product_brand?post=5453"},{"taxonomy":"product_cat","embeddable":true,"href":"https:\/\/evebegalli.com\/en\/wp-json\/wp\/v2\/product_cat?post=5453"},{"taxonomy":"product_tag","embeddable":true,"href":"https:\/\/evebegalli.com\/en\/wp-json\/wp\/v2\/product_tag?post=5453"}],"curies":[{"name":"wp","href":"https:\/\/api.w.org\/{rel}","templated":true}]}}