{"id":4847,"date":"2020-02-22T11:02:30","date_gmt":"2020-02-22T11:02:30","guid":{"rendered":"https:\/\/evebegalli.com\/?post_type=product&#038;p=4847"},"modified":"2020-09-20T10:04:29","modified_gmt":"2020-09-20T10:04:29","slug":"statue-senoufo-maternite-cote-divoire","status":"publish","type":"product","link":"https:\/\/evebegalli.com\/en\/product\/statue-senoufo-maternite-cote-divoire\/","title":{"rendered":"Statue Senoufo Maternit\u00e9, C\u00f4te d&rsquo;Ivoire"},"content":{"rendered":"<div class=\"epyt-video-wrapper\"><iframe  id=\"_ytid_78092\"  width=\"1200\" height=\"675\"  data-origwidth=\"1200\" data-origheight=\"675\" src=\"https:\/\/www.youtube.com\/embed\/JijqQKJGSxY?enablejsapi=1&autoplay=0&cc_load_policy=0&cc_lang_pref=&iv_load_policy=1&loop=0&rel=0&fs=1&playsinline=0&autohide=2&theme=dark&color=red&controls=1&disablekb=0&\" class=\"__youtube_prefs__  no-lazyload\" title=\"YouTube player\"  allow=\"fullscreen; accelerometer; autoplay; clipboard-write; encrypted-media; gyroscope; picture-in-picture; web-share\" referrerpolicy=\"strict-origin-when-cross-origin\" allowfullscreen data-no-lazy=\"1\" data-skipgform_ajax_framebjll=\"\"><\/iframe><\/div>","protected":false},"excerpt":{"rendered":"<p>Belle statue repr\u00e9sentant une m\u00e8re qui allaite l\u2019enfant qu\u2019elle tient dans les bras, assise sur un tabouret traditionnel.<br \/>\nCes statues de maternit\u00e9 \u00e9taient dispos\u00e9es sur les autels des femmes \u00a0de la soci\u00e9t\u00e9 <em>Tyepika<\/em>, elles les utilisaient lors de processions de deuils o\u00f9 elles les exhibaient.<br \/>\nLe cou, cylindrique et l\u00e9g\u00e8rement renfl\u00e9, supporte une magnifique t\u00eate dans le style classique Senoufo. Le visage plat et prognathe, partag\u00e9 en deux par l&rsquo;allongement du nez, s&rsquo;encastre dans les sourcils sculpt\u00e9s en relief et le front rejet\u00e9 vers l&rsquo;arri\u00e8re est surmont\u00e9 de la coiffe traditionnelle en casque \u00e9voquant un calao stylis\u00e9. \u00a0visage projet\u00e9 en avant avec fines scarifications \u00e0 la commissure des l\u00e8vres et sur les joues, jambes courtes stylis\u00e9es. Les seins hauts, coniques, s\u2019accrochent aux \u00e9paules. \u00a0Le corps est \u00e9lanc\u00e9 et rythm\u00e9 par une forte dynamique des formes, associant courbes tendues et plans inclin\u00e9s qui s\u2019inscrivent avec force dans l\u2019espace.\u00a0 A la tension du visage, des seins et des \u00e9paules projet\u00e9s vers l\u2019avant r\u00e9pond la sinueuse courbe du dos en un parfait agencement des volumes.<br \/>\nLe visage expressif aux traits stylis\u00e9s, inclin\u00e9 vers le ciel, les yeux clos sous des paupi\u00e8res arqu\u00e9es, la bouche ouverte montrant les dents renforcent le sentiment de dignit\u00e9 et de puissance.<br \/>\nLa patine brune brillante est alli\u00e9e par endroits \u00e0 une pigmentation rouge d\u2019une belle profondeur,\u00a0rappelle les nombreuses onctions dont elle a \u00e9t\u00e9 l\u2019objet lors des rites divinatoires et atteste ici non seulement son anciennet\u00e9, mais \u00e9galement une manipulation analogue \u00e0 celle des statues\u00a0<em>d\u00e9bl\u00e9<\/em>.<\/p>\n<p><strong>Origin<\/strong><br \/>\nCollect\u00e9e in situ en 1960 par Gabriel Sala<br \/>\nEx Collection Safari Museum, ca. 1980 Montverdun<br \/>\nEx Collection Marc Cohen, Saint-Rapha\u00ebl, acquired in 2011<br \/>\nEve Begalli collection, Grenoble, acquired in 2015<\/p>\n<p><a href=\"https:\/\/www.pressreader.com\/monaco\/monaco-matin\/20161028\/281779923672562\">https:\/\/www.pressreader.com\/monaco\/monaco-matin\/20161028\/281779923672562<\/a><\/p>","protected":false},"featured_media":4863,"template":"","meta":{"_exactmetrics_skip_tracking":false,"_exactmetrics_sitenote_active":false,"_exactmetrics_sitenote_note":"","_exactmetrics_sitenote_category":0,"neve_meta_sidebar":"","neve_meta_container":"","neve_meta_enable_content_width":"on","neve_meta_content_width":100,"neve_meta_title_alignment":"","neve_meta_author_avatar":"","neve_post_elements_order":"","neve_meta_disable_header":"","neve_meta_disable_footer":"","neve_meta_disable_title":"","_themeisle_gutenberg_block_has_review":false},"product_brand":[],"product_cat":[27],"product_tag":[],"class_list":{"0":"post-4847","1":"product","2":"type-product","3":"status-publish","4":"has-post-thumbnail","6":"product_cat-statues","7":"pa_dimensions-h-59cm","8":"pa_epoque-circa-1950","9":"pa_ethnie-senoufo","10":"pa_materiaux-bois","11":"pa_pays-cote-divoire","13":"first","14":"outofstock","15":"sold-individually","16":"taxable","17":"shipping-taxable","18":"product-type-simple","19":"add-to-wishlist-before_image"},"_links":{"self":[{"href":"https:\/\/evebegalli.com\/en\/wp-json\/wp\/v2\/product\/4847","targetHints":{"allow":["GET"]}}],"collection":[{"href":"https:\/\/evebegalli.com\/en\/wp-json\/wp\/v2\/product"}],"about":[{"href":"https:\/\/evebegalli.com\/en\/wp-json\/wp\/v2\/types\/product"}],"version-history":[{"count":0,"href":"https:\/\/evebegalli.com\/en\/wp-json\/wp\/v2\/product\/4847\/revisions"}],"wp:featuredmedia":[{"embeddable":true,"href":"https:\/\/evebegalli.com\/en\/wp-json\/wp\/v2\/media\/4863"}],"wp:attachment":[{"href":"https:\/\/evebegalli.com\/en\/wp-json\/wp\/v2\/media?parent=4847"}],"wp:term":[{"taxonomy":"product_brand","embeddable":true,"href":"https:\/\/evebegalli.com\/en\/wp-json\/wp\/v2\/product_brand?post=4847"},{"taxonomy":"product_cat","embeddable":true,"href":"https:\/\/evebegalli.com\/en\/wp-json\/wp\/v2\/product_cat?post=4847"},{"taxonomy":"product_tag","embeddable":true,"href":"https:\/\/evebegalli.com\/en\/wp-json\/wp\/v2\/product_tag?post=4847"}],"curies":[{"name":"wp","href":"https:\/\/api.w.org\/{rel}","templated":true}]}}