{"id":4653,"date":"2020-02-15T18:37:07","date_gmt":"2020-02-15T18:37:07","guid":{"rendered":"https:\/\/evebegalli.com\/?post_type=product&#038;p=4653"},"modified":"2020-04-06T12:47:56","modified_gmt":"2020-04-06T12:47:56","slug":"statue-maternite-baoule-cote-divoire","status":"publish","type":"product","link":"https:\/\/evebegalli.com\/en\/product\/statue-maternite-baoule-cote-divoire\/","title":{"rendered":"Statue Maternit\u00e9 Baoul\u00e9, C\u00f4te d&rsquo;Ivoire"},"content":{"rendered":"<div class=\"epyt-video-wrapper\"><iframe  id=\"_ytid_84636\"  width=\"1200\" height=\"675\"  data-origwidth=\"1200\" data-origheight=\"675\" src=\"https:\/\/www.youtube.com\/embed\/p9lyvPEYg58?enablejsapi=1&autoplay=0&cc_load_policy=0&cc_lang_pref=&iv_load_policy=1&loop=0&rel=0&fs=1&playsinline=0&autohide=2&theme=dark&color=red&controls=1&disablekb=0&\" class=\"__youtube_prefs__  no-lazyload\" title=\"YouTube player\"  allow=\"fullscreen; accelerometer; autoplay; clipboard-write; encrypted-media; gyroscope; picture-in-picture; web-share\" referrerpolicy=\"strict-origin-when-cross-origin\" allowfullscreen data-no-lazy=\"1\" data-skipgform_ajax_framebjll=\"\"><\/iframe><\/div>","protected":false},"excerpt":{"rendered":"<p>Figure de Maternit\u00e9 Baoul\u00e9 tenant dans ses bras un enfant. De nombreuses scarifications ornent l&rsquo;ensemble du corps, visage, seins, ventre, dos. Celles du dos, aux omoplates d\u00e9taill\u00e9es, formant un motif particuli\u00e8rement s\u00e9duisant. Le visage aux traits fins est sculpt\u00e9 en moyen relief, les points de contact marqu\u00e9s d&rsquo;une patine brillante. Les mains, soutiennent en position horizontale un enfant. Trait\u00e9 comme celui de la m\u00e8re, le visage du b\u00e9b\u00e9 est marqu\u00e9 d&rsquo;un certain hi\u00e9ratisme. Bois dur \u00e0 patine brun fonc\u00e9 nuanc\u00e9 noir brillante.<\/p>\n<p><strong>Origin<\/strong><br \/>\nCollected in situ in 1950 by Gabriel Sala<br \/>\nEx Collection Safari Museum, ca. 1980 Montverdun<br \/>\nEx Collection Marc Cohen, Saint-Rapha\u00ebl, acquired in 2011<br \/>\nEve Begalli collection, Grenoble, acquired in 2015<\/p>\n<p><a href=\"https:\/\/www.pressreader.com\/monaco\/monaco-matin\/20161028\/281779923672562\">https:\/\/www.pressreader.com\/monaco\/monaco-matin\/20161028\/281779923672562<\/a><\/p>","protected":false},"featured_media":4665,"template":"","meta":{"_exactmetrics_skip_tracking":false,"_exactmetrics_sitenote_active":false,"_exactmetrics_sitenote_note":"","_exactmetrics_sitenote_category":0,"neve_meta_sidebar":"","neve_meta_container":"","neve_meta_enable_content_width":"on","neve_meta_content_width":100,"neve_meta_title_alignment":"","neve_meta_author_avatar":"","neve_post_elements_order":"","neve_meta_disable_header":"","neve_meta_disable_footer":"","neve_meta_disable_title":"","_themeisle_gutenberg_block_has_review":false},"product_brand":[],"product_cat":[27],"product_tag":[],"class_list":{"0":"post-4653","1":"product","2":"type-product","3":"status-publish","4":"has-post-thumbnail","6":"product_cat-statues","7":"pa_dimensions-h-44cm","8":"pa_epoque-circa-1950","9":"pa_ethnie-baoule","10":"pa_materiaux-bois","11":"pa_pays-cote-divoire","13":"first","14":"outofstock","15":"sold-individually","16":"taxable","17":"shipping-taxable","18":"product-type-simple","19":"add-to-wishlist-before_image"},"_links":{"self":[{"href":"https:\/\/evebegalli.com\/en\/wp-json\/wp\/v2\/product\/4653","targetHints":{"allow":["GET"]}}],"collection":[{"href":"https:\/\/evebegalli.com\/en\/wp-json\/wp\/v2\/product"}],"about":[{"href":"https:\/\/evebegalli.com\/en\/wp-json\/wp\/v2\/types\/product"}],"version-history":[{"count":0,"href":"https:\/\/evebegalli.com\/en\/wp-json\/wp\/v2\/product\/4653\/revisions"}],"wp:featuredmedia":[{"embeddable":true,"href":"https:\/\/evebegalli.com\/en\/wp-json\/wp\/v2\/media\/4665"}],"wp:attachment":[{"href":"https:\/\/evebegalli.com\/en\/wp-json\/wp\/v2\/media?parent=4653"}],"wp:term":[{"taxonomy":"product_brand","embeddable":true,"href":"https:\/\/evebegalli.com\/en\/wp-json\/wp\/v2\/product_brand?post=4653"},{"taxonomy":"product_cat","embeddable":true,"href":"https:\/\/evebegalli.com\/en\/wp-json\/wp\/v2\/product_cat?post=4653"},{"taxonomy":"product_tag","embeddable":true,"href":"https:\/\/evebegalli.com\/en\/wp-json\/wp\/v2\/product_tag?post=4653"}],"curies":[{"name":"wp","href":"https:\/\/api.w.org\/{rel}","templated":true}]}}