{"id":3528,"date":"2020-01-18T08:38:09","date_gmt":"2020-01-18T08:38:09","guid":{"rendered":"https:\/\/evebegalli.com\/?post_type=product&#038;p=3528"},"modified":"2020-12-08T20:13:56","modified_gmt":"2020-12-08T20:13:56","slug":"lobi-maternite-burkina-faso","status":"publish","type":"product","link":"https:\/\/evebegalli.com\/en\/product\/lobi-maternite-burkina-faso\/","title":{"rendered":"Lobi Femme \u00e0 l&rsquo;enfant, Burkina Faso"},"content":{"rendered":"<div class=\"epyt-video-wrapper\"><iframe  id=\"_ytid_63485\"  width=\"1200\" height=\"675\"  data-origwidth=\"1200\" data-origheight=\"675\" src=\"https:\/\/www.youtube.com\/embed\/Vj7Tr7DfNa8?enablejsapi=1&autoplay=0&cc_load_policy=0&cc_lang_pref=&iv_load_policy=1&loop=0&rel=0&fs=1&playsinline=0&autohide=2&theme=dark&color=red&controls=1&disablekb=0&\" class=\"__youtube_prefs__  no-lazyload\" title=\"YouTube player\"  allow=\"fullscreen; accelerometer; autoplay; clipboard-write; encrypted-media; gyroscope; picture-in-picture; web-share\" referrerpolicy=\"strict-origin-when-cross-origin\" allowfullscreen data-no-lazy=\"1\" data-skipgform_ajax_framebjll=\"\"><\/iframe><\/div>","protected":false},"excerpt":{"rendered":"<p>Belle sculpture Lobi Maternit\u00e9 figurant une femme au cr\u00e2ne ras\u00e9 et un enfant reposant sur son dos. On remarque la position non naturelle de l&rsquo;enfant inclin\u00e9e vers l&rsquo;arri\u00e8re. Le sculpteur a su donner, en jouant avec la sym\u00e9trie des deux corps, l&rsquo;un pench\u00e9 en avant, l&rsquo;autre rejet\u00e9 en arri\u00e8re, un bel \u00e9quilibre \u00e0 l&rsquo;ensemble. La sculpture se distingue par le naturalisme de ses proportions et la superbe fluidit\u00e9 de ses lignes. Le visage aux traits fins est empreint d&rsquo;une expression sereine. L\u2019ensemble est recouvert d\u2019une belle patine noire par endroits \u00e9caill\u00e9e.<\/p>\n<p><strong>Origin<\/strong><br \/>\nEx collection fran\u00e7aise J.N.<br \/>\nCollection Eve Begalli, Grenoble, acquise en 2017<\/p>","protected":false},"featured_media":5078,"template":"","meta":{"_exactmetrics_skip_tracking":false,"_exactmetrics_sitenote_active":false,"_exactmetrics_sitenote_note":"","_exactmetrics_sitenote_category":0,"neve_meta_sidebar":"","neve_meta_container":"","neve_meta_enable_content_width":"on","neve_meta_content_width":100,"neve_meta_title_alignment":"","neve_meta_author_avatar":"","neve_post_elements_order":"","neve_meta_disable_header":"","neve_meta_disable_footer":"","neve_meta_disable_title":"","_themeisle_gutenberg_block_has_review":false},"product_brand":[],"product_cat":[27],"product_tag":[],"class_list":{"0":"post-3528","1":"product","2":"type-product","3":"status-publish","4":"has-post-thumbnail","6":"product_cat-statues","7":"pa_dimensions-h-56cm","8":"pa_epoque-xxeme-siecle","9":"pa_ethnie-lobi","10":"pa_materiaux-bois","11":"pa_pays-burkina-faso","13":"first","14":"outofstock","15":"sold-individually","16":"taxable","17":"shipping-taxable","18":"product-type-simple","19":"add-to-wishlist-before_image"},"_links":{"self":[{"href":"https:\/\/evebegalli.com\/en\/wp-json\/wp\/v2\/product\/3528","targetHints":{"allow":["GET"]}}],"collection":[{"href":"https:\/\/evebegalli.com\/en\/wp-json\/wp\/v2\/product"}],"about":[{"href":"https:\/\/evebegalli.com\/en\/wp-json\/wp\/v2\/types\/product"}],"version-history":[{"count":0,"href":"https:\/\/evebegalli.com\/en\/wp-json\/wp\/v2\/product\/3528\/revisions"}],"wp:featuredmedia":[{"embeddable":true,"href":"https:\/\/evebegalli.com\/en\/wp-json\/wp\/v2\/media\/5078"}],"wp:attachment":[{"href":"https:\/\/evebegalli.com\/en\/wp-json\/wp\/v2\/media?parent=3528"}],"wp:term":[{"taxonomy":"product_brand","embeddable":true,"href":"https:\/\/evebegalli.com\/en\/wp-json\/wp\/v2\/product_brand?post=3528"},{"taxonomy":"product_cat","embeddable":true,"href":"https:\/\/evebegalli.com\/en\/wp-json\/wp\/v2\/product_cat?post=3528"},{"taxonomy":"product_tag","embeddable":true,"href":"https:\/\/evebegalli.com\/en\/wp-json\/wp\/v2\/product_tag?post=3528"}],"curies":[{"name":"wp","href":"https:\/\/api.w.org\/{rel}","templated":true}]}}