{"id":3113,"date":"2020-01-05T15:47:11","date_gmt":"2020-01-05T15:47:11","guid":{"rendered":"https:\/\/evebegalli.com\/?post_type=product&#038;p=3113"},"modified":"2020-05-17T08:58:47","modified_gmt":"2020-05-17T08:58:47","slug":"statue-feminine-attie-cote-divoire","status":"publish","type":"product","link":"https:\/\/evebegalli.com\/en\/product\/statue-feminine-attie-cote-divoire\/","title":{"rendered":"Statue F\u00e9minine Atti\u00e9, R\u00e9gion Lagunaire, C\u00f4te d&rsquo;Ivoire"},"content":{"rendered":"<div class=\"epyt-video-wrapper\"><iframe  id=\"_ytid_79393\"  width=\"1200\" height=\"675\"  data-origwidth=\"1200\" data-origheight=\"675\" src=\"https:\/\/www.youtube.com\/embed\/EuTmNJHvVjg?enablejsapi=1&autoplay=0&cc_load_policy=0&cc_lang_pref=&iv_load_policy=1&loop=0&rel=0&fs=1&playsinline=0&autohide=2&theme=dark&color=red&controls=1&disablekb=0&\" class=\"__youtube_prefs__  no-lazyload\" title=\"YouTube player\"  allow=\"fullscreen; accelerometer; autoplay; clipboard-write; encrypted-media; gyroscope; picture-in-picture; web-share\" referrerpolicy=\"strict-origin-when-cross-origin\" allowfullscreen data-no-lazy=\"1\" data-skipgform_ajax_framebjll=\"\"><\/iframe><\/div>","protected":false},"excerpt":{"rendered":"<p>Exceptionnelle statue Atti\u00e9, figurant un personnage f\u00e9minin assis sur un tabouret, les bras lev\u00e9s et les mains sur la coiffe compos\u00e9e de trois chignons sur le haut de la t\u00eate et un qui retombe dans son dos. Extr\u00eame finesse dans les traits qui ressemblent beaucoup \u00e0 ceux que l&rsquo;on retrouve dans la sculpture Baoul\u00e9, yeux \u00e9tir\u00e9s cern\u00e9s par des paupi\u00e8res ourl\u00e9es, sourcils arqu\u00e9s se rejoignant \u00e0 la naissance du nez droit, l\u00e8vres serr\u00e9es.\u00a0 Les scarifications sur le visage et le corps sont repr\u00e9sent\u00e9es par des pitons de bois. Tr\u00e8s belle patine sombre et profonde.<\/p>\n<p><strong>Origin<\/strong><br \/>\nEx Collection Peter Westerdijk, Pays Bas, collect\u00e9e \u00e0 Abidjan en 1967.<br \/>\nCollection Eve Begalli, Grenoble acquise en 2018<\/p>","protected":false},"featured_media":3510,"template":"","meta":{"_exactmetrics_skip_tracking":false,"_exactmetrics_sitenote_active":false,"_exactmetrics_sitenote_note":"","_exactmetrics_sitenote_category":0,"neve_meta_sidebar":"","neve_meta_container":"","neve_meta_enable_content_width":"on","neve_meta_content_width":100,"neve_meta_title_alignment":"","neve_meta_author_avatar":"","neve_post_elements_order":"","neve_meta_disable_header":"","neve_meta_disable_footer":"","neve_meta_disable_title":"","_themeisle_gutenberg_block_has_review":false},"product_brand":[],"product_cat":[27],"product_tag":[],"class_list":{"0":"post-3113","1":"product","2":"type-product","3":"status-publish","4":"has-post-thumbnail","6":"product_cat-statues","7":"pa_dimensions-h-52cm","8":"pa_epoque-debut-du-xxeme-siecle","9":"pa_ethnie-attie","10":"pa_materiaux-bois","11":"pa_pays-cote-divoire","13":"first","14":"outofstock","15":"sold-individually","16":"taxable","17":"shipping-taxable","18":"product-type-simple","19":"add-to-wishlist-before_image"},"_links":{"self":[{"href":"https:\/\/evebegalli.com\/en\/wp-json\/wp\/v2\/product\/3113","targetHints":{"allow":["GET"]}}],"collection":[{"href":"https:\/\/evebegalli.com\/en\/wp-json\/wp\/v2\/product"}],"about":[{"href":"https:\/\/evebegalli.com\/en\/wp-json\/wp\/v2\/types\/product"}],"version-history":[{"count":0,"href":"https:\/\/evebegalli.com\/en\/wp-json\/wp\/v2\/product\/3113\/revisions"}],"wp:featuredmedia":[{"embeddable":true,"href":"https:\/\/evebegalli.com\/en\/wp-json\/wp\/v2\/media\/3510"}],"wp:attachment":[{"href":"https:\/\/evebegalli.com\/en\/wp-json\/wp\/v2\/media?parent=3113"}],"wp:term":[{"taxonomy":"product_brand","embeddable":true,"href":"https:\/\/evebegalli.com\/en\/wp-json\/wp\/v2\/product_brand?post=3113"},{"taxonomy":"product_cat","embeddable":true,"href":"https:\/\/evebegalli.com\/en\/wp-json\/wp\/v2\/product_cat?post=3113"},{"taxonomy":"product_tag","embeddable":true,"href":"https:\/\/evebegalli.com\/en\/wp-json\/wp\/v2\/product_tag?post=3113"}],"curies":[{"name":"wp","href":"https:\/\/api.w.org\/{rel}","templated":true}]}}