{"id":2927,"date":"2019-12-08T17:09:18","date_gmt":"2019-12-08T17:09:18","guid":{"rendered":"https:\/\/evebegalli.com\/?post_type=product&#038;p=2927"},"modified":"2020-04-16T13:40:33","modified_gmt":"2020-04-16T13:40:33","slug":"fon-bocio-enchaine","status":"publish","type":"product","link":"https:\/\/evebegalli.com\/en\/product\/fon-bocio-enchaine\/","title":{"rendered":"Fon Bocio encha\u00een\u00e9 B\u00e9nin"},"content":{"rendered":"<div class=\"epyt-video-wrapper\"><iframe  id=\"_ytid_63592\"  width=\"1200\" height=\"675\"  data-origwidth=\"1200\" data-origheight=\"675\" src=\"https:\/\/www.youtube.com\/embed\/4Z7vykY_fcU?enablejsapi=1&autoplay=0&cc_load_policy=0&cc_lang_pref=&iv_load_policy=1&loop=0&rel=0&fs=1&playsinline=0&autohide=2&theme=dark&color=red&controls=1&disablekb=0&\" class=\"__youtube_prefs__  no-lazyload\" title=\"YouTube player\"  allow=\"fullscreen; accelerometer; autoplay; clipboard-write; encrypted-media; gyroscope; picture-in-picture; web-share\" referrerpolicy=\"strict-origin-when-cross-origin\" allowfullscreen data-no-lazy=\"1\" data-skipgform_ajax_framebjll=\"\"><\/iframe><\/div>","protected":false},"excerpt":{"rendered":"<p>Puissant <a href=\"https:\/\/evebegalli.com\/en\/2020\/01\/07\/3476\/\">Bocio<\/a> masculin avec les bras sur les c\u00f4t\u00e9s, les genoux l\u00e9g\u00e8rement fl\u00e9chis. Des charges magiques sont fix\u00e9es sur le torse et dans le dos avec des cordes, un clous de bois plant\u00e9 dans le dos, entour\u00e9 de chaines, et une multitude de cl\u00e9s et cadenas. Le visage tr\u00e8s bien sculpt\u00e9 est fort et expressif.\u00a0 Restes de libations, patine de sang s\u00e9ch\u00e9.<\/p>\n<p><strong>Origin<\/strong><br \/>\nEx Collection Marc Aguirregabiria (1959 &#8211; 2017), Argentan<br \/>\nOrne Ench\u00e8res \u2013 Apr\u00e8s succession \u2013 Collection Marc Aguirregabiria \u2013 \u00a0<em>Vente d\u2019un cabinet de curiosit\u00e9s Arts Africains et Oc\u00e9aniens &#8211; Objets du Culte Vaudou,<\/em> 2 f\u00e9vrier 2019 Alen\u00e7on<br \/>\nCollection Eve Begalli, Grenoble, acquired during this sale<\/p>\n<p><a href=\"https:\/\/www.ouest-france.fr\/normandie\/argentan-61200\/argentan-350-objets-d-art-africain-sortent-d-un-cabinet-de-curiosites-6207909\">https:\/\/www.ouest-france.fr\/normandie\/argentan-61200\/argentan-350-objets-d-art-africain-sortent-d-un-cabinet-de-curiosites-6207909<\/a><\/p>","protected":false},"featured_media":2930,"template":"","meta":{"_exactmetrics_skip_tracking":false,"_exactmetrics_sitenote_active":false,"_exactmetrics_sitenote_note":"","_exactmetrics_sitenote_category":0,"neve_meta_sidebar":"","neve_meta_container":"","neve_meta_enable_content_width":"on","neve_meta_content_width":100,"neve_meta_title_alignment":"","neve_meta_author_avatar":"","neve_post_elements_order":"","neve_meta_disable_header":"","neve_meta_disable_footer":"","neve_meta_disable_title":"","_themeisle_gutenberg_block_has_review":false},"product_brand":[],"product_cat":[27],"product_tag":[],"class_list":{"0":"post-2927","1":"product","2":"type-product","3":"status-publish","4":"has-post-thumbnail","6":"product_cat-statues","7":"pa_dimensions-h-65cm","8":"pa_epoque-circa-1950","9":"pa_ethnie-fon","10":"pa_materiaux-bois-cadenas-chainettes-cordes-bracelet-fer-fibres-vegetales-sang-animal","11":"pa_pays-benin","13":"first","14":"outofstock","15":"sold-individually","16":"taxable","17":"shipping-taxable","18":"product-type-simple","19":"add-to-wishlist-before_image"},"_links":{"self":[{"href":"https:\/\/evebegalli.com\/en\/wp-json\/wp\/v2\/product\/2927","targetHints":{"allow":["GET"]}}],"collection":[{"href":"https:\/\/evebegalli.com\/en\/wp-json\/wp\/v2\/product"}],"about":[{"href":"https:\/\/evebegalli.com\/en\/wp-json\/wp\/v2\/types\/product"}],"version-history":[{"count":0,"href":"https:\/\/evebegalli.com\/en\/wp-json\/wp\/v2\/product\/2927\/revisions"}],"wp:featuredmedia":[{"embeddable":true,"href":"https:\/\/evebegalli.com\/en\/wp-json\/wp\/v2\/media\/2930"}],"wp:attachment":[{"href":"https:\/\/evebegalli.com\/en\/wp-json\/wp\/v2\/media?parent=2927"}],"wp:term":[{"taxonomy":"product_brand","embeddable":true,"href":"https:\/\/evebegalli.com\/en\/wp-json\/wp\/v2\/product_brand?post=2927"},{"taxonomy":"product_cat","embeddable":true,"href":"https:\/\/evebegalli.com\/en\/wp-json\/wp\/v2\/product_cat?post=2927"},{"taxonomy":"product_tag","embeddable":true,"href":"https:\/\/evebegalli.com\/en\/wp-json\/wp\/v2\/product_tag?post=2927"}],"curies":[{"name":"wp","href":"https:\/\/api.w.org\/{rel}","templated":true}]}}