{"id":2539,"date":"2019-11-28T14:59:45","date_gmt":"2019-11-28T14:59:45","guid":{"rendered":"https:\/\/evebegalli.com\/?post_type=product&#038;p=2539"},"modified":"2020-04-16T13:39:18","modified_gmt":"2020-04-16T13:39:18","slug":"fetiche-anthropomorphe-fon-benin","status":"publish","type":"product","link":"https:\/\/evebegalli.com\/en\/product\/fetiche-anthropomorphe-fon-benin\/","title":{"rendered":"Fon Janus Bocio, B\u00e9nin"},"content":{"rendered":"<div class=\"epyt-video-wrapper\"><iframe  id=\"_ytid_93651\"  width=\"1200\" height=\"675\"  data-origwidth=\"1200\" data-origheight=\"675\" src=\"https:\/\/www.youtube.com\/embed\/HUstDAliXSs?enablejsapi=1&autoplay=0&cc_load_policy=0&cc_lang_pref=&iv_load_policy=1&loop=0&rel=0&fs=1&playsinline=0&autohide=2&theme=dark&color=red&controls=1&disablekb=0&\" class=\"__youtube_prefs__  no-lazyload\" title=\"YouTube player\"  allow=\"fullscreen; accelerometer; autoplay; clipboard-write; encrypted-media; gyroscope; picture-in-picture; web-share\" referrerpolicy=\"strict-origin-when-cross-origin\" allowfullscreen data-no-lazy=\"1\" data-skipgform_ajax_framebjll=\"\"><\/iframe><\/div>","protected":false},"excerpt":{"rendered":"<p>Important Fon Janus <a href=\"https:\/\/evebegalli.com\/en\/2020\/01\/07\/3476\/\">Bocio<\/a> utilis\u00e9 dans le culte <a href=\"https:\/\/evebegalli.com\/en\/2020\/01\/07\/le-vodun\/\">voodoo<\/a>. Ce <a href=\"https:\/\/evebegalli.com\/en\/2020\/01\/07\/3476\/\">Bocio<\/a> est un f\u00e9tiche protecteur pour une m\u00e8re et ses deux enfants. Les enfants sont \u00e9troitement li\u00e9s au torse de la m\u00e8re avec des liens en tissus et entour\u00e9s par une puissante accumulation d&rsquo;objets magiques tel qu&rsquo;un paquet de cadenas, cordelettes, collier de perles. Les cadenas servent \u00e0 \u00ab\u00a0enfermer\u00a0\u00bb les forces du mal. Le cauris attach\u00e9 \u00e0 la base symbolise le pouvoir. Beaux visages expressifs aux yeux en cauris, avec importante patine sacrificielle de sang animal s\u00e9ch\u00e9 recouverte de pigments bleus de lessive. La sculpture \u00e0 deux visage t\u00e9moigne de sa vigilance accrue et d&rsquo;une capacit\u00e9 sensorielle aigu\u00eb, elle est utilis\u00e9e souvent pour le gardiennage ou pour contrer ou effectuer un acte de sorcellerie.<\/p>\n<p><strong>Origin<\/strong><br \/>\nEx Collection Marc Aguirregabiria (1959 &#8211; 2017), Argentan<br \/>\nOrne Ench\u00e8res \u2013 Apr\u00e8s succession \u2013 Collection Marc Aguirregabiria \u2013 \u00a0<em>Vente d\u2019un cabinet de curiosit\u00e9s Arts Africains et Oc\u00e9aniens &#8211; Objets du Culte Vaudou,<\/em> 2 f\u00e9vrier 2019 Alen\u00e7on<br \/>\nCollection Eve Begalli, Grenoble,\u00a0acquis lors de cette vente<\/p>\n<p><a href=\"https:\/\/www.ouest-france.fr\/normandie\/argentan-61200\/argentan-350-objets-d-art-africain-sortent-d-un-cabinet-de-curiosites-6207909\">https:\/\/www.ouest-france.fr\/normandie\/argentan-61200\/argentan-350-objets-d-art-africain-sortent-d-un-cabinet-de-curiosites-6207909<\/a><\/p>","protected":false},"featured_media":2552,"template":"","meta":{"_exactmetrics_skip_tracking":false,"_exactmetrics_sitenote_active":false,"_exactmetrics_sitenote_note":"","_exactmetrics_sitenote_category":0,"neve_meta_sidebar":"","neve_meta_container":"","neve_meta_enable_content_width":"on","neve_meta_content_width":100,"neve_meta_title_alignment":"","neve_meta_author_avatar":"","neve_post_elements_order":"","neve_meta_disable_header":"","neve_meta_disable_footer":"","neve_meta_disable_title":"","_themeisle_gutenberg_block_has_review":false},"product_brand":[],"product_cat":[27],"product_tag":[],"class_list":{"0":"post-2539","1":"product","2":"type-product","3":"status-publish","4":"has-post-thumbnail","6":"product_cat-statues","7":"pa_dimensions-h-44cm","8":"pa_epoque-circa-1950","9":"pa_ethnie-fon","10":"pa_materiaux-bois-cadenas-chainettes-cauris-tissus-sang-animal-fibres-vegetales-perles-pigments","11":"pa_pays-benin","13":"first","14":"outofstock","15":"sold-individually","16":"taxable","17":"shipping-taxable","18":"product-type-simple","19":"add-to-wishlist-before_image"},"_links":{"self":[{"href":"https:\/\/evebegalli.com\/en\/wp-json\/wp\/v2\/product\/2539","targetHints":{"allow":["GET"]}}],"collection":[{"href":"https:\/\/evebegalli.com\/en\/wp-json\/wp\/v2\/product"}],"about":[{"href":"https:\/\/evebegalli.com\/en\/wp-json\/wp\/v2\/types\/product"}],"version-history":[{"count":0,"href":"https:\/\/evebegalli.com\/en\/wp-json\/wp\/v2\/product\/2539\/revisions"}],"wp:featuredmedia":[{"embeddable":true,"href":"https:\/\/evebegalli.com\/en\/wp-json\/wp\/v2\/media\/2552"}],"wp:attachment":[{"href":"https:\/\/evebegalli.com\/en\/wp-json\/wp\/v2\/media?parent=2539"}],"wp:term":[{"taxonomy":"product_brand","embeddable":true,"href":"https:\/\/evebegalli.com\/en\/wp-json\/wp\/v2\/product_brand?post=2539"},{"taxonomy":"product_cat","embeddable":true,"href":"https:\/\/evebegalli.com\/en\/wp-json\/wp\/v2\/product_cat?post=2539"},{"taxonomy":"product_tag","embeddable":true,"href":"https:\/\/evebegalli.com\/en\/wp-json\/wp\/v2\/product_tag?post=2539"}],"curies":[{"name":"wp","href":"https:\/\/api.w.org\/{rel}","templated":true}]}}