{"id":2292,"date":"2019-11-24T10:24:30","date_gmt":"2019-11-24T10:24:30","guid":{"rendered":"https:\/\/evebegalli.com\/?post_type=product&#038;p=2292"},"modified":"2023-01-02T11:42:06","modified_gmt":"2023-01-02T11:42:06","slug":"statue-bambara-maternite-bamana-mali","status":"publish","type":"product","link":"https:\/\/evebegalli.com\/en\/product\/statue-bambara-maternite-bamana-mali\/","title":{"rendered":"Statue Maternit\u00e9 Bamana, Gwandusu, Mali"},"content":{"rendered":"<div class=\"epyt-video-wrapper\"><iframe  id=\"_ytid_42252\"  width=\"1200\" height=\"675\"  data-origwidth=\"1200\" data-origheight=\"675\" src=\"https:\/\/www.youtube.com\/embed\/LOcIT82APbg?enablejsapi=1&autoplay=0&cc_load_policy=0&cc_lang_pref=&iv_load_policy=1&loop=0&rel=0&fs=1&playsinline=0&autohide=2&theme=dark&color=red&controls=1&disablekb=0&\" class=\"__youtube_prefs__  no-lazyload\" title=\"YouTube player\"  allow=\"fullscreen; accelerometer; autoplay; clipboard-write; encrypted-media; gyroscope; picture-in-picture; web-share\" referrerpolicy=\"strict-origin-when-cross-origin\" allowfullscreen data-no-lazy=\"1\" data-skipgform_ajax_framebjll=\"\"><\/iframe><\/div>","protected":false},"excerpt":{"rendered":"<p>Grande statue d&rsquo;une m\u00e8re assise dont les bras serrent \u00e9troitement son enfant sous une ample poitrine. La forme est solide, compacte, \u00e9vocatrice de stabilit\u00e9 et \u00e9quilibre.<br \/>\nLes notions de beaut\u00e9 Bamana sont \u00e9voqu\u00e9es dans cette figure de m\u00e8re et d\u2019enfant. La figure fait partie d&rsquo;un corpus de grandes sculptures relativement naturalistes dont les volumes arrondis et la vari\u00e9t\u00e9 des gestes s&rsquo;\u00e9cartent des formes angulaires et des postures raides caract\u00e9ristiques de nombreux autres types de sculptures Bamana.<br \/>\nLa sculpture est dot\u00e9 d&rsquo;une g\u00e9n\u00e9reuse poitrine conique, arbore une haute coiffure en forme de cr\u00eate, trois nattes qui descendent sur les \u00e9paules et dans le dos. Le visage serein aux paupi\u00e8res baiss\u00e9es, le long nez fin et la petite bouche, s&rsquo;inscrit dans une forme de c\u0153ur. Elle maintient son enfant au-dessus d&rsquo;un nombril saillant, et arbore une fine ceinture sculpt\u00e9e qui \u00e9voque la ceinture perl\u00e9e dont les femmes l&rsquo;habillent au cours du rituel. Tout comme le bandeau sculpt\u00e9 sur le front. Le haut des bras est orn\u00e9 de bracelets sculpt\u00e9s.<br \/>\nLa belle patine grasse, brune nuanc\u00e9e t\u00e9moigne d&rsquo;une grande anciennet\u00e9.<\/p>\n<p><strong>Origin<\/strong><br \/>\nCollected in situ in 1950 by Gabriel Sala<br \/>\nEx Collection Safari Museum, ca. 1980 Montverdun<br \/>\nEx Collection Marc Cohen, Saint-Rapha\u00ebl, acquired in 2011<br \/>\nEve Begalli collection, Grenoble, acquired in 2015<\/p>\n<p><a href=\"https:\/\/www.pressreader.com\/monaco\/monaco-matin\/20161028\/281779923672562\">https:\/\/www.pressreader.com\/monaco\/monaco-matin\/20161028\/281779923672562<\/a><\/p>","protected":false},"featured_media":2294,"template":"","meta":{"_exactmetrics_skip_tracking":false,"_exactmetrics_sitenote_active":false,"_exactmetrics_sitenote_note":"","_exactmetrics_sitenote_category":0,"neve_meta_sidebar":"","neve_meta_container":"","neve_meta_enable_content_width":"on","neve_meta_content_width":100,"neve_meta_title_alignment":"","neve_meta_author_avatar":"","neve_post_elements_order":"","neve_meta_disable_header":"","neve_meta_disable_footer":"","neve_meta_disable_title":"","_themeisle_gutenberg_block_has_review":false},"product_brand":[],"product_cat":[27],"product_tag":[],"class_list":{"0":"post-2292","1":"product","2":"type-product","3":"status-publish","4":"has-post-thumbnail","6":"product_cat-statues","7":"pa_dimensions-h-83cm","8":"pa_epoque-circa-1930","9":"pa_ethnie-bamana","10":"pa_ethnie-bambara","11":"pa_materiaux-bois","12":"pa_pays-mali","14":"first","15":"outofstock","16":"sold-individually","17":"taxable","18":"shipping-taxable","19":"product-type-simple","20":"add-to-wishlist-before_image"},"_links":{"self":[{"href":"https:\/\/evebegalli.com\/en\/wp-json\/wp\/v2\/product\/2292","targetHints":{"allow":["GET"]}}],"collection":[{"href":"https:\/\/evebegalli.com\/en\/wp-json\/wp\/v2\/product"}],"about":[{"href":"https:\/\/evebegalli.com\/en\/wp-json\/wp\/v2\/types\/product"}],"version-history":[{"count":1,"href":"https:\/\/evebegalli.com\/en\/wp-json\/wp\/v2\/product\/2292\/revisions"}],"predecessor-version":[{"id":14993,"href":"https:\/\/evebegalli.com\/en\/wp-json\/wp\/v2\/product\/2292\/revisions\/14993"}],"wp:featuredmedia":[{"embeddable":true,"href":"https:\/\/evebegalli.com\/en\/wp-json\/wp\/v2\/media\/2294"}],"wp:attachment":[{"href":"https:\/\/evebegalli.com\/en\/wp-json\/wp\/v2\/media?parent=2292"}],"wp:term":[{"taxonomy":"product_brand","embeddable":true,"href":"https:\/\/evebegalli.com\/en\/wp-json\/wp\/v2\/product_brand?post=2292"},{"taxonomy":"product_cat","embeddable":true,"href":"https:\/\/evebegalli.com\/en\/wp-json\/wp\/v2\/product_cat?post=2292"},{"taxonomy":"product_tag","embeddable":true,"href":"https:\/\/evebegalli.com\/en\/wp-json\/wp\/v2\/product_tag?post=2292"}],"curies":[{"name":"wp","href":"https:\/\/api.w.org\/{rel}","templated":true}]}}