{"id":2218,"date":"2019-11-23T14:51:48","date_gmt":"2019-11-23T14:51:48","guid":{"rendered":"https:\/\/evebegalli.com\/?post_type=product&#038;p=2218"},"modified":"2023-12-25T17:05:27","modified_gmt":"2023-12-25T17:05:27","slug":"statue-feminine-senoufo-cote-divoire","status":"publish","type":"product","link":"https:\/\/evebegalli.com\/en\/product\/statue-feminine-senoufo-cote-divoire\/","title":{"rendered":"Statue F\u00e9minine Senoufo, C\u00f4te d&rsquo;Ivoire"},"content":{"rendered":"<p align=\"left\"><div class=\"epyt-video-wrapper\"><iframe  id=\"_ytid_70454\"  width=\"1200\" height=\"675\"  data-origwidth=\"1200\" data-origheight=\"675\" src=\"https:\/\/www.youtube.com\/embed\/SVtFipQynEM?enablejsapi=1&autoplay=0&cc_load_policy=0&cc_lang_pref=&iv_load_policy=1&loop=0&rel=0&fs=1&playsinline=0&autohide=2&theme=dark&color=red&controls=1&disablekb=0&\" class=\"__youtube_prefs__  no-lazyload\" title=\"YouTube player\"  allow=\"fullscreen; accelerometer; autoplay; clipboard-write; encrypted-media; gyroscope; picture-in-picture; web-share\" referrerpolicy=\"strict-origin-when-cross-origin\" allowfullscreen data-no-lazy=\"1\" data-skipgform_ajax_framebjll=\"\"><\/iframe><\/div><\/p>","protected":false},"excerpt":{"rendered":"<p>Statue f\u00e9minine Senoufo assise sur un petit si\u00e8ge \u00e0 quatre pieds, les jambes rondes, les grandes mains ouvertes autour de l&rsquo;abdomen et les jambes courtes retombent de l&rsquo;assise du si\u00e8ge selon les canons locaux. A l&rsquo;\u00e9cart du buste dessinant de profil une forme de triangle, les bras coud\u00e9s encadrent et d\u00e9signent \u00e0 la fois le nombril, symbole de lignage et de fertilit\u00e9. La rondeur du fessier imprime au dos une courbure significative, Les seins, accroch\u00e9s \u00e0 des \u00e9paules solides, s&rsquo;inscrivent \u00e0 l&rsquo;aplomb du visage. Le visage est longiforme au menton prognathe, les yeux sont clos sous des paupi\u00e8res arqu\u00e9es, la bouche est ouverte en point terminal de ce portrait inscrit dans un c\u0153ur. Surmontant le front haut, la coiffe est form\u00e9e d&rsquo;une haute cr\u00eate en croissant se terminant dans la nuque par une tresse et r\u00e9pond dans sa franche courbure \u00e0 la ligne courant de profil le long du menton. Un r\u00e9seau de scarifications orne le corps et le visage.<br \/>\nSuperbe patine profonde \u00e9rod\u00e9e, presque fossilis\u00e9e, faisant appara\u00eetre la veinure serr\u00e9e du bois dur. La patine brune-noire, rouge\u00e2tre par endroits, provient des applications de beurre de karit\u00e9 auxquelles proc\u00e9daient r\u00e9guli\u00e8rement les femmes lors des cultes afin d\u2019entretenir ce symbole ancestral de la f\u00e9minit\u00e9.<br \/>\nA signaler quelques fentes et traces d&rsquo;\u00e9rosion.<\/p>\n<p><strong>Origin<\/strong><br \/>\nCollect\u00e9e in situ en 1960 par Gabriel Sala<br \/>\nEx Collection Safari Museum, ca. 1980 Montverdun<br \/>\nEx Collection Marc Cohen, Saint-Rapha\u00ebl, acquired in 2011<br \/>\nEve Begalli collection, Grenoble, acquired in 2015<\/p>\n<p><a href=\"https:\/\/www.pressreader.com\/monaco\/monaco-matin\/20161028\/281779923672562\">https:\/\/www.pressreader.com\/monaco\/monaco-matin\/20161028\/281779923672562<\/a><\/p>","protected":false},"featured_media":2230,"template":"","meta":{"_exactmetrics_skip_tracking":false,"_exactmetrics_sitenote_active":false,"_exactmetrics_sitenote_note":"","_exactmetrics_sitenote_category":0,"neve_meta_sidebar":"","neve_meta_container":"","neve_meta_enable_content_width":"on","neve_meta_content_width":100,"neve_meta_title_alignment":"","neve_meta_author_avatar":"","neve_post_elements_order":"","neve_meta_disable_header":"","neve_meta_disable_footer":"","neve_meta_disable_title":"","_themeisle_gutenberg_block_has_review":false},"product_brand":[],"product_cat":[27],"product_tag":[],"class_list":{"0":"post-2218","1":"product","2":"type-product","3":"status-publish","4":"has-post-thumbnail","6":"product_cat-statues","7":"pa_dimensions-h-73-cm","8":"pa_epoque-circa-1950","9":"pa_ethnie-senoufo","10":"pa_materiaux-bois","11":"pa_pays-cote-divoire","13":"first","14":"outofstock","15":"sold-individually","16":"taxable","17":"shipping-taxable","18":"product-type-simple","19":"add-to-wishlist-before_image"},"_links":{"self":[{"href":"https:\/\/evebegalli.com\/en\/wp-json\/wp\/v2\/product\/2218","targetHints":{"allow":["GET"]}}],"collection":[{"href":"https:\/\/evebegalli.com\/en\/wp-json\/wp\/v2\/product"}],"about":[{"href":"https:\/\/evebegalli.com\/en\/wp-json\/wp\/v2\/types\/product"}],"version-history":[{"count":1,"href":"https:\/\/evebegalli.com\/en\/wp-json\/wp\/v2\/product\/2218\/revisions"}],"predecessor-version":[{"id":16509,"href":"https:\/\/evebegalli.com\/en\/wp-json\/wp\/v2\/product\/2218\/revisions\/16509"}],"wp:featuredmedia":[{"embeddable":true,"href":"https:\/\/evebegalli.com\/en\/wp-json\/wp\/v2\/media\/2230"}],"wp:attachment":[{"href":"https:\/\/evebegalli.com\/en\/wp-json\/wp\/v2\/media?parent=2218"}],"wp:term":[{"taxonomy":"product_brand","embeddable":true,"href":"https:\/\/evebegalli.com\/en\/wp-json\/wp\/v2\/product_brand?post=2218"},{"taxonomy":"product_cat","embeddable":true,"href":"https:\/\/evebegalli.com\/en\/wp-json\/wp\/v2\/product_cat?post=2218"},{"taxonomy":"product_tag","embeddable":true,"href":"https:\/\/evebegalli.com\/en\/wp-json\/wp\/v2\/product_tag?post=2218"}],"curies":[{"name":"wp","href":"https:\/\/api.w.org\/{rel}","templated":true}]}}