{"id":2008,"date":"2019-11-17T16:31:56","date_gmt":"2019-11-17T16:31:56","guid":{"rendered":"https:\/\/evebegalli.com\/?post_type=product&#038;p=2008"},"modified":"2020-12-08T20:13:06","modified_gmt":"2020-12-08T20:13:06","slug":"statue-dogon-bras-leves-mali","status":"publish","type":"product","link":"https:\/\/evebegalli.com\/en\/product\/statue-dogon-bras-leves-mali\/","title":{"rendered":"Statue Dogon Nommo bras lev\u00e9s, Mali"},"content":{"rendered":"<div class=\"epyt-video-wrapper\"><iframe  id=\"_ytid_64084\"  width=\"1200\" height=\"675\"  data-origwidth=\"1200\" data-origheight=\"675\" src=\"https:\/\/www.youtube.com\/embed\/d5Wwdydpy8s?enablejsapi=1&autoplay=0&cc_load_policy=0&cc_lang_pref=&iv_load_policy=1&loop=0&rel=0&fs=1&playsinline=0&autohide=2&theme=dark&color=red&controls=1&disablekb=0&\" class=\"__youtube_prefs__  no-lazyload\" title=\"YouTube player\"  allow=\"fullscreen; accelerometer; autoplay; clipboard-write; encrypted-media; gyroscope; picture-in-picture; web-share\" referrerpolicy=\"strict-origin-when-cross-origin\" allowfullscreen data-no-lazy=\"1\" data-skipgform_ajax_framebjll=\"\"><\/iframe><\/div>","protected":false},"excerpt":{"rendered":"<p>Grande statue d&rsquo;ancetre <a href=\"https:\/\/evebegalli.com\/en\/2020\/02\/09\/les-dogon\/\" target=\"_blank\" rel=\"noopener noreferrer\">Dogon<\/a>, le Nommo, repr\u00e9sentant un personnage androgyne debout sur une base circulaire bomb\u00e9e, dans la position rituelle d&rsquo;imploration au dieu fondateur \u00ab\u00a0Amma\u00a0\u00bb, les bras lev\u00e9s, les deux mains ouvertes.<br \/>\nLa t\u00eate pr\u00e9sente cette forme tout \u00e0 fait typique de la statuaire du Mali, en \u00ab cloche \u00bb au sommet d\u2019un long cou. <span class=\"tlid-translation translation\" lang=\"fr\"><span class=\"\" title=\"\">Le visage aux traits g\u00e9om\u00e9triques, oppose la face \u00e9troite domin\u00e9e par le nez long termin\u00e9 en pointe de fl\u00e8che, les yeux rapproch\u00e9s en amande, \u00e0 la profondeur de la t\u00eate vue de profil, soulign\u00e9e par les lignes convergentes de la barbe en collier et de la t\u00eate. <\/span><\/span><span class=\"tlid-translation translation\" lang=\"fr\"><span class=\"\" title=\"\">De l\u2019autre une barbe sculpt\u00e9 autour du visage sous une petite bouche protub\u00e9rante, d\u00e9note l\u2019aspect hermaphrodite de cette repr\u00e9sentation. <\/span><\/span>Sous le menton est pr\u00e9sent un \u00e9l\u00e9ment vertical, probablement un labret, ornementation traversant la l\u00e8vre inf\u00e9rieure. La sculpture est repr\u00e9sent\u00e9 avec un corps charnu, des jambes \u00e9paisses et muscl\u00e9es et des seins pendants plac\u00e9s tr\u00e8s haut au niveau des \u00e9paules. Le fessier et les hanches arrondies, l&rsquo;abdomen long en bulbe est marqu\u00e9 d&rsquo;un ombilic saillant. Les biceps et les poignets sont orn\u00e9s de bracelets sculpt\u00e9s en relief. Les pieds et les mains sont digit\u00e9s.<br \/>\nCette position classique est caract\u00e9ristique de la statuaire Tellem Dogon notamment par l&rsquo;utilisation des bras lev\u00e9s et des mains, comme l&rsquo;explique Marcel Griaule dans \u00ab\u00a0Masques Dogons\u00a0\u00bb et qui \u00e9voque l&rsquo;appel \u00e0 la pluie, les mains pouvant la demander ou la faire cesser, les bras dessinent une fourche comme les b\u00e2tons de pluie utilis\u00e9s \u00e0 chaque p\u00e9riode de s\u00e9cheresse.<br \/>\nSuperbe patine profonde \u00e9rod\u00e9e, presque fossilis\u00e9e, faisant appara\u00eetre la veinure serr\u00e9e du bois dur. Patine sacrificielle brune-noire avec des coulures de sangs (traces noires).<br \/>\nA signaler quelques fentes et une cassure au niveau de la base.<\/p>\n<p><strong>Origin<\/strong><br \/>\nCollect\u00e9e in situ en 1940 par Gabriel Sala<br \/>\nEx Collection Safari Museum, ca. 1980 Montverdun<br \/>\nEx Collection Marc Cohen, Saint-Rapha\u00ebl, acquired in 2011<br \/>\nEve Begalli collection, Grenoble, acquired in 2015<\/p>\n<p><a href=\"https:\/\/www.pressreader.com\/monaco\/monaco-matin\/20161028\/281779923672562\">https:\/\/www.pressreader.com\/monaco\/monaco-matin\/20161028\/281779923672562<\/a><\/p>","protected":false},"featured_media":2017,"template":"","meta":{"_exactmetrics_skip_tracking":false,"_exactmetrics_sitenote_active":false,"_exactmetrics_sitenote_note":"","_exactmetrics_sitenote_category":0,"neve_meta_sidebar":"","neve_meta_container":"","neve_meta_enable_content_width":"on","neve_meta_content_width":100,"neve_meta_title_alignment":"","neve_meta_author_avatar":"","neve_post_elements_order":"","neve_meta_disable_header":"","neve_meta_disable_footer":"","neve_meta_disable_title":"","_themeisle_gutenberg_block_has_review":false},"product_brand":[],"product_cat":[27],"product_tag":[],"class_list":{"0":"post-2008","1":"product","2":"type-product","3":"status-publish","4":"has-post-thumbnail","6":"product_cat-statues","7":"pa_dimensions-h-81cm","8":"pa_epoque-debut-du-xxeme-siecle","9":"pa_ethnie-dogon","10":"pa_materiaux-bois","11":"pa_pays-mali","13":"first","14":"outofstock","15":"sold-individually","16":"taxable","17":"shipping-taxable","18":"product-type-simple","19":"add-to-wishlist-before_image"},"_links":{"self":[{"href":"https:\/\/evebegalli.com\/en\/wp-json\/wp\/v2\/product\/2008","targetHints":{"allow":["GET"]}}],"collection":[{"href":"https:\/\/evebegalli.com\/en\/wp-json\/wp\/v2\/product"}],"about":[{"href":"https:\/\/evebegalli.com\/en\/wp-json\/wp\/v2\/types\/product"}],"version-history":[{"count":0,"href":"https:\/\/evebegalli.com\/en\/wp-json\/wp\/v2\/product\/2008\/revisions"}],"wp:featuredmedia":[{"embeddable":true,"href":"https:\/\/evebegalli.com\/en\/wp-json\/wp\/v2\/media\/2017"}],"wp:attachment":[{"href":"https:\/\/evebegalli.com\/en\/wp-json\/wp\/v2\/media?parent=2008"}],"wp:term":[{"taxonomy":"product_brand","embeddable":true,"href":"https:\/\/evebegalli.com\/en\/wp-json\/wp\/v2\/product_brand?post=2008"},{"taxonomy":"product_cat","embeddable":true,"href":"https:\/\/evebegalli.com\/en\/wp-json\/wp\/v2\/product_cat?post=2008"},{"taxonomy":"product_tag","embeddable":true,"href":"https:\/\/evebegalli.com\/en\/wp-json\/wp\/v2\/product_tag?post=2008"}],"curies":[{"name":"wp","href":"https:\/\/api.w.org\/{rel}","templated":true}]}}