{"id":1900,"date":"2019-11-15T09:23:33","date_gmt":"2019-11-15T09:23:33","guid":{"rendered":"https:\/\/evebegalli.com\/?post_type=product&#038;p=1900"},"modified":"2020-11-23T21:24:07","modified_gmt":"2020-11-23T21:24:07","slug":"cavalier-dogon-mali","status":"publish","type":"product","link":"https:\/\/evebegalli.com\/en\/product\/cavalier-dogon-mali\/","title":{"rendered":"Cavalier Dogon, Mali"},"content":{"rendered":"<div class=\"epyt-video-wrapper\"><iframe  id=\"_ytid_79517\"  width=\"1200\" height=\"675\"  data-origwidth=\"1200\" data-origheight=\"675\" src=\"https:\/\/www.youtube.com\/embed\/QXumNWZoGE4?enablejsapi=1&autoplay=0&cc_load_policy=0&cc_lang_pref=&iv_load_policy=1&loop=0&rel=0&fs=1&playsinline=0&autohide=2&theme=dark&color=red&controls=1&disablekb=0&\" class=\"__youtube_prefs__  no-lazyload\" title=\"YouTube player\"  allow=\"fullscreen; accelerometer; autoplay; clipboard-write; encrypted-media; gyroscope; picture-in-picture; web-share\" referrerpolicy=\"strict-origin-when-cross-origin\" allowfullscreen data-no-lazy=\"1\" data-skipgform_ajax_framebjll=\"\"><\/iframe><\/div>","protected":false},"excerpt":{"rendered":"<p>Tr\u00e8s beau contraste entre l\u2019\u00e9l\u00e9gance de la pose et l\u2019\u00e9paisse patine comme p\u00e9trifi\u00e9e par le temps, attestant la grande anciennet\u00e9 de cette statue d&rsquo;autel. Les bras longilignes encadrant le buste cambr\u00e9 accentuent le hi\u00e9ratisme du port de t\u00eate.<br \/>\nLa sculpture est caract\u00e9ris\u00e9e par certaines constantes de la statuaire dogon telles que la verticalit\u00e9 et la stylisation.<br \/>\nLe cavalier porte les insignes qui correspondent \u00e0 son origine et \u00e0 son statut : ornements, barbe, et coiffure. La barbe en collier caract\u00e9ristique des sages Dogon, h\u00e9rit\u00e9e de leurs pr\u00e9d\u00e9cesseurs les Tellem dans la r\u00e9gion de Bandiagara. Le cou du cavalier est par\u00e9 d\u2019un collier plastron. Il porte un fourreau destin\u00e9 \u00e0 contenir une dague de la main droite et tient une r\u00eane de la main gauche, celle-ci fix\u00e9e au museau de l&rsquo;animal par une large bride.<br \/>\nCette pi\u00e8ce est exceptionnelle par sa taille.\u00a0 C&rsquo;\u00e9tait un objet rituel de comm\u00e9moration des anc\u00eatres poss\u00e9d\u00e9 par un homme pour faire preuve de sa richesse et d&rsquo;\u00eatre pr\u00e9serv\u00e9 par les dieux.<br \/>\nLa sculpture est couverte d&rsquo;une \u00e9paisse patine noire huileuse, par endroits \u00e9rod\u00e9e, qui t\u00e9moigne d&rsquo;une manipulation r\u00e9p\u00e9t\u00e9e.<\/p>\n<p><strong>Origin<\/strong><br \/>\nCollect\u00e9e in situ en 1940 par Gabriel Sala<br \/>\nEx Collection Safari Museum, ca. 1980 Montverdun<br \/>\nEx Collection Marc Cohen, Saint-Rapha\u00ebl, acquired in 2011<br \/>\nEve Begalli collection, Grenoble, acquired in 2015<\/p>\n<div>\n<p><a href=\"https:\/\/www.pressreader.com\/monaco\/monaco-matin\/20161028\/281779923672562\">https:\/\/www.pressreader.com\/monaco\/monaco-matin\/20161028\/281779923672562<\/a><\/p>\n<\/div>","protected":false},"featured_media":1917,"template":"","meta":{"_exactmetrics_skip_tracking":false,"_exactmetrics_sitenote_active":false,"_exactmetrics_sitenote_note":"","_exactmetrics_sitenote_category":0,"neve_meta_sidebar":"","neve_meta_container":"","neve_meta_enable_content_width":"on","neve_meta_content_width":100,"neve_meta_title_alignment":"","neve_meta_author_avatar":"","neve_post_elements_order":"","neve_meta_disable_header":"","neve_meta_disable_footer":"","neve_meta_disable_title":"","_themeisle_gutenberg_block_has_review":false},"product_brand":[],"product_cat":[27],"product_tag":[],"class_list":{"0":"post-1900","1":"product","2":"type-product","3":"status-publish","4":"has-post-thumbnail","6":"product_cat-statues","7":"pa_dimensions-h-66cm","8":"pa_epoque-circa-1940","9":"pa_ethnie-dogon","10":"pa_materiaux-bois","11":"pa_pays-mali","13":"first","14":"outofstock","15":"sold-individually","16":"taxable","17":"shipping-taxable","18":"product-type-simple","19":"add-to-wishlist-before_image"},"_links":{"self":[{"href":"https:\/\/evebegalli.com\/en\/wp-json\/wp\/v2\/product\/1900","targetHints":{"allow":["GET"]}}],"collection":[{"href":"https:\/\/evebegalli.com\/en\/wp-json\/wp\/v2\/product"}],"about":[{"href":"https:\/\/evebegalli.com\/en\/wp-json\/wp\/v2\/types\/product"}],"version-history":[{"count":0,"href":"https:\/\/evebegalli.com\/en\/wp-json\/wp\/v2\/product\/1900\/revisions"}],"wp:featuredmedia":[{"embeddable":true,"href":"https:\/\/evebegalli.com\/en\/wp-json\/wp\/v2\/media\/1917"}],"wp:attachment":[{"href":"https:\/\/evebegalli.com\/en\/wp-json\/wp\/v2\/media?parent=1900"}],"wp:term":[{"taxonomy":"product_brand","embeddable":true,"href":"https:\/\/evebegalli.com\/en\/wp-json\/wp\/v2\/product_brand?post=1900"},{"taxonomy":"product_cat","embeddable":true,"href":"https:\/\/evebegalli.com\/en\/wp-json\/wp\/v2\/product_cat?post=1900"},{"taxonomy":"product_tag","embeddable":true,"href":"https:\/\/evebegalli.com\/en\/wp-json\/wp\/v2\/product_tag?post=1900"}],"curies":[{"name":"wp","href":"https:\/\/api.w.org\/{rel}","templated":true}]}}