{"id":18261,"date":"2025-09-22T14:08:37","date_gmt":"2025-09-22T14:08:37","guid":{"rendered":"https:\/\/evebegalli.com\/?post_type=product&#038;p=18261"},"modified":"2025-09-22T14:47:14","modified_gmt":"2025-09-22T14:47:14","slug":"masque-yoruba-nigeria","status":"publish","type":"product","link":"https:\/\/evebegalli.com\/en\/product\/masque-yoruba-nigeria\/","title":{"rendered":"Masque Yoruba, Nig\u00e9ria"},"content":{"rendered":"","protected":false},"excerpt":{"rendered":"<p>Impressionnant visage humain rehauss\u00e9 de kaolin et de peinture pr\u00e9sentant les exag\u00e9rations stylistiques classiques yorouba: yeux exorbit\u00e9s, bouche lippue, protub\u00e9rances faciales. <span dir=\"ltr\">Au cours des c\u00e9r\u00e9monies <\/span><span dir=\"ltr\">Egungun<\/span><span dir=\"ltr\">, culte\u00a0<\/span><span dir=\"ltr\">Yoruba<\/span><span dir=\"ltr\">\u00a0v\u00e9n\u00e9rant\u00a0<\/span><span dir=\"ltr\">les anc\u00eatres, le porteur de masque est \u00ab\u00a0poss\u00e9d\u00e9 par l\u2019esprit du d\u00e9funt\u00a0\u00bb revenu dans le monde\u00a0<\/span><span dir=\"ltr\">des vivants pour les aider \u00e0 r\u00e9soudre leurs difficult\u00e9s, t\u00e9moignant ainsi de la permanence du\u00a0<\/span><span dir=\"ltr\">r\u00f4le social des anc\u00eatres du lignage. La laideur physique repoussante exprim\u00e9e ici pourrait\u00a0<\/span><span dir=\"ltr\">refl\u00e9ter la laideur morale,\u00a0<\/span><span dir=\"ltr\">l\u2019\u00e9tranget\u00e9\u00a0<\/span><span dir=\"ltr\">d\u2019un anc\u00eatre immoral, et constituerait de ce point de vue\u00a0<\/span><span dir=\"ltr\">une v\u00e9ritable\u00a0<\/span><span dir=\"ltr\">all\u00e9gorie<\/span><span dir=\"ltr\">\u00a0des risques de la transgression. \u00a0<\/span><\/p>\n<p><strong>Origin<\/strong><br \/>\nEx private collection from the south of France.<\/p>","protected":false},"featured_media":18273,"template":"","meta":{"_exactmetrics_skip_tracking":false,"_exactmetrics_sitenote_active":false,"_exactmetrics_sitenote_note":"","_exactmetrics_sitenote_category":0,"neve_meta_sidebar":"","neve_meta_container":"","neve_meta_enable_content_width":"on","neve_meta_content_width":100,"neve_meta_title_alignment":"","neve_meta_author_avatar":"","neve_post_elements_order":"","neve_meta_disable_header":"","neve_meta_disable_footer":"","neve_meta_disable_title":"","_themeisle_gutenberg_block_has_review":false},"product_brand":[],"product_cat":[26],"product_tag":[],"class_list":{"0":"post-18261","1":"product","2":"type-product","3":"status-publish","4":"has-post-thumbnail","6":"product_cat-masques","7":"pa_dimensions-h-20-cm","8":"pa_epoque-ca-1950","9":"pa_ethnie-yoruba","10":"pa_materiaux-bois","11":"pa_materiaux-peinture","12":"pa_materiaux-pigments","13":"pa_pays-nigeria","15":"first","16":"instock","17":"sold-individually","18":"taxable","19":"shipping-taxable","20":"purchasable","21":"product-type-simple","22":"add-to-wishlist-before_image"},"_links":{"self":[{"href":"https:\/\/evebegalli.com\/en\/wp-json\/wp\/v2\/product\/18261","targetHints":{"allow":["GET"]}}],"collection":[{"href":"https:\/\/evebegalli.com\/en\/wp-json\/wp\/v2\/product"}],"about":[{"href":"https:\/\/evebegalli.com\/en\/wp-json\/wp\/v2\/types\/product"}],"version-history":[{"count":2,"href":"https:\/\/evebegalli.com\/en\/wp-json\/wp\/v2\/product\/18261\/revisions"}],"predecessor-version":[{"id":18275,"href":"https:\/\/evebegalli.com\/en\/wp-json\/wp\/v2\/product\/18261\/revisions\/18275"}],"wp:featuredmedia":[{"embeddable":true,"href":"https:\/\/evebegalli.com\/en\/wp-json\/wp\/v2\/media\/18273"}],"wp:attachment":[{"href":"https:\/\/evebegalli.com\/en\/wp-json\/wp\/v2\/media?parent=18261"}],"wp:term":[{"taxonomy":"product_brand","embeddable":true,"href":"https:\/\/evebegalli.com\/en\/wp-json\/wp\/v2\/product_brand?post=18261"},{"taxonomy":"product_cat","embeddable":true,"href":"https:\/\/evebegalli.com\/en\/wp-json\/wp\/v2\/product_cat?post=18261"},{"taxonomy":"product_tag","embeddable":true,"href":"https:\/\/evebegalli.com\/en\/wp-json\/wp\/v2\/product_tag?post=18261"}],"curies":[{"name":"wp","href":"https:\/\/api.w.org\/{rel}","templated":true}]}}