{"id":18250,"date":"2025-09-19T16:36:54","date_gmt":"2025-09-19T16:36:54","guid":{"rendered":"https:\/\/evebegalli.com\/?post_type=product&#038;p=18250"},"modified":"2025-09-19T17:43:56","modified_gmt":"2025-09-19T17:43:56","slug":"masque-ibibio-nigeria-2","status":"publish","type":"product","link":"https:\/\/evebegalli.com\/en\/product\/masque-ibibio-nigeria-2\/","title":{"rendered":"Masque Ibibio, Nig\u00e9ria"},"content":{"rendered":"","protected":false},"excerpt":{"rendered":"<p style=\"text-align: left;\">Grand masque expressif,\u00a0 sculpt\u00e9 dans du bois dur et enti\u00e8rement teint en noir. Il pr\u00e9sente un front bomb\u00e9, des yeux tubulaires sont plac\u00e9s pr\u00e8s du nez. La bouche est ouverte et surmont\u00e9e d&rsquo;une moustache. Une pi\u00e8ce magnifique, ancienne et tr\u00e8s impressionnante.<\/p>\n<p><strong>Origin<\/strong><br \/>\nEx private collection from the south of France.<\/p>","protected":false},"featured_media":18259,"template":"","meta":{"_exactmetrics_skip_tracking":false,"_exactmetrics_sitenote_active":false,"_exactmetrics_sitenote_note":"","_exactmetrics_sitenote_category":0,"neve_meta_sidebar":"","neve_meta_container":"","neve_meta_enable_content_width":"on","neve_meta_content_width":100,"neve_meta_title_alignment":"","neve_meta_author_avatar":"","neve_post_elements_order":"","neve_meta_disable_header":"","neve_meta_disable_footer":"","neve_meta_disable_title":"","_themeisle_gutenberg_block_has_review":false},"product_brand":[],"product_cat":[26],"product_tag":[],"class_list":{"0":"post-18250","1":"product","2":"type-product","3":"status-publish","4":"has-post-thumbnail","6":"product_cat-masques","7":"pa_dimensions-h-35-cm","8":"pa_epoque-circa-1960","9":"pa_ethnie-ibibio","10":"pa_materiaux-bois","11":"pa_materiaux-kaolin","12":"pa_materiaux-poils-animaux","13":"pa_pays-nigeria","15":"first","16":"instock","17":"sold-individually","18":"taxable","19":"shipping-taxable","20":"purchasable","21":"product-type-simple","22":"add-to-wishlist-before_image"},"_links":{"self":[{"href":"https:\/\/evebegalli.com\/en\/wp-json\/wp\/v2\/product\/18250","targetHints":{"allow":["GET"]}}],"collection":[{"href":"https:\/\/evebegalli.com\/en\/wp-json\/wp\/v2\/product"}],"about":[{"href":"https:\/\/evebegalli.com\/en\/wp-json\/wp\/v2\/types\/product"}],"version-history":[{"count":1,"href":"https:\/\/evebegalli.com\/en\/wp-json\/wp\/v2\/product\/18250\/revisions"}],"predecessor-version":[{"id":18260,"href":"https:\/\/evebegalli.com\/en\/wp-json\/wp\/v2\/product\/18250\/revisions\/18260"}],"wp:featuredmedia":[{"embeddable":true,"href":"https:\/\/evebegalli.com\/en\/wp-json\/wp\/v2\/media\/18259"}],"wp:attachment":[{"href":"https:\/\/evebegalli.com\/en\/wp-json\/wp\/v2\/media?parent=18250"}],"wp:term":[{"taxonomy":"product_brand","embeddable":true,"href":"https:\/\/evebegalli.com\/en\/wp-json\/wp\/v2\/product_brand?post=18250"},{"taxonomy":"product_cat","embeddable":true,"href":"https:\/\/evebegalli.com\/en\/wp-json\/wp\/v2\/product_cat?post=18250"},{"taxonomy":"product_tag","embeddable":true,"href":"https:\/\/evebegalli.com\/en\/wp-json\/wp\/v2\/product_tag?post=18250"}],"curies":[{"name":"wp","href":"https:\/\/api.w.org\/{rel}","templated":true}]}}