{"id":18142,"date":"2025-04-16T16:24:22","date_gmt":"2025-04-16T16:24:22","guid":{"rendered":"https:\/\/evebegalli.com\/?post_type=product&#038;p=18142"},"modified":"2025-04-16T22:07:40","modified_gmt":"2025-04-16T22:07:40","slug":"masque-kpan-baoule-cote-divoire","status":"publish","type":"product","link":"https:\/\/evebegalli.com\/en\/product\/masque-kpan-baoule-cote-divoire\/","title":{"rendered":"Masque Kpan Baoul\u00e9, C\u00f4te d&rsquo;Ivoire"},"content":{"rendered":"","protected":false},"excerpt":{"rendered":"<p>Beau et rare masque anthropomorphe en bois polychrome. Visage ovale finement scarifi\u00e9, le long nez fin se prolongeant dans les arcades sourcili\u00e8res, surmont\u00e9 d&rsquo;une haute coiffe natt\u00e9 trilob\u00e9 sur laquelle reposent deux \u00e9l\u00e9ments zoomorphes repr\u00e9sentant des volatiles. Les yeux en demi-cercles n&rsquo;\u00e9tant pas perc\u00e9s, le danseur regarde \u00e0 travers l&rsquo;orifice figurant la bouche. Une collerette d\u00e9cor\u00e9e en zigzag orne le bas du visage et au menton une petite barbe d\u00e9cor\u00e9e de stries parall\u00e8les.\u00a0 Le masque repose sur une large collerette de portage perc\u00e9e de trous de fixation de parure et de mors de prise buccal. Belle taille au revers du masque. Traces de portage \u00e0 l&rsquo;arri\u00e8re. Belle patine d&rsquo;usage avec des restes de couleur rouge.<\/p>\n<p>Traditionnellement recouverts de couleur rouge, ces masques apparaissaient au cours de la danse <em>goli<\/em>. Le village au complet participe \u00e0 cette festivit\u00e9, \u00e9galement organis\u00e9e pour les fun\u00e9railles. \u00c0 l\u2019occasion, on exhibe des masques lourds et volumineux. R\u00e9alis\u00e9es sp\u00e9cialement pour la f\u00eate, ces parures sont auparavant conserv\u00e9es \u00e0 l\u2019abri des regards, dans le sanctuaire de brousse. Ils sont huit \u2013 quatre paires de masques symbolisant le couple homme-femme \u2013 \u00e0 se succ\u00e9der deux par deux sur la piste, chacun port\u00e9 par un danseur. Fortement codifi\u00e9e, la c\u00e9r\u00e9monie gagne en puissance au cours de la journ\u00e9e. Apr\u00e8s les masques <em>kple kple<\/em> en forme de disque, viennent les <em>goli glen<\/em> zoomorphes, puis les <em>khan<\/em> pre coiff\u00e9s de petites cornes. Lorsque d\u00e9cline le jour, deux danseurs entrent en piste pour le clou du spectacle : ils portent les fameux masques <em>kpan<\/em>, dont la polychromie expressive permet de distinguer la femme de l\u2019homme. V\u00eatus de filets et de raphia, agitant des chasse-mouches, ils ex\u00e9cutent alors une danse lente et majestueuse, comme le rapporte Susan Vogel dans son ouvrage consacr\u00e9 \u00e0 L\u2019Art baoul\u00e9. Au-del\u00e0 de la joie de se divertir, la danse <em>goli<\/em> symbolise chez les Baoul\u00e9 leur conception du monde, la hi\u00e9rarchie inh\u00e9rente \u00e0 la soci\u00e9t\u00e9 et \u00e0 la nature.\u00a0 \u00ab\u00a0Le goli, assure Susan Vogel, pr\u00e9sente le monde baoul\u00e9 dans toute sa complexit\u00e9, enseigne les grandes divisions \u2013 homme et femme, brousse et village, le puissant et le subalterne\u00a0\u00bb&#8230;<\/p>\n<p>Si l&rsquo;on conna\u00eet un grand nombre de sculptures baoul\u00e9, surtout des statuettes, les masques Kpan, quant \u00e0 eux sont extr\u00eamement rares et leur corpus tr\u00e8s restreint.<br \/>\nPour conclure ce masque Kpan illustre l&rsquo;esth\u00e9tique Baoul\u00e9 au naturalisme magnifi\u00e9 dans les visages \u00ab\u00a0id\u00e9alis\u00e9s et pensifs, offrant le front haut de l&rsquo;intelligence \u00e9veill\u00e9e et les grands yeux baiss\u00e9s de la pr\u00e9sence respectueuse au monde\u00a0\u00bb ( S.Vogel, \u00ab\u00a0L&rsquo;art Baoul\u00e9.Du visible et de l&rsquo;invisible, 1997, p.141).<\/p>\n<p><strong>Origin<\/strong><br \/>\nEx private collection from the south of France.<\/p>","protected":false},"featured_media":18159,"template":"","meta":{"_exactmetrics_skip_tracking":false,"_exactmetrics_sitenote_active":false,"_exactmetrics_sitenote_note":"","_exactmetrics_sitenote_category":0,"neve_meta_sidebar":"","neve_meta_container":"","neve_meta_enable_content_width":"on","neve_meta_content_width":100,"neve_meta_title_alignment":"","neve_meta_author_avatar":"","neve_post_elements_order":"","neve_meta_disable_header":"","neve_meta_disable_footer":"","neve_meta_disable_title":"","_themeisle_gutenberg_block_has_review":false},"product_brand":[],"product_cat":[26],"product_tag":[],"class_list":{"0":"post-18142","1":"product","2":"type-product","3":"status-publish","4":"has-post-thumbnail","6":"product_cat-masques","7":"pa_dimensions-h-26-cm","8":"pa_epoque-premiere-moitie-du-xxeme-siecle","9":"pa_ethnie-baoule","10":"pa_materiaux-bois","11":"pa_materiaux-peinture","12":"pa_materiaux-pigments","13":"pa_pays-cote-divoire","15":"first","16":"instock","17":"sold-individually","18":"taxable","19":"shipping-taxable","20":"purchasable","21":"product-type-simple","22":"add-to-wishlist-before_image"},"_links":{"self":[{"href":"https:\/\/evebegalli.com\/en\/wp-json\/wp\/v2\/product\/18142","targetHints":{"allow":["GET"]}}],"collection":[{"href":"https:\/\/evebegalli.com\/en\/wp-json\/wp\/v2\/product"}],"about":[{"href":"https:\/\/evebegalli.com\/en\/wp-json\/wp\/v2\/types\/product"}],"version-history":[{"count":5,"href":"https:\/\/evebegalli.com\/en\/wp-json\/wp\/v2\/product\/18142\/revisions"}],"predecessor-version":[{"id":18165,"href":"https:\/\/evebegalli.com\/en\/wp-json\/wp\/v2\/product\/18142\/revisions\/18165"}],"wp:featuredmedia":[{"embeddable":true,"href":"https:\/\/evebegalli.com\/en\/wp-json\/wp\/v2\/media\/18159"}],"wp:attachment":[{"href":"https:\/\/evebegalli.com\/en\/wp-json\/wp\/v2\/media?parent=18142"}],"wp:term":[{"taxonomy":"product_brand","embeddable":true,"href":"https:\/\/evebegalli.com\/en\/wp-json\/wp\/v2\/product_brand?post=18142"},{"taxonomy":"product_cat","embeddable":true,"href":"https:\/\/evebegalli.com\/en\/wp-json\/wp\/v2\/product_cat?post=18142"},{"taxonomy":"product_tag","embeddable":true,"href":"https:\/\/evebegalli.com\/en\/wp-json\/wp\/v2\/product_tag?post=18142"}],"curies":[{"name":"wp","href":"https:\/\/api.w.org\/{rel}","templated":true}]}}