{"id":18120,"date":"2025-03-11T12:42:28","date_gmt":"2025-03-11T12:42:28","guid":{"rendered":"https:\/\/evebegalli.com\/?post_type=product&#038;p=18120"},"modified":"2025-03-11T15:00:56","modified_gmt":"2025-03-11T15:00:56","slug":"masque-yaoure-cote-divoire","status":"publish","type":"product","link":"https:\/\/evebegalli.com\/en\/product\/masque-yaoure-cote-divoire\/","title":{"rendered":"Masque Yaour\u00e9, C\u00f4te d&rsquo;Ivoire"},"content":{"rendered":"","protected":false},"excerpt":{"rendered":"<p>Tr\u00e8s ancien masque anthropo-zoomorphe en bois polychrome repr\u00e9sentant un visage humain surmont\u00e9 de cornes de buffle. Il se distingue par un long visage les paupi\u00e8res baiss\u00e9es en demi-cercle cr\u00e9ant un regard absorb\u00e9 dans une contemplation mystique, les l\u00e8vres pinc\u00e9es, une ligne en zig zag sur le front donne forme \u00e0 une coiffure trilob\u00e9, un menton \u00e9troit qui se prolonge dans un attribut \u00e9voquant une petite barbe.<br \/>\nBelle patine polychrome. Tr\u00e8s belle taille ancienne, traces de portage \u00e0 l&rsquo;arri\u00e8re. Trous de fixation de la coiffe sur le pourtour du masque.<\/p>\n<p><strong>Origin<\/strong><br \/>\nEx private collection from the south of France.<\/p>","protected":false},"featured_media":18134,"template":"","meta":{"_exactmetrics_skip_tracking":false,"_exactmetrics_sitenote_active":false,"_exactmetrics_sitenote_note":"","_exactmetrics_sitenote_category":0,"neve_meta_sidebar":"","neve_meta_container":"","neve_meta_enable_content_width":"on","neve_meta_content_width":100,"neve_meta_title_alignment":"","neve_meta_author_avatar":"","neve_post_elements_order":"","neve_meta_disable_header":"","neve_meta_disable_footer":"","neve_meta_disable_title":"","_themeisle_gutenberg_block_has_review":false},"product_brand":[],"product_cat":[26],"product_tag":[],"class_list":{"0":"post-18120","1":"product","2":"type-product","3":"status-publish","4":"has-post-thumbnail","6":"product_cat-masques","7":"pa_dimensions-h-35-cm","8":"pa_epoque-premiere-moitie-du-xxeme-siecle","9":"pa_ethnie-yaoure","10":"pa_materiaux-bois","11":"pa_materiaux-peinture","12":"pa_materiaux-pigments","13":"pa_pays-cote-divoire","15":"first","16":"instock","17":"sold-individually","18":"taxable","19":"shipping-taxable","20":"purchasable","21":"product-type-simple","22":"add-to-wishlist-before_image"},"_links":{"self":[{"href":"https:\/\/evebegalli.com\/en\/wp-json\/wp\/v2\/product\/18120","targetHints":{"allow":["GET"]}}],"collection":[{"href":"https:\/\/evebegalli.com\/en\/wp-json\/wp\/v2\/product"}],"about":[{"href":"https:\/\/evebegalli.com\/en\/wp-json\/wp\/v2\/types\/product"}],"version-history":[{"count":3,"href":"https:\/\/evebegalli.com\/en\/wp-json\/wp\/v2\/product\/18120\/revisions"}],"predecessor-version":[{"id":18137,"href":"https:\/\/evebegalli.com\/en\/wp-json\/wp\/v2\/product\/18120\/revisions\/18137"}],"wp:featuredmedia":[{"embeddable":true,"href":"https:\/\/evebegalli.com\/en\/wp-json\/wp\/v2\/media\/18134"}],"wp:attachment":[{"href":"https:\/\/evebegalli.com\/en\/wp-json\/wp\/v2\/media?parent=18120"}],"wp:term":[{"taxonomy":"product_brand","embeddable":true,"href":"https:\/\/evebegalli.com\/en\/wp-json\/wp\/v2\/product_brand?post=18120"},{"taxonomy":"product_cat","embeddable":true,"href":"https:\/\/evebegalli.com\/en\/wp-json\/wp\/v2\/product_cat?post=18120"},{"taxonomy":"product_tag","embeddable":true,"href":"https:\/\/evebegalli.com\/en\/wp-json\/wp\/v2\/product_tag?post=18120"}],"curies":[{"name":"wp","href":"https:\/\/api.w.org\/{rel}","templated":true}]}}