{"id":18067,"date":"2025-02-24T20:04:43","date_gmt":"2025-02-24T20:04:43","guid":{"rendered":"https:\/\/evebegalli.com\/?post_type=product&#038;p=18067"},"modified":"2025-02-24T20:52:42","modified_gmt":"2025-02-24T20:52:42","slug":"statue-lobi-lunkena-pale-burkina-faso","status":"publish","type":"product","link":"https:\/\/evebegalli.com\/en\/product\/statue-lobi-lunkena-pale-burkina-faso\/","title":{"rendered":"Statue Lobi, Lunkena Pale, Burkina Faso"},"content":{"rendered":"<p>&nbsp;<\/p>\n<p>&nbsp;<\/p>","protected":false},"excerpt":{"rendered":"<p>Grande statue Lobi repr\u00e9sentant un personnage f\u00e9minin debout avec les jambes fl\u00e9chies et les bras le long du corps. La remarquable ex\u00e9cution de cette \u0153uvre permet de proposer une attribution au sculpteur <em>Lunkena\u00a0 Pale (1911 &#8211; 1975)<\/em>, actif vers le milieu XXe si\u00e8cle et \u00e9l\u00e8ve du ma\u00eetre sculpteur <em>Sikire Kambire<\/em> <em>(1896 &#8211; 1963)<\/em>: les yeux marqu\u00e9s par des arcades en demi cercles, l&rsquo;ar\u00eate du nez fine et les narines larges, la bouche droite, les oreilles en forme de C. Belle patine d&rsquo;usage ancienne et incrust\u00e9e.<\/p>\n<p><strong>Origin<\/strong><br \/>\nEx private collection from the south of France.<\/p>","protected":false},"featured_media":18083,"template":"","meta":{"_exactmetrics_skip_tracking":false,"_exactmetrics_sitenote_active":false,"_exactmetrics_sitenote_note":"","_exactmetrics_sitenote_category":0,"neve_meta_sidebar":"","neve_meta_container":"","neve_meta_enable_content_width":"on","neve_meta_content_width":100,"neve_meta_title_alignment":"","neve_meta_author_avatar":"","neve_post_elements_order":"","neve_meta_disable_header":"","neve_meta_disable_footer":"","neve_meta_disable_title":"","_themeisle_gutenberg_block_has_review":false},"product_brand":[],"product_cat":[27],"product_tag":[],"class_list":{"0":"post-18067","1":"product","2":"type-product","3":"status-publish","4":"has-post-thumbnail","6":"product_cat-statues","7":"pa_dimensions-h-52cm","8":"pa_epoque-ca-1950","9":"pa_ethnie-lobi","10":"pa_materiaux-bois-patine-sacrificielle","11":"pa_pays-burkina-faso","13":"first","14":"instock","15":"sold-individually","16":"taxable","17":"shipping-taxable","18":"purchasable","19":"product-type-simple","20":"add-to-wishlist-before_image"},"_links":{"self":[{"href":"https:\/\/evebegalli.com\/en\/wp-json\/wp\/v2\/product\/18067","targetHints":{"allow":["GET"]}}],"collection":[{"href":"https:\/\/evebegalli.com\/en\/wp-json\/wp\/v2\/product"}],"about":[{"href":"https:\/\/evebegalli.com\/en\/wp-json\/wp\/v2\/types\/product"}],"version-history":[{"count":1,"href":"https:\/\/evebegalli.com\/en\/wp-json\/wp\/v2\/product\/18067\/revisions"}],"predecessor-version":[{"id":18084,"href":"https:\/\/evebegalli.com\/en\/wp-json\/wp\/v2\/product\/18067\/revisions\/18084"}],"wp:featuredmedia":[{"embeddable":true,"href":"https:\/\/evebegalli.com\/en\/wp-json\/wp\/v2\/media\/18083"}],"wp:attachment":[{"href":"https:\/\/evebegalli.com\/en\/wp-json\/wp\/v2\/media?parent=18067"}],"wp:term":[{"taxonomy":"product_brand","embeddable":true,"href":"https:\/\/evebegalli.com\/en\/wp-json\/wp\/v2\/product_brand?post=18067"},{"taxonomy":"product_cat","embeddable":true,"href":"https:\/\/evebegalli.com\/en\/wp-json\/wp\/v2\/product_cat?post=18067"},{"taxonomy":"product_tag","embeddable":true,"href":"https:\/\/evebegalli.com\/en\/wp-json\/wp\/v2\/product_tag?post=18067"}],"curies":[{"name":"wp","href":"https:\/\/api.w.org\/{rel}","templated":true}]}}