{"id":18019,"date":"2025-02-16T15:19:02","date_gmt":"2025-02-16T15:19:02","guid":{"rendered":"https:\/\/evebegalli.com\/?post_type=product&#038;p=18019"},"modified":"2025-02-19T21:21:49","modified_gmt":"2025-02-19T21:21:49","slug":"statuette-lobi-bateba-burkina-faso","status":"publish","type":"product","link":"https:\/\/evebegalli.com\/en\/product\/statuette-lobi-bateba-burkina-faso\/","title":{"rendered":"Statue Lobi bateba, Burkina Faso"},"content":{"rendered":"<p>&nbsp;<\/p>\n<p>&nbsp;<\/p>","protected":false},"excerpt":{"rendered":"<div class=\"long_desc\">Statuette\u00a0<em>bateba<\/em>\u00a0repr\u00e9sentant un personnage f\u00e9minin debout. Ses bras descendent droit plaqu\u00e9s le long du corps leur ligne se joignant \u00e0 celle des seins au niveau des \u00e9paules pour cr\u00e9er une belle stylisation, puis se plient l\u00e9g\u00e8rement aux coudes, ses mains reposant sur les hanches. Le nombril est protub\u00e9rant. Les jambes sont aussi l\u00e9g\u00e8rement repli\u00e9es. A la souplesse de la pose et \u00e0 la fluidit\u00e9 des membres r\u00e9pond ici la saisissante expressivit\u00e9 du visage, dont la force des traits stylis\u00e9s &#8211; larges yeux aux paupi\u00e8res baiss\u00e9es &#8211; nez droit &#8211; bouche g\u00e9om\u00e9trique en relief &#8211; semble enti\u00e8rement d\u00e9di\u00e9e \u00e0 l&rsquo;expression de l&rsquo;int\u00e9riorit\u00e9. Bois recouvert d\u2019une tr\u00e8s ancienne patine sacrificielle.<\/div>\n<p><strong>Origin<\/strong><br \/>\nEx private collection from the south of France.<\/p>","protected":false},"featured_media":18032,"template":"","meta":{"_exactmetrics_skip_tracking":false,"_exactmetrics_sitenote_active":false,"_exactmetrics_sitenote_note":"","_exactmetrics_sitenote_category":0,"neve_meta_sidebar":"","neve_meta_container":"","neve_meta_enable_content_width":"on","neve_meta_content_width":100,"neve_meta_title_alignment":"","neve_meta_author_avatar":"","neve_post_elements_order":"","neve_meta_disable_header":"","neve_meta_disable_footer":"","neve_meta_disable_title":"","_themeisle_gutenberg_block_has_review":false},"product_brand":[],"product_cat":[27],"product_tag":[],"class_list":{"0":"post-18019","1":"product","2":"type-product","3":"status-publish","4":"has-post-thumbnail","6":"product_cat-statues","7":"pa_dimensions-h-325-cm","8":"pa_epoque-ca-1950","9":"pa_ethnie-lobi","10":"pa_materiaux-bois-patine-sacrificielle","11":"pa_pays-burkina-faso","13":"first","14":"instock","15":"sold-individually","16":"taxable","17":"shipping-taxable","18":"purchasable","19":"product-type-simple","20":"add-to-wishlist-before_image"},"_links":{"self":[{"href":"https:\/\/evebegalli.com\/en\/wp-json\/wp\/v2\/product\/18019","targetHints":{"allow":["GET"]}}],"collection":[{"href":"https:\/\/evebegalli.com\/en\/wp-json\/wp\/v2\/product"}],"about":[{"href":"https:\/\/evebegalli.com\/en\/wp-json\/wp\/v2\/types\/product"}],"version-history":[{"count":8,"href":"https:\/\/evebegalli.com\/en\/wp-json\/wp\/v2\/product\/18019\/revisions"}],"predecessor-version":[{"id":18066,"href":"https:\/\/evebegalli.com\/en\/wp-json\/wp\/v2\/product\/18019\/revisions\/18066"}],"wp:featuredmedia":[{"embeddable":true,"href":"https:\/\/evebegalli.com\/en\/wp-json\/wp\/v2\/media\/18032"}],"wp:attachment":[{"href":"https:\/\/evebegalli.com\/en\/wp-json\/wp\/v2\/media?parent=18019"}],"wp:term":[{"taxonomy":"product_brand","embeddable":true,"href":"https:\/\/evebegalli.com\/en\/wp-json\/wp\/v2\/product_brand?post=18019"},{"taxonomy":"product_cat","embeddable":true,"href":"https:\/\/evebegalli.com\/en\/wp-json\/wp\/v2\/product_cat?post=18019"},{"taxonomy":"product_tag","embeddable":true,"href":"https:\/\/evebegalli.com\/en\/wp-json\/wp\/v2\/product_tag?post=18019"}],"curies":[{"name":"wp","href":"https:\/\/api.w.org\/{rel}","templated":true}]}}