{"id":17959,"date":"2025-02-03T10:42:23","date_gmt":"2025-02-03T10:42:23","guid":{"rendered":"https:\/\/evebegalli.com\/?post_type=product&#038;p=17959"},"modified":"2025-02-03T11:13:05","modified_gmt":"2025-02-03T11:13:05","slug":"statue-karaboro-burkina-faso","status":"publish","type":"product","link":"https:\/\/evebegalli.com\/en\/product\/statue-karaboro-burkina-faso\/","title":{"rendered":"Statue Karaboro, Burkina Faso"},"content":{"rendered":"","protected":false},"excerpt":{"rendered":"<p>Belle statue aux volumes anguleux. Les bras sont solidement articul\u00e9s aux \u00e9paules et \u00e0 la poitrine. Au niveau des jambes une succession de ligne bris\u00e9es particuli\u00e8rement dynamiques. La t\u00eate ovo\u00efde surplombe un visage aux traits anguleux qui poss\u00e8de une forte expressivit\u00e9 malgr\u00e9 le traitement \u00e9pur\u00e9. Belle patine rituelle cro\u00fbteuse.<\/p>\n<p><strong>Origin<\/strong><br \/>\nEx private collection from the south of France.<\/p>","protected":false},"featured_media":17977,"template":"","meta":{"_exactmetrics_skip_tracking":false,"_exactmetrics_sitenote_active":false,"_exactmetrics_sitenote_note":"","_exactmetrics_sitenote_category":0,"neve_meta_sidebar":"","neve_meta_container":"","neve_meta_enable_content_width":"on","neve_meta_content_width":100,"neve_meta_title_alignment":"","neve_meta_author_avatar":"","neve_post_elements_order":"","neve_meta_disable_header":"","neve_meta_disable_footer":"","neve_meta_disable_title":"","_themeisle_gutenberg_block_has_review":false},"product_brand":[],"product_cat":[27],"product_tag":[],"class_list":{"0":"post-17959","1":"product","2":"type-product","3":"status-publish","4":"has-post-thumbnail","6":"product_cat-statues","7":"pa_dimensions-h-28cm","8":"pa_epoque-premiere-moitie-du-xxeme-siecle","9":"pa_ethnie-karaboro","10":"pa_materiaux-bois-patine-sacrificielle","11":"pa_pays-burkina-faso","13":"first","14":"instock","15":"sold-individually","16":"taxable","17":"shipping-taxable","18":"purchasable","19":"product-type-simple","20":"add-to-wishlist-before_image"},"_links":{"self":[{"href":"https:\/\/evebegalli.com\/en\/wp-json\/wp\/v2\/product\/17959","targetHints":{"allow":["GET"]}}],"collection":[{"href":"https:\/\/evebegalli.com\/en\/wp-json\/wp\/v2\/product"}],"about":[{"href":"https:\/\/evebegalli.com\/en\/wp-json\/wp\/v2\/types\/product"}],"version-history":[{"count":3,"href":"https:\/\/evebegalli.com\/en\/wp-json\/wp\/v2\/product\/17959\/revisions"}],"predecessor-version":[{"id":17980,"href":"https:\/\/evebegalli.com\/en\/wp-json\/wp\/v2\/product\/17959\/revisions\/17980"}],"wp:featuredmedia":[{"embeddable":true,"href":"https:\/\/evebegalli.com\/en\/wp-json\/wp\/v2\/media\/17977"}],"wp:attachment":[{"href":"https:\/\/evebegalli.com\/en\/wp-json\/wp\/v2\/media?parent=17959"}],"wp:term":[{"taxonomy":"product_brand","embeddable":true,"href":"https:\/\/evebegalli.com\/en\/wp-json\/wp\/v2\/product_brand?post=17959"},{"taxonomy":"product_cat","embeddable":true,"href":"https:\/\/evebegalli.com\/en\/wp-json\/wp\/v2\/product_cat?post=17959"},{"taxonomy":"product_tag","embeddable":true,"href":"https:\/\/evebegalli.com\/en\/wp-json\/wp\/v2\/product_tag?post=17959"}],"curies":[{"name":"wp","href":"https:\/\/api.w.org\/{rel}","templated":true}]}}