{"id":17887,"date":"2025-01-16T15:18:55","date_gmt":"2025-01-16T15:18:55","guid":{"rendered":"https:\/\/evebegalli.com\/?post_type=product&#038;p=17887"},"modified":"2025-01-16T20:22:54","modified_gmt":"2025-01-16T20:22:54","slug":"statue-gouro-cote-divoire-2","status":"publish","type":"product","link":"https:\/\/evebegalli.com\/en\/product\/statue-gouro-cote-divoire-2\/","title":{"rendered":"Statue Gouro, C\u00f4te d&rsquo;ivoire"},"content":{"rendered":"","protected":false},"excerpt":{"rendered":"<p>Statuette colon atypique repr\u00e9sentant un personnage masculin aux lignes souples et naturalistes. Les jambes muscl\u00e9es soutiennent un buste longiligne. Les bras aux \u00e9paules rondes se prolongent en des mains joliment sculpt\u00e9es pos\u00e9es sur le bassin. Surmontant un long cou, le visage naturaliste, fin et expressif, les pommettes marqu\u00e9es de part et d&rsquo;autre d&rsquo;un nez l\u00e9g\u00e8rement aquilin, la bouche entrouverte. Belle coiffure soulign\u00e9e par une succession de chevrons sur plusieurs lignes. Superbe patine miel sublim\u00e9e par quelques restes d&rsquo;une profonde laque rouge.<\/p>\n<p><strong>Origin<\/strong><br \/>\nEx private collection from the south of France.<\/p>","protected":false},"featured_media":17906,"template":"","meta":{"_exactmetrics_skip_tracking":false,"_exactmetrics_sitenote_active":false,"_exactmetrics_sitenote_note":"","_exactmetrics_sitenote_category":0,"neve_meta_sidebar":"","neve_meta_container":"","neve_meta_enable_content_width":"on","neve_meta_content_width":100,"neve_meta_title_alignment":"","neve_meta_author_avatar":"","neve_post_elements_order":"","neve_meta_disable_header":"","neve_meta_disable_footer":"","neve_meta_disable_title":"","_themeisle_gutenberg_block_has_review":false},"product_brand":[],"product_cat":[27],"product_tag":[],"class_list":{"0":"post-17887","1":"product","2":"type-product","3":"status-publish","4":"has-post-thumbnail","6":"product_cat-statues","7":"pa_dimensions-h-28cm","8":"pa_epoque-circa-1940","9":"pa_ethnie-gouro","10":"pa_materiaux-bois","11":"pa_pays-cote-divoire","13":"first","14":"instock","15":"sold-individually","16":"taxable","17":"shipping-taxable","18":"purchasable","19":"product-type-simple","20":"add-to-wishlist-before_image"},"_links":{"self":[{"href":"https:\/\/evebegalli.com\/en\/wp-json\/wp\/v2\/product\/17887","targetHints":{"allow":["GET"]}}],"collection":[{"href":"https:\/\/evebegalli.com\/en\/wp-json\/wp\/v2\/product"}],"about":[{"href":"https:\/\/evebegalli.com\/en\/wp-json\/wp\/v2\/types\/product"}],"version-history":[{"count":5,"href":"https:\/\/evebegalli.com\/en\/wp-json\/wp\/v2\/product\/17887\/revisions"}],"predecessor-version":[{"id":17909,"href":"https:\/\/evebegalli.com\/en\/wp-json\/wp\/v2\/product\/17887\/revisions\/17909"}],"wp:featuredmedia":[{"embeddable":true,"href":"https:\/\/evebegalli.com\/en\/wp-json\/wp\/v2\/media\/17906"}],"wp:attachment":[{"href":"https:\/\/evebegalli.com\/en\/wp-json\/wp\/v2\/media?parent=17887"}],"wp:term":[{"taxonomy":"product_brand","embeddable":true,"href":"https:\/\/evebegalli.com\/en\/wp-json\/wp\/v2\/product_brand?post=17887"},{"taxonomy":"product_cat","embeddable":true,"href":"https:\/\/evebegalli.com\/en\/wp-json\/wp\/v2\/product_cat?post=17887"},{"taxonomy":"product_tag","embeddable":true,"href":"https:\/\/evebegalli.com\/en\/wp-json\/wp\/v2\/product_tag?post=17887"}],"curies":[{"name":"wp","href":"https:\/\/api.w.org\/{rel}","templated":true}]}}